{"id":1137,"date":"2023-11-17T19:03:45","date_gmt":"2023-11-17T18:03:45","guid":{"rendered":"https:\/\/laurasis.com\/?page_id=1137"},"modified":"2023-11-17T19:20:13","modified_gmt":"2023-11-17T18:20:13","slug":"qui-sommes-nous","status":"publish","type":"page","link":"https:\/\/laurasis.com\/index.php\/qui-sommes-nous\/","title":{"rendered":"Qui sommes-nous ?"},"content":{"rendered":"\n<ul class=\"wp-block-list\"><\/ul>\n\n\n\n<p style=\"font-size:20px\">\ud83c\uddeb\ud83c\uddf7 Nous sommes une petite entreprise familiale artisanale implant\u00e9e en Guadeloupe depuis le 07 octobre 2014.<\/p>\n\n\n\n<p style=\"font-size:20px\">Nous mettons au go\u00fbt du jour un savoir-faire, qui se transmet de g\u00e9n\u00e9ration en g\u00e9n\u00e9ration, dans la transformation des plantes et des fruits locaux, en produits cosm\u00e9tiques. Passionn\u00e9es de notre terroir, nous voulons \u00eatre les ambassadeurs de notre savoir-faire cr\u00e9ole en mati\u00e8re de bien-\u00eatre. <\/p>\n\n\n\n<p style=\"font-size:20px\">Laurasis Beaut\u00e9 Cr\u00e9ole vous propose des produits de qualit\u00e9, sans additifs sans conservateurs.<br>Elle vous propose de consommer de la cosm\u00e9tique diff\u00e9remment, \u00e0 savoir : le plus naturel possible.<br>Bonne visite dans notre oasis de produits de bien \u00eatre.<\/p>\n\n\n\n<p class=\"has-text-align-center\"><strong>________________<\/strong><\/p>\n\n\n\n<p style=\"font-size:20px\">\ud83c\uddfa\ud83c\uddf8  We are a small family business established in Guadeloupe since October 07, 2014.<br><br>We bring up to date a know-how, which is passed on from generation to generation in the transformation of local plants and fruits, into cosmetic products. Passionate about our land, we want to be the ambassadors of our Creole know-how in terms of well-being. <\/p>\n\n\n\n<p style=\"font-size:20px\">Laurasis Beaut\u00e9 Cr\u00e9ole offers you quality products, without additives or preservatives.<br>It proposes you to consume cosmetics differently, namely the most natural possible.<br>Enjoy your visit to our oasis of wellness products.<\/p>\n\n\n\n<p><\/p>\n\n\n<div class=\"wp-block-image\">\n<figure class=\"aligncenter size-full is-resized\"><img decoding=\"async\" src=\"https:\/\/laurasis.com\/wp-content\/uploads\/2023\/11\/Logo-Noel_2.jpg\" alt=\"\" class=\"wp-image-1145\" style=\"width:334px;height:auto\"\/><\/figure>\n<\/div>","protected":false},"excerpt":{"rendered":"<p>\ud83c\uddeb\ud83c\uddf7 Nous sommes une petite entreprise familiale artisanale implant\u00e9e en Guadeloupe depuis le 07 octobre 2014. Nous mettons au go\u00fbt du jour un savoir-faire, qui se transmet de g\u00e9n\u00e9ration en g\u00e9n\u00e9ration, dans la transformation des plantes et des fruits locaux, en produits cosm\u00e9tiques. Passionn\u00e9es de notre terroir, nous voulons \u00eatre les ambassadeurs de notre savoir-faire [&hellip;]<\/p>\n","protected":false},"author":2,"featured_media":0,"parent":0,"menu_order":0,"comment_status":"closed","ping_status":"closed","template":"","meta":{"footnotes":""},"class_list":["post-1137","page","type-page","status-publish","hentry"],"yoast_head":"<!-- This site is optimized with the Yoast SEO plugin v27.5 - https:\/\/yoast.com\/product\/yoast-seo-wordpress\/ -->\n<title>Qui sommes-nous ? - LAURASIS<\/title>\n<meta name=\"robots\" content=\"index, follow, max-snippet:-1, max-image-preview:large, max-video-preview:-1\" \/>\n<link rel=\"canonical\" href=\"https:\/\/laurasis.com\/index.php\/qui-sommes-nous\/\" \/>\n<meta property=\"og:locale\" content=\"fr_FR\" \/>\n<meta property=\"og:type\" content=\"article\" \/>\n<meta property=\"og:title\" content=\"Qui sommes-nous ? - LAURASIS\" \/>\n<meta property=\"og:description\" content=\"\ud83c\uddeb\ud83c\uddf7 Nous sommes une petite entreprise familiale artisanale implant\u00e9e en Guadeloupe depuis le 07 octobre 2014. Nous mettons au go\u00fbt du jour un savoir-faire, qui se transmet de g\u00e9n\u00e9ration en g\u00e9n\u00e9ration, dans la transformation des plantes et des fruits locaux, en produits cosm\u00e9tiques. Passionn\u00e9es de notre terroir, nous voulons \u00eatre les ambassadeurs de notre savoir-faire [&hellip;]\" \/>\n<meta property=\"og:url\" content=\"https:\/\/laurasis.com\/index.php\/qui-sommes-nous\/\" \/>\n<meta property=\"og:site_name\" content=\"LAURASIS\" \/>\n<meta property=\"article:modified_time\" content=\"2023-11-17T18:20:13+00:00\" \/>\n<meta property=\"og:image\" content=\"https:\/\/laurasis.com\/wp-content\/uploads\/2023\/11\/Logo-Noel_2.jpg\" \/>\n<meta name=\"twitter:card\" content=\"summary_large_image\" \/>\n<meta name=\"twitter:label1\" content=\"Dur\u00e9e de lecture estim\u00e9e\" \/>\n\t<meta name=\"twitter:data1\" content=\"1 minute\" \/>\n<script type=\"application\/ld+json\" class=\"yoast-schema-graph\">{\"@context\":\"https:\\\/\\\/schema.org\",\"@graph\":[{\"@type\":\"WebPage\",\"@id\":\"https:\\\/\\\/laurasis.com\\\/index.php\\\/qui-sommes-nous\\\/\",\"url\":\"https:\\\/\\\/laurasis.com\\\/index.php\\\/qui-sommes-nous\\\/\",\"name\":\"Qui sommes-nous ? - LAURASIS\",\"isPartOf\":{\"@id\":\"https:\\\/\\\/laurasis.com\\\/#website\"},\"primaryImageOfPage\":{\"@id\":\"https:\\\/\\\/laurasis.com\\\/index.php\\\/qui-sommes-nous\\\/#primaryimage\"},\"image\":{\"@id\":\"https:\\\/\\\/laurasis.com\\\/index.php\\\/qui-sommes-nous\\\/#primaryimage\"},\"thumbnailUrl\":\"https:\\\/\\\/laurasis.com\\\/wp-content\\\/uploads\\\/2023\\\/11\\\/Logo-Noel_2.jpg\",\"datePublished\":\"2023-11-17T18:03:45+00:00\",\"dateModified\":\"2023-11-17T18:20:13+00:00\",\"breadcrumb\":{\"@id\":\"https:\\\/\\\/laurasis.com\\\/index.php\\\/qui-sommes-nous\\\/#breadcrumb\"},\"inLanguage\":\"fr-FR\",\"potentialAction\":[{\"@type\":\"ReadAction\",\"target\":[\"https:\\\/\\\/laurasis.com\\\/index.php\\\/qui-sommes-nous\\\/\"]}]},{\"@type\":\"ImageObject\",\"inLanguage\":\"fr-FR\",\"@id\":\"https:\\\/\\\/laurasis.com\\\/index.php\\\/qui-sommes-nous\\\/#primaryimage\",\"url\":\"\",\"contentUrl\":\"\"},{\"@type\":\"BreadcrumbList\",\"@id\":\"https:\\\/\\\/laurasis.com\\\/index.php\\\/qui-sommes-nous\\\/#breadcrumb\",\"itemListElement\":[{\"@type\":\"ListItem\",\"position\":1,\"name\":\"Accueil\",\"item\":\"https:\\\/\\\/laurasis.com\\\/\"},{\"@type\":\"ListItem\",\"position\":2,\"name\":\"Qui sommes-nous ?\"}]},{\"@type\":\"WebSite\",\"@id\":\"https:\\\/\\\/laurasis.com\\\/#website\",\"url\":\"https:\\\/\\\/laurasis.com\\\/\",\"name\":\"LAURASIS\",\"description\":\"Laurais Beaut\u00e9 Cr\u00e9ole, une oasis de bien-\u00eatre.\",\"publisher\":{\"@id\":\"https:\\\/\\\/laurasis.com\\\/#organization\"},\"potentialAction\":[{\"@type\":\"SearchAction\",\"target\":{\"@type\":\"EntryPoint\",\"urlTemplate\":\"https:\\\/\\\/laurasis.com\\\/?s={search_term_string}\"},\"query-input\":{\"@type\":\"PropertyValueSpecification\",\"valueRequired\":true,\"valueName\":\"search_term_string\"}}],\"inLanguage\":\"fr-FR\"},{\"@type\":\"Organization\",\"@id\":\"https:\\\/\\\/laurasis.com\\\/#organization\",\"name\":\"Laurasis Beaut\u00e9 Cr\u00e9ole\",\"url\":\"https:\\\/\\\/laurasis.com\\\/\",\"logo\":{\"@type\":\"ImageObject\",\"inLanguage\":\"fr-FR\",\"@id\":\"https:\\\/\\\/laurasis.com\\\/#\\\/schema\\\/logo\\\/image\\\/\",\"url\":\"https:\\\/\\\/laurasis.com\\\/wp-content\\\/uploads\\\/2024\\\/06\\\/Logo-LBC-transparent.png\",\"contentUrl\":\"https:\\\/\\\/laurasis.com\\\/wp-content\\\/uploads\\\/2024\\\/06\\\/Logo-LBC-transparent.png\",\"width\":311,\"height\":169,\"caption\":\"Laurasis Beaut\u00e9 Cr\u00e9ole\"},\"image\":{\"@id\":\"https:\\\/\\\/laurasis.com\\\/#\\\/schema\\\/logo\\\/image\\\/\"},\"sameAs\":[\"https:\\\/\\\/www.instagram.com\\\/LAURASISBEAUTECREOLE\\\/\"]}]}<\/script>\n<!-- \/ Yoast SEO plugin. -->","yoast_head_json":{"title":"Qui sommes-nous ? - LAURASIS","robots":{"index":"index","follow":"follow","max-snippet":"max-snippet:-1","max-image-preview":"max-image-preview:large","max-video-preview":"max-video-preview:-1"},"canonical":"https:\/\/laurasis.com\/index.php\/qui-sommes-nous\/","og_locale":"fr_FR","og_type":"article","og_title":"Qui sommes-nous ? - LAURASIS","og_description":"\ud83c\uddeb\ud83c\uddf7 Nous sommes une petite entreprise familiale artisanale implant\u00e9e en Guadeloupe depuis le 07 octobre 2014. Nous mettons au go\u00fbt du jour un savoir-faire, qui se transmet de g\u00e9n\u00e9ration en g\u00e9n\u00e9ration, dans la transformation des plantes et des fruits locaux, en produits cosm\u00e9tiques. Passionn\u00e9es de notre terroir, nous voulons \u00eatre les ambassadeurs de notre savoir-faire [&hellip;]","og_url":"https:\/\/laurasis.com\/index.php\/qui-sommes-nous\/","og_site_name":"LAURASIS","article_modified_time":"2023-11-17T18:20:13+00:00","og_image":[{"url":"https:\/\/laurasis.com\/wp-content\/uploads\/2023\/11\/Logo-Noel_2.jpg","type":"","width":"","height":""}],"twitter_card":"summary_large_image","twitter_misc":{"Dur\u00e9e de lecture estim\u00e9e":"1 minute"},"schema":{"@context":"https:\/\/schema.org","@graph":[{"@type":"WebPage","@id":"https:\/\/laurasis.com\/index.php\/qui-sommes-nous\/","url":"https:\/\/laurasis.com\/index.php\/qui-sommes-nous\/","name":"Qui sommes-nous ? - LAURASIS","isPartOf":{"@id":"https:\/\/laurasis.com\/#website"},"primaryImageOfPage":{"@id":"https:\/\/laurasis.com\/index.php\/qui-sommes-nous\/#primaryimage"},"image":{"@id":"https:\/\/laurasis.com\/index.php\/qui-sommes-nous\/#primaryimage"},"thumbnailUrl":"https:\/\/laurasis.com\/wp-content\/uploads\/2023\/11\/Logo-Noel_2.jpg","datePublished":"2023-11-17T18:03:45+00:00","dateModified":"2023-11-17T18:20:13+00:00","breadcrumb":{"@id":"https:\/\/laurasis.com\/index.php\/qui-sommes-nous\/#breadcrumb"},"inLanguage":"fr-FR","potentialAction":[{"@type":"ReadAction","target":["https:\/\/laurasis.com\/index.php\/qui-sommes-nous\/"]}]},{"@type":"ImageObject","inLanguage":"fr-FR","@id":"https:\/\/laurasis.com\/index.php\/qui-sommes-nous\/#primaryimage","url":"","contentUrl":""},{"@type":"BreadcrumbList","@id":"https:\/\/laurasis.com\/index.php\/qui-sommes-nous\/#breadcrumb","itemListElement":[{"@type":"ListItem","position":1,"name":"Accueil","item":"https:\/\/laurasis.com\/"},{"@type":"ListItem","position":2,"name":"Qui sommes-nous ?"}]},{"@type":"WebSite","@id":"https:\/\/laurasis.com\/#website","url":"https:\/\/laurasis.com\/","name":"LAURASIS","description":"Laurais Beaut\u00e9 Cr\u00e9ole, une oasis de bien-\u00eatre.","publisher":{"@id":"https:\/\/laurasis.com\/#organization"},"potentialAction":[{"@type":"SearchAction","target":{"@type":"EntryPoint","urlTemplate":"https:\/\/laurasis.com\/?s={search_term_string}"},"query-input":{"@type":"PropertyValueSpecification","valueRequired":true,"valueName":"search_term_string"}}],"inLanguage":"fr-FR"},{"@type":"Organization","@id":"https:\/\/laurasis.com\/#organization","name":"Laurasis Beaut\u00e9 Cr\u00e9ole","url":"https:\/\/laurasis.com\/","logo":{"@type":"ImageObject","inLanguage":"fr-FR","@id":"https:\/\/laurasis.com\/#\/schema\/logo\/image\/","url":"https:\/\/laurasis.com\/wp-content\/uploads\/2024\/06\/Logo-LBC-transparent.png","contentUrl":"https:\/\/laurasis.com\/wp-content\/uploads\/2024\/06\/Logo-LBC-transparent.png","width":311,"height":169,"caption":"Laurasis Beaut\u00e9 Cr\u00e9ole"},"image":{"@id":"https:\/\/laurasis.com\/#\/schema\/logo\/image\/"},"sameAs":["https:\/\/www.instagram.com\/LAURASISBEAUTECREOLE\/"]}]}},"_links":{"self":[{"href":"https:\/\/laurasis.com\/index.php\/wp-json\/wp\/v2\/pages\/1137","targetHints":{"allow":["GET"]}}],"collection":[{"href":"https:\/\/laurasis.com\/index.php\/wp-json\/wp\/v2\/pages"}],"about":[{"href":"https:\/\/laurasis.com\/index.php\/wp-json\/wp\/v2\/types\/page"}],"author":[{"embeddable":true,"href":"https:\/\/laurasis.com\/index.php\/wp-json\/wp\/v2\/users\/2"}],"replies":[{"embeddable":true,"href":"https:\/\/laurasis.com\/index.php\/wp-json\/wp\/v2\/comments?post=1137"}],"version-history":[{"count":3,"href":"https:\/\/laurasis.com\/index.php\/wp-json\/wp\/v2\/pages\/1137\/revisions"}],"predecessor-version":[{"id":1146,"href":"https:\/\/laurasis.com\/index.php\/wp-json\/wp\/v2\/pages\/1137\/revisions\/1146"}],"wp:attachment":[{"href":"https:\/\/laurasis.com\/index.php\/wp-json\/wp\/v2\/media?parent=1137"}],"curies":[{"name":"wp","href":"https:\/\/api.w.org\/{rel}","templated":true}]}}