{"id":125,"date":"2019-01-21T15:59:17","date_gmt":"2019-01-21T14:59:17","guid":{"rendered":"http:\/\/laurasis.com\/?page_id=125"},"modified":"2021-07-30T21:34:43","modified_gmt":"2021-07-30T19:34:43","slug":"savons-aux-plantes","status":"publish","type":"page","link":"https:\/\/laurasis.com\/index.php\/savons-aux-plantes\/","title":{"rendered":"Savons aux plantes"},"content":{"rendered":"<div data-block-name=\"woocommerce\/product-category\" data-categories=\"[32]\" data-edit-mode=\"false\" data-rows=\"4\" class=\"wc-block-grid wp-block-product-category wp-block-woocommerce-product-category wc-block-product-category has-3-columns has-multiple-rows wp-block-woocommerce-product-category\"><ul class=\"wc-block-grid__products\"><li class=\"wc-block-grid__product\">\n\t\t\t\t<a href=\"https:\/\/laurasis.com\/index.php\/produit\/savon-myel-curcuma\/\" class=\"wc-block-grid__product-link\">\n\t\t\t\t\t\n\t\t\t\t\t<div class=\"wc-block-grid__product-image\"><img loading=\"lazy\" decoding=\"async\" width=\"324\" height=\"324\" src=\"https:\/\/laurasis.com\/wp-content\/uploads\/2025\/10\/Savon-Myel-et-Curcuma-324x324.png\" class=\"attachment-woocommerce_thumbnail size-woocommerce_thumbnail\" alt=\"Savon My\u00e8l &amp; Curcuma\" srcset=\"https:\/\/laurasis.com\/wp-content\/uploads\/2025\/10\/Savon-Myel-et-Curcuma-324x324.png 324w, https:\/\/laurasis.com\/wp-content\/uploads\/2025\/10\/Savon-Myel-et-Curcuma-150x150.png 150w, https:\/\/laurasis.com\/wp-content\/uploads\/2025\/10\/Savon-Myel-et-Curcuma-100x100.png 100w\" sizes=\"auto, (max-width: 324px) 100vw, 324px\" \/><\/div>\n\t\t\t\t\t<div class=\"wc-block-grid__product-title\">Savon My\u00e8l &amp; Curcuma<\/div>\n\t\t\t\t<\/a>\n\t\t\t\t<div class=\"wc-block-grid__product-price price\"><span class=\"woocommerce-Price-amount amount\">6.60<span class=\"woocommerce-Price-currencySymbol\">&euro;<\/span><\/span><\/div>\n\t\t\t\t\n\t\t\t\t<div class=\"wp-block-button wc-block-grid__product-add-to-cart\"><a href=\"\/index.php\/wp-json\/wp\/v2\/pages\/125?add-to-cart=1419\" aria-label=\"Ajouter au panier\u00a0: &ldquo;Savon My\u00e8l &amp; Curcuma&rdquo;\" data-quantity=\"1\" data-product_id=\"1419\" data-product_sku=\"\" data-price=\"6.6\" rel=\"nofollow\" class=\"wp-block-button__link  add_to_cart_button ajax_add_to_cart\">Ajouter au panier<\/a><\/div>\n\t\t\t<\/li><li class=\"wc-block-grid__product\">\n\t\t\t\t<a href=\"https:\/\/laurasis.com\/index.php\/produit\/le-savon-a-lavocat\/\" class=\"wc-block-grid__product-link\">\n\t\t\t\t\t\n\t\t\t\t\t<div class=\"wc-block-grid__product-image\"><img loading=\"lazy\" decoding=\"async\" width=\"324\" height=\"324\" src=\"https:\/\/laurasis.com\/wp-content\/uploads\/2025\/10\/IMG-20251013-WA0008-Photoroom-324x324.png\" class=\"attachment-woocommerce_thumbnail size-woocommerce_thumbnail\" alt=\"Savon \u00e0 l&#039;Avocat\" srcset=\"https:\/\/laurasis.com\/wp-content\/uploads\/2025\/10\/IMG-20251013-WA0008-Photoroom-324x324.png 324w, https:\/\/laurasis.com\/wp-content\/uploads\/2025\/10\/IMG-20251013-WA0008-Photoroom-150x150.png 150w, https:\/\/laurasis.com\/wp-content\/uploads\/2025\/10\/IMG-20251013-WA0008-Photoroom-100x100.png 100w\" sizes=\"auto, (max-width: 324px) 100vw, 324px\" \/><\/div>\n\t\t\t\t\t<div class=\"wc-block-grid__product-title\">Savon \u00e0 l&rsquo;Avocat<\/div>\n\t\t\t\t<\/a>\n\t\t\t\t<div class=\"wc-block-grid__product-price price\"><span class=\"woocommerce-Price-amount amount\">6.60<span class=\"woocommerce-Price-currencySymbol\">&euro;<\/span><\/span><\/div>\n\t\t\t\t\n\t\t\t\t<div class=\"wp-block-button wc-block-grid__product-add-to-cart\"><a href=\"\/index.php\/wp-json\/wp\/v2\/pages\/125?add-to-cart=336\" aria-label=\"Ajouter au panier\u00a0: &ldquo;Savon \u00e0 l&#039;Avocat&rdquo;\" data-quantity=\"1\" data-product_id=\"336\" data-product_sku=\"\" data-price=\"6.6\" rel=\"nofollow\" class=\"wp-block-button__link  add_to_cart_button ajax_add_to_cart\">Ajouter au panier<\/a><\/div>\n\t\t\t<\/li><li class=\"wc-block-grid__product\">\n\t\t\t\t<a href=\"https:\/\/laurasis.com\/index.php\/produit\/le-savon-aloes-vera\/\" class=\"wc-block-grid__product-link\">\n\t\t\t\t\t\n\t\t\t\t\t<div class=\"wc-block-grid__product-image\"><img loading=\"lazy\" decoding=\"async\" width=\"324\" height=\"324\" src=\"https:\/\/laurasis.com\/wp-content\/uploads\/woocommerce-placeholder.png\" class=\"woocommerce-placeholder wp-post-image\" alt=\"\" srcset=\"https:\/\/laurasis.com\/wp-content\/uploads\/woocommerce-placeholder.png 1200w, https:\/\/laurasis.com\/wp-content\/uploads\/woocommerce-placeholder-300x300.png 300w, https:\/\/laurasis.com\/wp-content\/uploads\/woocommerce-placeholder-1024x1024.png 1024w, https:\/\/laurasis.com\/wp-content\/uploads\/woocommerce-placeholder-150x150.png 150w, https:\/\/laurasis.com\/wp-content\/uploads\/woocommerce-placeholder-768x768.png 768w\" sizes=\"auto, (max-width: 324px) 100vw, 324px\" \/><\/div>\n\t\t\t\t\t<div class=\"wc-block-grid__product-title\">Savon Alo\u00e8s V\u00e9ra<\/div>\n\t\t\t\t<\/a>\n\t\t\t\t<div class=\"wc-block-grid__product-price price\"><span class=\"woocommerce-Price-amount amount\">6.60<span class=\"woocommerce-Price-currencySymbol\">&euro;<\/span><\/span><\/div>\n\t\t\t\t\n\t\t\t\t<div class=\"wp-block-button wc-block-grid__product-add-to-cart\"><a href=\"\/index.php\/wp-json\/wp\/v2\/pages\/125?add-to-cart=332\" aria-label=\"Ajouter au panier\u00a0: &ldquo;Savon Alo\u00e8s V\u00e9ra&rdquo;\" data-quantity=\"1\" data-product_id=\"332\" data-product_sku=\"\" data-price=\"6.6\" rel=\"nofollow\" class=\"wp-block-button__link  add_to_cart_button ajax_add_to_cart\">Ajouter au panier<\/a><\/div>\n\t\t\t<\/li><li class=\"wc-block-grid__product\">\n\t\t\t\t<a href=\"https:\/\/laurasis.com\/index.php\/produit\/le-savon-au-dartrier-dattie\/\" class=\"wc-block-grid__product-link\">\n\t\t\t\t\t\n\t\t\t\t\t<div class=\"wc-block-grid__product-image\"><img loading=\"lazy\" decoding=\"async\" width=\"324\" height=\"324\" src=\"https:\/\/laurasis.com\/wp-content\/uploads\/2025\/10\/Savon-au-Datye-1-324x324.png\" class=\"attachment-woocommerce_thumbnail size-woocommerce_thumbnail\" alt=\"Savon &quot;Daty\u00e9&quot; (au Dartrier)\" srcset=\"https:\/\/laurasis.com\/wp-content\/uploads\/2025\/10\/Savon-au-Datye-1-324x324.png 324w, https:\/\/laurasis.com\/wp-content\/uploads\/2025\/10\/Savon-au-Datye-1-150x150.png 150w, https:\/\/laurasis.com\/wp-content\/uploads\/2025\/10\/Savon-au-Datye-1-100x100.png 100w\" sizes=\"auto, (max-width: 324px) 100vw, 324px\" \/><\/div>\n\t\t\t\t\t<div class=\"wc-block-grid__product-title\">Savon \u00ab\u00a0Daty\u00e9\u00a0\u00bb (au Dartrier)<\/div>\n\t\t\t\t<\/a>\n\t\t\t\t<div class=\"wc-block-grid__product-price price\"><span class=\"woocommerce-Price-amount amount\">6.60<span class=\"woocommerce-Price-currencySymbol\">&euro;<\/span><\/span><\/div>\n\t\t\t\t\n\t\t\t\t<div class=\"wp-block-button wc-block-grid__product-add-to-cart\"><a href=\"\/index.php\/wp-json\/wp\/v2\/pages\/125?add-to-cart=330\" aria-label=\"Ajouter au panier\u00a0: &ldquo;Savon &quot;Daty\u00e9&quot; (au Dartrier)&rdquo;\" data-quantity=\"1\" data-product_id=\"330\" data-product_sku=\"\" data-price=\"6.6\" rel=\"nofollow\" class=\"wp-block-button__link  add_to_cart_button ajax_add_to_cart\">Ajouter au panier<\/a><\/div>\n\t\t\t<\/li><li class=\"wc-block-grid__product\">\n\t\t\t\t<a href=\"https:\/\/laurasis.com\/index.php\/produit\/le-savon-au-thym\/\" class=\"wc-block-grid__product-link\">\n\t\t\t\t\t\n\t\t\t\t\t<div class=\"wc-block-grid__product-image\"><img loading=\"lazy\" decoding=\"async\" width=\"324\" height=\"324\" src=\"https:\/\/laurasis.com\/wp-content\/uploads\/2025\/10\/Savon-au-Thym-324x324.png\" class=\"attachment-woocommerce_thumbnail size-woocommerce_thumbnail\" alt=\"Savon au Thym\" srcset=\"https:\/\/laurasis.com\/wp-content\/uploads\/2025\/10\/Savon-au-Thym-324x324.png 324w, https:\/\/laurasis.com\/wp-content\/uploads\/2025\/10\/Savon-au-Thym-150x150.png 150w, https:\/\/laurasis.com\/wp-content\/uploads\/2025\/10\/Savon-au-Thym-100x100.png 100w\" sizes=\"auto, (max-width: 324px) 100vw, 324px\" \/><\/div>\n\t\t\t\t\t<div class=\"wc-block-grid__product-title\">Savon au Thym<\/div>\n\t\t\t\t<\/a>\n\t\t\t\t<div class=\"wc-block-grid__product-price price\"><span class=\"woocommerce-Price-amount amount\">6.60<span class=\"woocommerce-Price-currencySymbol\">&euro;<\/span><\/span><\/div>\n\t\t\t\t\n\t\t\t\t<div class=\"wp-block-button wc-block-grid__product-add-to-cart\"><a href=\"\/index.php\/wp-json\/wp\/v2\/pages\/125?add-to-cart=328\" aria-label=\"Ajouter au panier\u00a0: &ldquo;Savon au Thym&rdquo;\" data-quantity=\"1\" data-product_id=\"328\" data-product_sku=\"\" data-price=\"6.6\" rel=\"nofollow\" class=\"wp-block-button__link  add_to_cart_button ajax_add_to_cart\">Ajouter au panier<\/a><\/div>\n\t\t\t<\/li><li class=\"wc-block-grid__product\">\n\t\t\t\t<a href=\"https:\/\/laurasis.com\/index.php\/produit\/le-savon-cannelle-bois-dinde\/\" class=\"wc-block-grid__product-link\">\n\t\t\t\t\t\n\t\t\t\t\t<div class=\"wc-block-grid__product-image\"><img loading=\"lazy\" decoding=\"async\" width=\"324\" height=\"324\" src=\"https:\/\/laurasis.com\/wp-content\/uploads\/2025\/10\/IMG-20251013-WA0004-Photoroom-324x324.png\" class=\"attachment-woocommerce_thumbnail size-woocommerce_thumbnail\" alt=\"Savon Cannelle \/ Bois d&#039;Inde\" srcset=\"https:\/\/laurasis.com\/wp-content\/uploads\/2025\/10\/IMG-20251013-WA0004-Photoroom-324x324.png 324w, https:\/\/laurasis.com\/wp-content\/uploads\/2025\/10\/IMG-20251013-WA0004-Photoroom-150x150.png 150w, https:\/\/laurasis.com\/wp-content\/uploads\/2025\/10\/IMG-20251013-WA0004-Photoroom-100x100.png 100w\" sizes=\"auto, (max-width: 324px) 100vw, 324px\" \/><\/div>\n\t\t\t\t\t<div class=\"wc-block-grid__product-title\">Savon Cannelle \/ Bois d&rsquo;Inde<\/div>\n\t\t\t\t<\/a>\n\t\t\t\t<div class=\"wc-block-grid__product-price price\"><span class=\"woocommerce-Price-amount amount\">6.60<span class=\"woocommerce-Price-currencySymbol\">&euro;<\/span><\/span><\/div>\n\t\t\t\t\n\t\t\t\t<div class=\"wp-block-button wc-block-grid__product-add-to-cart\"><a href=\"\/index.php\/wp-json\/wp\/v2\/pages\/125?add-to-cart=325\" aria-label=\"Ajouter au panier\u00a0: &ldquo;Savon Cannelle \/ Bois d&#039;Inde&rdquo;\" data-quantity=\"1\" data-product_id=\"325\" data-product_sku=\"\" data-price=\"6.6\" rel=\"nofollow\" class=\"wp-block-button__link  add_to_cart_button ajax_add_to_cart\">Ajouter au panier<\/a><\/div>\n\t\t\t<\/li><li class=\"wc-block-grid__product\">\n\t\t\t\t<a href=\"https:\/\/laurasis.com\/index.php\/produit\/le-savon-au-bois-dinde\/\" class=\"wc-block-grid__product-link\">\n\t\t\t\t\t\n\t\t\t\t\t<div class=\"wc-block-grid__product-image\"><img loading=\"lazy\" decoding=\"async\" width=\"324\" height=\"324\" src=\"https:\/\/laurasis.com\/wp-content\/uploads\/2025\/10\/IMG-20251013-WA0001-Photoroom-324x324.png\" class=\"attachment-woocommerce_thumbnail size-woocommerce_thumbnail\" alt=\"Savon Dynamisant au Bois d&#039;Inde\" srcset=\"https:\/\/laurasis.com\/wp-content\/uploads\/2025\/10\/IMG-20251013-WA0001-Photoroom-324x324.png 324w, https:\/\/laurasis.com\/wp-content\/uploads\/2025\/10\/IMG-20251013-WA0001-Photoroom-150x150.png 150w, https:\/\/laurasis.com\/wp-content\/uploads\/2025\/10\/IMG-20251013-WA0001-Photoroom-100x100.png 100w\" sizes=\"auto, (max-width: 324px) 100vw, 324px\" \/><\/div>\n\t\t\t\t\t<div class=\"wc-block-grid__product-title\">Savon Dynamisant au Bois d&rsquo;Inde<\/div>\n\t\t\t\t<\/a>\n\t\t\t\t<div class=\"wc-block-grid__product-price price\"><span class=\"woocommerce-Price-amount amount\">6.60<span class=\"woocommerce-Price-currencySymbol\">&euro;<\/span><\/span><\/div>\n\t\t\t\t\n\t\t\t\t<div class=\"wp-block-button wc-block-grid__product-add-to-cart\"><a href=\"\/index.php\/wp-json\/wp\/v2\/pages\/125?add-to-cart=323\" aria-label=\"Ajouter au panier\u00a0: &ldquo;Savon Dynamisant au Bois d&#039;Inde&rdquo;\" data-quantity=\"1\" data-product_id=\"323\" data-product_sku=\"\" data-price=\"6.6\" rel=\"nofollow\" class=\"wp-block-button__link  add_to_cart_button ajax_add_to_cart\">Ajouter au panier<\/a><\/div>\n\t\t\t<\/li><li class=\"wc-block-grid__product\">\n\t\t\t\t<a href=\"https:\/\/laurasis.com\/index.php\/produit\/le-savon-soumake-lait-de-coco\/\" class=\"wc-block-grid__product-link\">\n\t\t\t\t\t\n\t\t\t\t\t<div class=\"wc-block-grid__product-image\"><img loading=\"lazy\" decoding=\"async\" width=\"324\" height=\"324\" src=\"https:\/\/laurasis.com\/wp-content\/uploads\/woocommerce-placeholder.png\" class=\"woocommerce-placeholder wp-post-image\" alt=\"\" srcset=\"https:\/\/laurasis.com\/wp-content\/uploads\/woocommerce-placeholder.png 1200w, https:\/\/laurasis.com\/wp-content\/uploads\/woocommerce-placeholder-300x300.png 300w, https:\/\/laurasis.com\/wp-content\/uploads\/woocommerce-placeholder-1024x1024.png 1024w, https:\/\/laurasis.com\/wp-content\/uploads\/woocommerce-placeholder-150x150.png 150w, https:\/\/laurasis.com\/wp-content\/uploads\/woocommerce-placeholder-768x768.png 768w\" sizes=\"auto, (max-width: 324px) 100vw, 324px\" \/><\/div>\n\t\t\t\t\t<div class=\"wc-block-grid__product-title\">Savon Soumak\u00e9 \/ Lait de Coco<\/div>\n\t\t\t\t<\/a>\n\t\t\t\t<div class=\"wc-block-grid__product-price price\"><span class=\"woocommerce-Price-amount amount\">6.60<span class=\"woocommerce-Price-currencySymbol\">&euro;<\/span><\/span><\/div>\n\t\t\t\t\n\t\t\t\t<div class=\"wp-block-button wc-block-grid__product-add-to-cart\"><a href=\"\/index.php\/wp-json\/wp\/v2\/pages\/125?add-to-cart=322\" aria-label=\"Ajouter au panier\u00a0: &ldquo;Savon Soumak\u00e9 \/ Lait de Coco&rdquo;\" data-quantity=\"1\" data-product_id=\"322\" data-product_sku=\"\" data-price=\"6.6\" rel=\"nofollow\" class=\"wp-block-button__link  add_to_cart_button ajax_add_to_cart\">Ajouter au panier<\/a><\/div>\n\t\t\t<\/li><li class=\"wc-block-grid__product\">\n\t\t\t\t<a href=\"https:\/\/laurasis.com\/index.php\/produit\/le-savon-au-soumake-aloes\/\" class=\"wc-block-grid__product-link\">\n\t\t\t\t\t\n\t\t\t\t\t<div class=\"wc-block-grid__product-image\"><img loading=\"lazy\" decoding=\"async\" width=\"324\" height=\"324\" src=\"https:\/\/laurasis.com\/wp-content\/uploads\/woocommerce-placeholder.png\" class=\"woocommerce-placeholder wp-post-image\" alt=\"\" srcset=\"https:\/\/laurasis.com\/wp-content\/uploads\/woocommerce-placeholder.png 1200w, https:\/\/laurasis.com\/wp-content\/uploads\/woocommerce-placeholder-300x300.png 300w, https:\/\/laurasis.com\/wp-content\/uploads\/woocommerce-placeholder-1024x1024.png 1024w, https:\/\/laurasis.com\/wp-content\/uploads\/woocommerce-placeholder-150x150.png 150w, https:\/\/laurasis.com\/wp-content\/uploads\/woocommerce-placeholder-768x768.png 768w\" sizes=\"auto, (max-width: 324px) 100vw, 324px\" \/><\/div>\n\t\t\t\t\t<div class=\"wc-block-grid__product-title\">Savon au Soumak\u00e9 \/ Alo\u00e8s<\/div>\n\t\t\t\t<\/a>\n\t\t\t\t<div class=\"wc-block-grid__product-price price\"><span class=\"woocommerce-Price-amount amount\">6.60<span class=\"woocommerce-Price-currencySymbol\">&euro;<\/span><\/span><\/div>\n\t\t\t\t\n\t\t\t\t<div class=\"wp-block-button wc-block-grid__product-add-to-cart\"><a href=\"\/index.php\/wp-json\/wp\/v2\/pages\/125?add-to-cart=321\" aria-label=\"Ajouter au panier\u00a0: &ldquo;Savon au Soumak\u00e9 \/ Alo\u00e8s&rdquo;\" data-quantity=\"1\" data-product_id=\"321\" data-product_sku=\"\" data-price=\"6.6\" rel=\"nofollow\" class=\"wp-block-button__link  add_to_cart_button ajax_add_to_cart\">Ajouter au panier<\/a><\/div>\n\t\t\t<\/li><li class=\"wc-block-grid__product\">\n\t\t\t\t<a href=\"https:\/\/laurasis.com\/index.php\/produit\/savon-gommant-a-lavocat\/\" class=\"wc-block-grid__product-link\">\n\t\t\t\t\t\n\t\t\t\t\t<div class=\"wc-block-grid__product-image\"><img loading=\"lazy\" decoding=\"async\" width=\"324\" height=\"324\" src=\"https:\/\/laurasis.com\/wp-content\/uploads\/woocommerce-placeholder.png\" class=\"woocommerce-placeholder wp-post-image\" alt=\"\" srcset=\"https:\/\/laurasis.com\/wp-content\/uploads\/woocommerce-placeholder.png 1200w, https:\/\/laurasis.com\/wp-content\/uploads\/woocommerce-placeholder-300x300.png 300w, https:\/\/laurasis.com\/wp-content\/uploads\/woocommerce-placeholder-1024x1024.png 1024w, https:\/\/laurasis.com\/wp-content\/uploads\/woocommerce-placeholder-150x150.png 150w, https:\/\/laurasis.com\/wp-content\/uploads\/woocommerce-placeholder-768x768.png 768w\" sizes=\"auto, (max-width: 324px) 100vw, 324px\" \/><\/div>\n\t\t\t\t\t<div class=\"wc-block-grid__product-title\">Savon Gommant \u00e0 l&rsquo;Avocat<\/div>\n\t\t\t\t<\/a>\n\t\t\t\t<div class=\"wc-block-grid__product-price price\"><span class=\"woocommerce-Price-amount amount\">6.60<span class=\"woocommerce-Price-currencySymbol\">&euro;<\/span><\/span><\/div>\n\t\t\t\t\n\t\t\t\t<div class=\"wp-block-button wc-block-grid__product-add-to-cart\"><a href=\"\/index.php\/wp-json\/wp\/v2\/pages\/125?add-to-cart=256\" aria-label=\"Ajouter au panier\u00a0: &ldquo;Savon Gommant \u00e0 l&#039;Avocat&rdquo;\" data-quantity=\"1\" data-product_id=\"256\" data-product_sku=\"\" data-price=\"6.6\" rel=\"nofollow\" class=\"wp-block-button__link  add_to_cart_button ajax_add_to_cart\">Ajouter au panier<\/a><\/div>\n\t\t\t<\/li><li class=\"wc-block-grid__product\">\n\t\t\t\t<a href=\"https:\/\/laurasis.com\/index.php\/produit\/savon-au-cafe\/\" class=\"wc-block-grid__product-link\">\n\t\t\t\t\t\n\t\t\t\t\t<div class=\"wc-block-grid__product-image\"><img loading=\"lazy\" decoding=\"async\" width=\"324\" height=\"324\" src=\"https:\/\/laurasis.com\/wp-content\/uploads\/2025\/10\/Savon-Exfoliant-au-cafe-324x324.png\" class=\"attachment-woocommerce_thumbnail size-woocommerce_thumbnail\" alt=\"Savon Exfoliant au Caf\u00e9\" srcset=\"https:\/\/laurasis.com\/wp-content\/uploads\/2025\/10\/Savon-Exfoliant-au-cafe-324x324.png 324w, https:\/\/laurasis.com\/wp-content\/uploads\/2025\/10\/Savon-Exfoliant-au-cafe-150x150.png 150w\" sizes=\"auto, (max-width: 324px) 100vw, 324px\" \/><\/div>\n\t\t\t\t\t<div class=\"wc-block-grid__product-title\">Savon Exfoliant au Caf\u00e9<\/div>\n\t\t\t\t<\/a>\n\t\t\t\t<div class=\"wc-block-grid__product-price price\"><span class=\"woocommerce-Price-amount amount\">6.60<span class=\"woocommerce-Price-currencySymbol\">&euro;<\/span><\/span><\/div>\n\t\t\t\t\n\t\t\t\t<div class=\"wp-block-button wc-block-grid__product-add-to-cart\"><a href=\"\/index.php\/wp-json\/wp\/v2\/pages\/125?add-to-cart=253\" aria-label=\"Ajouter au panier\u00a0: &ldquo;Savon Exfoliant au Caf\u00e9&rdquo;\" data-quantity=\"1\" data-product_id=\"253\" data-product_sku=\"\" data-price=\"6.6\" rel=\"nofollow\" class=\"wp-block-button__link  add_to_cart_button ajax_add_to_cart\">Ajouter au panier<\/a><\/div>\n\t\t\t<\/li><\/ul><\/div>","protected":false},"excerpt":{"rendered":"","protected":false},"author":2,"featured_media":0,"parent":0,"menu_order":0,"comment_status":"closed","ping_status":"closed","template":"","meta":{"footnotes":""},"class_list":["post-125","page","type-page","status-publish","hentry"],"yoast_head":"<!-- This site is optimized with the Yoast SEO plugin v27.5 - https:\/\/yoast.com\/product\/yoast-seo-wordpress\/ -->\n<title>Savons aux plantes - LAURASIS<\/title>\n<meta name=\"robots\" content=\"index, follow, max-snippet:-1, max-image-preview:large, max-video-preview:-1\" \/>\n<link rel=\"canonical\" href=\"https:\/\/laurasis.com\/index.php\/savons-aux-plantes\/\" \/>\n<meta property=\"og:locale\" content=\"fr_FR\" \/>\n<meta property=\"og:type\" content=\"article\" \/>\n<meta property=\"og:title\" content=\"Savons aux plantes - LAURASIS\" \/>\n<meta property=\"og:url\" content=\"https:\/\/laurasis.com\/index.php\/savons-aux-plantes\/\" \/>\n<meta property=\"og:site_name\" content=\"LAURASIS\" \/>\n<meta property=\"article:modified_time\" content=\"2021-07-30T19:34:43+00:00\" \/>\n<meta name=\"twitter:card\" content=\"summary_large_image\" \/>\n<script type=\"application\/ld+json\" class=\"yoast-schema-graph\">{\"@context\":\"https:\\\/\\\/schema.org\",\"@graph\":[{\"@type\":\"WebPage\",\"@id\":\"https:\\\/\\\/laurasis.com\\\/index.php\\\/savons-aux-plantes\\\/\",\"url\":\"https:\\\/\\\/laurasis.com\\\/index.php\\\/savons-aux-plantes\\\/\",\"name\":\"Savons aux plantes - LAURASIS\",\"isPartOf\":{\"@id\":\"https:\\\/\\\/laurasis.com\\\/#website\"},\"datePublished\":\"2019-01-21T14:59:17+00:00\",\"dateModified\":\"2021-07-30T19:34:43+00:00\",\"breadcrumb\":{\"@id\":\"https:\\\/\\\/laurasis.com\\\/index.php\\\/savons-aux-plantes\\\/#breadcrumb\"},\"inLanguage\":\"fr-FR\",\"potentialAction\":[{\"@type\":\"ReadAction\",\"target\":[\"https:\\\/\\\/laurasis.com\\\/index.php\\\/savons-aux-plantes\\\/\"]}]},{\"@type\":\"BreadcrumbList\",\"@id\":\"https:\\\/\\\/laurasis.com\\\/index.php\\\/savons-aux-plantes\\\/#breadcrumb\",\"itemListElement\":[{\"@type\":\"ListItem\",\"position\":1,\"name\":\"Accueil\",\"item\":\"https:\\\/\\\/laurasis.com\\\/\"},{\"@type\":\"ListItem\",\"position\":2,\"name\":\"Savons aux plantes\"}]},{\"@type\":\"WebSite\",\"@id\":\"https:\\\/\\\/laurasis.com\\\/#website\",\"url\":\"https:\\\/\\\/laurasis.com\\\/\",\"name\":\"LAURASIS\",\"description\":\"Laurais Beaut\u00e9 Cr\u00e9ole, une oasis de bien-\u00eatre.\",\"publisher\":{\"@id\":\"https:\\\/\\\/laurasis.com\\\/#organization\"},\"potentialAction\":[{\"@type\":\"SearchAction\",\"target\":{\"@type\":\"EntryPoint\",\"urlTemplate\":\"https:\\\/\\\/laurasis.com\\\/?s={search_term_string}\"},\"query-input\":{\"@type\":\"PropertyValueSpecification\",\"valueRequired\":true,\"valueName\":\"search_term_string\"}}],\"inLanguage\":\"fr-FR\"},{\"@type\":\"Organization\",\"@id\":\"https:\\\/\\\/laurasis.com\\\/#organization\",\"name\":\"Laurasis Beaut\u00e9 Cr\u00e9ole\",\"url\":\"https:\\\/\\\/laurasis.com\\\/\",\"logo\":{\"@type\":\"ImageObject\",\"inLanguage\":\"fr-FR\",\"@id\":\"https:\\\/\\\/laurasis.com\\\/#\\\/schema\\\/logo\\\/image\\\/\",\"url\":\"https:\\\/\\\/laurasis.com\\\/wp-content\\\/uploads\\\/2024\\\/06\\\/Logo-LBC-transparent.png\",\"contentUrl\":\"https:\\\/\\\/laurasis.com\\\/wp-content\\\/uploads\\\/2024\\\/06\\\/Logo-LBC-transparent.png\",\"width\":311,\"height\":169,\"caption\":\"Laurasis Beaut\u00e9 Cr\u00e9ole\"},\"image\":{\"@id\":\"https:\\\/\\\/laurasis.com\\\/#\\\/schema\\\/logo\\\/image\\\/\"},\"sameAs\":[\"https:\\\/\\\/www.instagram.com\\\/LAURASISBEAUTECREOLE\\\/\"]}]}<\/script>\n<!-- \/ Yoast SEO plugin. -->","yoast_head_json":{"title":"Savons aux plantes - LAURASIS","robots":{"index":"index","follow":"follow","max-snippet":"max-snippet:-1","max-image-preview":"max-image-preview:large","max-video-preview":"max-video-preview:-1"},"canonical":"https:\/\/laurasis.com\/index.php\/savons-aux-plantes\/","og_locale":"fr_FR","og_type":"article","og_title":"Savons aux plantes - LAURASIS","og_url":"https:\/\/laurasis.com\/index.php\/savons-aux-plantes\/","og_site_name":"LAURASIS","article_modified_time":"2021-07-30T19:34:43+00:00","twitter_card":"summary_large_image","schema":{"@context":"https:\/\/schema.org","@graph":[{"@type":"WebPage","@id":"https:\/\/laurasis.com\/index.php\/savons-aux-plantes\/","url":"https:\/\/laurasis.com\/index.php\/savons-aux-plantes\/","name":"Savons aux plantes - LAURASIS","isPartOf":{"@id":"https:\/\/laurasis.com\/#website"},"datePublished":"2019-01-21T14:59:17+00:00","dateModified":"2021-07-30T19:34:43+00:00","breadcrumb":{"@id":"https:\/\/laurasis.com\/index.php\/savons-aux-plantes\/#breadcrumb"},"inLanguage":"fr-FR","potentialAction":[{"@type":"ReadAction","target":["https:\/\/laurasis.com\/index.php\/savons-aux-plantes\/"]}]},{"@type":"BreadcrumbList","@id":"https:\/\/laurasis.com\/index.php\/savons-aux-plantes\/#breadcrumb","itemListElement":[{"@type":"ListItem","position":1,"name":"Accueil","item":"https:\/\/laurasis.com\/"},{"@type":"ListItem","position":2,"name":"Savons aux plantes"}]},{"@type":"WebSite","@id":"https:\/\/laurasis.com\/#website","url":"https:\/\/laurasis.com\/","name":"LAURASIS","description":"Laurais Beaut\u00e9 Cr\u00e9ole, une oasis de bien-\u00eatre.","publisher":{"@id":"https:\/\/laurasis.com\/#organization"},"potentialAction":[{"@type":"SearchAction","target":{"@type":"EntryPoint","urlTemplate":"https:\/\/laurasis.com\/?s={search_term_string}"},"query-input":{"@type":"PropertyValueSpecification","valueRequired":true,"valueName":"search_term_string"}}],"inLanguage":"fr-FR"},{"@type":"Organization","@id":"https:\/\/laurasis.com\/#organization","name":"Laurasis Beaut\u00e9 Cr\u00e9ole","url":"https:\/\/laurasis.com\/","logo":{"@type":"ImageObject","inLanguage":"fr-FR","@id":"https:\/\/laurasis.com\/#\/schema\/logo\/image\/","url":"https:\/\/laurasis.com\/wp-content\/uploads\/2024\/06\/Logo-LBC-transparent.png","contentUrl":"https:\/\/laurasis.com\/wp-content\/uploads\/2024\/06\/Logo-LBC-transparent.png","width":311,"height":169,"caption":"Laurasis Beaut\u00e9 Cr\u00e9ole"},"image":{"@id":"https:\/\/laurasis.com\/#\/schema\/logo\/image\/"},"sameAs":["https:\/\/www.instagram.com\/LAURASISBEAUTECREOLE\/"]}]}},"_links":{"self":[{"href":"https:\/\/laurasis.com\/index.php\/wp-json\/wp\/v2\/pages\/125","targetHints":{"allow":["GET"]}}],"collection":[{"href":"https:\/\/laurasis.com\/index.php\/wp-json\/wp\/v2\/pages"}],"about":[{"href":"https:\/\/laurasis.com\/index.php\/wp-json\/wp\/v2\/types\/page"}],"author":[{"embeddable":true,"href":"https:\/\/laurasis.com\/index.php\/wp-json\/wp\/v2\/users\/2"}],"replies":[{"embeddable":true,"href":"https:\/\/laurasis.com\/index.php\/wp-json\/wp\/v2\/comments?post=125"}],"version-history":[{"count":5,"href":"https:\/\/laurasis.com\/index.php\/wp-json\/wp\/v2\/pages\/125\/revisions"}],"predecessor-version":[{"id":1620,"href":"https:\/\/laurasis.com\/index.php\/wp-json\/wp\/v2\/pages\/125\/revisions\/1620"}],"wp:attachment":[{"href":"https:\/\/laurasis.com\/index.php\/wp-json\/wp\/v2\/media?parent=125"}],"curies":[{"name":"wp","href":"https:\/\/api.w.org\/{rel}","templated":true}]}}