{"id":1319,"date":"2024-03-20T19:56:11","date_gmt":"2024-03-20T18:56:11","guid":{"rendered":"https:\/\/laurasis.com\/?page_id=1319"},"modified":"2024-06-11T20:32:27","modified_gmt":"2024-06-11T18:32:27","slug":"promotions","status":"publish","type":"page","link":"https:\/\/laurasis.com\/index.php\/promotions\/","title":{"rendered":"Promotions"},"content":{"rendered":"\n<div class=\"wp-block-columns is-layout-flex wp-container-core-columns-is-layout-28f84493 wp-block-columns-is-layout-flex\">\n<div class=\"wp-block-column is-layout-flow wp-block-column-is-layout-flow\">\n<p class=\"has-huge-font-size\"><\/p>\n<\/div>\n<\/div>\n","protected":false},"excerpt":{"rendered":"","protected":false},"author":2,"featured_media":0,"parent":0,"menu_order":0,"comment_status":"closed","ping_status":"closed","template":"","meta":{"footnotes":""},"class_list":["post-1319","page","type-page","status-publish","hentry"],"yoast_head":"<!-- This site is optimized with the Yoast SEO plugin v27.5 - https:\/\/yoast.com\/product\/yoast-seo-wordpress\/ -->\n<title>Promotions - LAURASIS<\/title>\n<meta name=\"robots\" content=\"index, follow, max-snippet:-1, max-image-preview:large, max-video-preview:-1\" \/>\n<link rel=\"canonical\" href=\"https:\/\/laurasis.com\/index.php\/promotions\/\" \/>\n<meta property=\"og:locale\" content=\"fr_FR\" \/>\n<meta property=\"og:type\" content=\"article\" \/>\n<meta property=\"og:title\" content=\"Promotions - LAURASIS\" \/>\n<meta property=\"og:url\" content=\"https:\/\/laurasis.com\/index.php\/promotions\/\" \/>\n<meta property=\"og:site_name\" content=\"LAURASIS\" \/>\n<meta property=\"article:modified_time\" content=\"2024-06-11T18:32:27+00:00\" \/>\n<meta name=\"twitter:card\" content=\"summary_large_image\" \/>\n<script type=\"application\/ld+json\" class=\"yoast-schema-graph\">{\"@context\":\"https:\\\/\\\/schema.org\",\"@graph\":[{\"@type\":\"WebPage\",\"@id\":\"https:\\\/\\\/laurasis.com\\\/index.php\\\/promotions\\\/\",\"url\":\"https:\\\/\\\/laurasis.com\\\/index.php\\\/promotions\\\/\",\"name\":\"Promotions - LAURASIS\",\"isPartOf\":{\"@id\":\"https:\\\/\\\/laurasis.com\\\/#website\"},\"datePublished\":\"2024-03-20T18:56:11+00:00\",\"dateModified\":\"2024-06-11T18:32:27+00:00\",\"breadcrumb\":{\"@id\":\"https:\\\/\\\/laurasis.com\\\/index.php\\\/promotions\\\/#breadcrumb\"},\"inLanguage\":\"fr-FR\",\"potentialAction\":[{\"@type\":\"ReadAction\",\"target\":[\"https:\\\/\\\/laurasis.com\\\/index.php\\\/promotions\\\/\"]}]},{\"@type\":\"BreadcrumbList\",\"@id\":\"https:\\\/\\\/laurasis.com\\\/index.php\\\/promotions\\\/#breadcrumb\",\"itemListElement\":[{\"@type\":\"ListItem\",\"position\":1,\"name\":\"Accueil\",\"item\":\"https:\\\/\\\/laurasis.com\\\/\"},{\"@type\":\"ListItem\",\"position\":2,\"name\":\"Promotions\"}]},{\"@type\":\"WebSite\",\"@id\":\"https:\\\/\\\/laurasis.com\\\/#website\",\"url\":\"https:\\\/\\\/laurasis.com\\\/\",\"name\":\"LAURASIS\",\"description\":\"Laurais Beaut\u00e9 Cr\u00e9ole, une oasis de bien-\u00eatre.\",\"publisher\":{\"@id\":\"https:\\\/\\\/laurasis.com\\\/#organization\"},\"potentialAction\":[{\"@type\":\"SearchAction\",\"target\":{\"@type\":\"EntryPoint\",\"urlTemplate\":\"https:\\\/\\\/laurasis.com\\\/?s={search_term_string}\"},\"query-input\":{\"@type\":\"PropertyValueSpecification\",\"valueRequired\":true,\"valueName\":\"search_term_string\"}}],\"inLanguage\":\"fr-FR\"},{\"@type\":\"Organization\",\"@id\":\"https:\\\/\\\/laurasis.com\\\/#organization\",\"name\":\"Laurasis Beaut\u00e9 Cr\u00e9ole\",\"url\":\"https:\\\/\\\/laurasis.com\\\/\",\"logo\":{\"@type\":\"ImageObject\",\"inLanguage\":\"fr-FR\",\"@id\":\"https:\\\/\\\/laurasis.com\\\/#\\\/schema\\\/logo\\\/image\\\/\",\"url\":\"https:\\\/\\\/laurasis.com\\\/wp-content\\\/uploads\\\/2024\\\/06\\\/Logo-LBC-transparent.png\",\"contentUrl\":\"https:\\\/\\\/laurasis.com\\\/wp-content\\\/uploads\\\/2024\\\/06\\\/Logo-LBC-transparent.png\",\"width\":311,\"height\":169,\"caption\":\"Laurasis Beaut\u00e9 Cr\u00e9ole\"},\"image\":{\"@id\":\"https:\\\/\\\/laurasis.com\\\/#\\\/schema\\\/logo\\\/image\\\/\"},\"sameAs\":[\"https:\\\/\\\/www.instagram.com\\\/LAURASISBEAUTECREOLE\\\/\"]}]}<\/script>\n<!-- \/ Yoast SEO plugin. -->","yoast_head_json":{"title":"Promotions - LAURASIS","robots":{"index":"index","follow":"follow","max-snippet":"max-snippet:-1","max-image-preview":"max-image-preview:large","max-video-preview":"max-video-preview:-1"},"canonical":"https:\/\/laurasis.com\/index.php\/promotions\/","og_locale":"fr_FR","og_type":"article","og_title":"Promotions - LAURASIS","og_url":"https:\/\/laurasis.com\/index.php\/promotions\/","og_site_name":"LAURASIS","article_modified_time":"2024-06-11T18:32:27+00:00","twitter_card":"summary_large_image","schema":{"@context":"https:\/\/schema.org","@graph":[{"@type":"WebPage","@id":"https:\/\/laurasis.com\/index.php\/promotions\/","url":"https:\/\/laurasis.com\/index.php\/promotions\/","name":"Promotions - LAURASIS","isPartOf":{"@id":"https:\/\/laurasis.com\/#website"},"datePublished":"2024-03-20T18:56:11+00:00","dateModified":"2024-06-11T18:32:27+00:00","breadcrumb":{"@id":"https:\/\/laurasis.com\/index.php\/promotions\/#breadcrumb"},"inLanguage":"fr-FR","potentialAction":[{"@type":"ReadAction","target":["https:\/\/laurasis.com\/index.php\/promotions\/"]}]},{"@type":"BreadcrumbList","@id":"https:\/\/laurasis.com\/index.php\/promotions\/#breadcrumb","itemListElement":[{"@type":"ListItem","position":1,"name":"Accueil","item":"https:\/\/laurasis.com\/"},{"@type":"ListItem","position":2,"name":"Promotions"}]},{"@type":"WebSite","@id":"https:\/\/laurasis.com\/#website","url":"https:\/\/laurasis.com\/","name":"LAURASIS","description":"Laurais Beaut\u00e9 Cr\u00e9ole, une oasis de bien-\u00eatre.","publisher":{"@id":"https:\/\/laurasis.com\/#organization"},"potentialAction":[{"@type":"SearchAction","target":{"@type":"EntryPoint","urlTemplate":"https:\/\/laurasis.com\/?s={search_term_string}"},"query-input":{"@type":"PropertyValueSpecification","valueRequired":true,"valueName":"search_term_string"}}],"inLanguage":"fr-FR"},{"@type":"Organization","@id":"https:\/\/laurasis.com\/#organization","name":"Laurasis Beaut\u00e9 Cr\u00e9ole","url":"https:\/\/laurasis.com\/","logo":{"@type":"ImageObject","inLanguage":"fr-FR","@id":"https:\/\/laurasis.com\/#\/schema\/logo\/image\/","url":"https:\/\/laurasis.com\/wp-content\/uploads\/2024\/06\/Logo-LBC-transparent.png","contentUrl":"https:\/\/laurasis.com\/wp-content\/uploads\/2024\/06\/Logo-LBC-transparent.png","width":311,"height":169,"caption":"Laurasis Beaut\u00e9 Cr\u00e9ole"},"image":{"@id":"https:\/\/laurasis.com\/#\/schema\/logo\/image\/"},"sameAs":["https:\/\/www.instagram.com\/LAURASISBEAUTECREOLE\/"]}]}},"_links":{"self":[{"href":"https:\/\/laurasis.com\/index.php\/wp-json\/wp\/v2\/pages\/1319","targetHints":{"allow":["GET"]}}],"collection":[{"href":"https:\/\/laurasis.com\/index.php\/wp-json\/wp\/v2\/pages"}],"about":[{"href":"https:\/\/laurasis.com\/index.php\/wp-json\/wp\/v2\/types\/page"}],"author":[{"embeddable":true,"href":"https:\/\/laurasis.com\/index.php\/wp-json\/wp\/v2\/users\/2"}],"replies":[{"embeddable":true,"href":"https:\/\/laurasis.com\/index.php\/wp-json\/wp\/v2\/comments?post=1319"}],"version-history":[{"count":4,"href":"https:\/\/laurasis.com\/index.php\/wp-json\/wp\/v2\/pages\/1319\/revisions"}],"predecessor-version":[{"id":1343,"href":"https:\/\/laurasis.com\/index.php\/wp-json\/wp\/v2\/pages\/1319\/revisions\/1343"}],"wp:attachment":[{"href":"https:\/\/laurasis.com\/index.php\/wp-json\/wp\/v2\/media?parent=1319"}],"curies":[{"name":"wp","href":"https:\/\/api.w.org\/{rel}","templated":true}]}}