{"id":475,"date":"2019-08-23T19:53:39","date_gmt":"2019-08-23T17:53:39","guid":{"rendered":"http:\/\/laurasis.com\/?page_id=475"},"modified":"2024-06-13T14:09:01","modified_gmt":"2024-06-13T12:09:01","slug":"huile-cheveux-et-corps","status":"publish","type":"page","link":"https:\/\/laurasis.com\/index.php\/huile-cheveux-et-corps\/","title":{"rendered":"Huile cheveux et corps"},"content":{"rendered":"<div data-block-name=\"woocommerce\/product-category\" data-categories=\"[33]\" data-edit-mode=\"false\" class=\"wc-block-grid wp-block-product-category wp-block-woocommerce-product-category wc-block-product-category has-3-columns has-multiple-rows wp-block-woocommerce-product-category\"><ul class=\"wc-block-grid__products\"><li class=\"wc-block-grid__product\">\n\t\t\t\t<a href=\"https:\/\/laurasis.com\/index.php\/produit\/huile-de-carapate\/\" class=\"wc-block-grid__product-link\">\n\t\t\t\t\t\n\t\t\t\t\t<div class=\"wc-block-grid__product-image\"><img loading=\"lazy\" decoding=\"async\" width=\"324\" height=\"324\" src=\"https:\/\/laurasis.com\/wp-content\/uploads\/2024\/06\/Huile-de-Carapate-LBC2-324x324.png\" class=\"attachment-woocommerce_thumbnail size-woocommerce_thumbnail\" alt=\"Huile de Carapate (flacon simple 250 ml)\" srcset=\"https:\/\/laurasis.com\/wp-content\/uploads\/2024\/06\/Huile-de-Carapate-LBC2-324x324.png 324w, https:\/\/laurasis.com\/wp-content\/uploads\/2024\/06\/Huile-de-Carapate-LBC2-150x150.png 150w, https:\/\/laurasis.com\/wp-content\/uploads\/2024\/06\/Huile-de-Carapate-LBC2-100x100.png 100w\" sizes=\"auto, (max-width: 324px) 100vw, 324px\" \/><\/div>\n\t\t\t\t\t<div class=\"wc-block-grid__product-title\">Huile de Carapate (flacon simple 250 ml)<\/div>\n\t\t\t\t<\/a>\n\t\t\t\t<div class=\"wc-block-grid__product-price price\"><span class=\"woocommerce-Price-amount amount\">27.00<span class=\"woocommerce-Price-currencySymbol\">&euro;<\/span><\/span><\/div>\n\t\t\t\t\n\t\t\t\t<div class=\"wp-block-button wc-block-grid__product-add-to-cart\"><a href=\"https:\/\/laurasis.com\/index.php\/produit\/huile-de-carapate\/\" aria-label=\"En savoir plus sur &ldquo;Huile de Carapate (flacon simple 250 ml)&rdquo;\" data-quantity=\"1\" data-product_id=\"1358\" data-product_sku=\"\" data-price=\"27\" rel=\"nofollow\" class=\"wp-block-button__link  add_to_cart_button\">Lire la suite<\/a><\/div>\n\t\t\t<\/li><li class=\"wc-block-grid__product\">\n\t\t\t\t<a href=\"https:\/\/laurasis.com\/index.php\/produit\/huile-coco-ylang-ylang-flacon-250-ml\/\" class=\"wc-block-grid__product-link\">\n\t\t\t\t\t\n\t\t\t\t\t<div class=\"wc-block-grid__product-image\"><img loading=\"lazy\" decoding=\"async\" width=\"324\" height=\"324\" src=\"https:\/\/laurasis.com\/wp-content\/uploads\/woocommerce-placeholder.png\" class=\"woocommerce-placeholder wp-post-image\" alt=\"\" srcset=\"https:\/\/laurasis.com\/wp-content\/uploads\/woocommerce-placeholder.png 1200w, https:\/\/laurasis.com\/wp-content\/uploads\/woocommerce-placeholder-300x300.png 300w, https:\/\/laurasis.com\/wp-content\/uploads\/woocommerce-placeholder-1024x1024.png 1024w, https:\/\/laurasis.com\/wp-content\/uploads\/woocommerce-placeholder-150x150.png 150w, https:\/\/laurasis.com\/wp-content\/uploads\/woocommerce-placeholder-768x768.png 768w\" sizes=\"auto, (max-width: 324px) 100vw, 324px\" \/><\/div>\n\t\t\t\t\t<div class=\"wc-block-grid__product-title\">Huile de Coco\/Ylang-Ylang (flacon 250 ml)<\/div>\n\t\t\t\t<\/a>\n\t\t\t\t<div class=\"wc-block-grid__product-price price\"><span class=\"woocommerce-Price-amount amount\">26.40<span class=\"woocommerce-Price-currencySymbol\">&euro;<\/span><\/span><\/div>\n\t\t\t\t\n\t\t\t\t<div class=\"wp-block-button wc-block-grid__product-add-to-cart\"><a href=\"https:\/\/laurasis.com\/index.php\/produit\/huile-coco-ylang-ylang-flacon-250-ml\/\" aria-label=\"En savoir plus sur &ldquo;Huile de Coco\/Ylang-Ylang (flacon 250 ml)&rdquo;\" data-quantity=\"1\" data-product_id=\"446\" data-product_sku=\"\" data-price=\"26.4\" rel=\"nofollow\" class=\"wp-block-button__link  add_to_cart_button\">Lire la suite<\/a><\/div>\n\t\t\t<\/li><li class=\"wc-block-grid__product\">\n\t\t\t\t<a href=\"https:\/\/laurasis.com\/index.php\/produit\/huile-coco-cannelle-flacon-250-ml\/\" class=\"wc-block-grid__product-link\">\n\t\t\t\t\t\n\t\t\t\t\t<div class=\"wc-block-grid__product-image\"><img loading=\"lazy\" decoding=\"async\" width=\"324\" height=\"324\" src=\"https:\/\/laurasis.com\/wp-content\/uploads\/woocommerce-placeholder.png\" class=\"woocommerce-placeholder wp-post-image\" alt=\"\" srcset=\"https:\/\/laurasis.com\/wp-content\/uploads\/woocommerce-placeholder.png 1200w, https:\/\/laurasis.com\/wp-content\/uploads\/woocommerce-placeholder-300x300.png 300w, https:\/\/laurasis.com\/wp-content\/uploads\/woocommerce-placeholder-1024x1024.png 1024w, https:\/\/laurasis.com\/wp-content\/uploads\/woocommerce-placeholder-150x150.png 150w, https:\/\/laurasis.com\/wp-content\/uploads\/woocommerce-placeholder-768x768.png 768w\" sizes=\"auto, (max-width: 324px) 100vw, 324px\" \/><\/div>\n\t\t\t\t\t<div class=\"wc-block-grid__product-title\">Huile de Coco \/ Cannelle (flacon simple 250 ml)<\/div>\n\t\t\t\t<\/a>\n\t\t\t\t<div class=\"wc-block-grid__product-price price\"><span class=\"woocommerce-Price-amount amount\">26.40<span class=\"woocommerce-Price-currencySymbol\">&euro;<\/span><\/span><\/div>\n\t\t\t\t\n\t\t\t\t<div class=\"wp-block-button wc-block-grid__product-add-to-cart\"><a href=\"https:\/\/laurasis.com\/index.php\/produit\/huile-coco-cannelle-flacon-250-ml\/\" aria-label=\"En savoir plus sur &ldquo;Huile de Coco \/ Cannelle (flacon simple 250 ml)&rdquo;\" data-quantity=\"1\" data-product_id=\"441\" data-product_sku=\"\" data-price=\"26.4\" rel=\"nofollow\" class=\"wp-block-button__link  add_to_cart_button\">Lire la suite<\/a><\/div>\n\t\t\t<\/li><li class=\"wc-block-grid__product\">\n\t\t\t\t<a href=\"https:\/\/laurasis.com\/index.php\/produit\/huile-de-coco-flacon-250-ml\/\" class=\"wc-block-grid__product-link\">\n\t\t\t\t\t\n\t\t\t\t\t<div class=\"wc-block-grid__product-image\"><img loading=\"lazy\" decoding=\"async\" width=\"324\" height=\"324\" src=\"https:\/\/laurasis.com\/wp-content\/uploads\/woocommerce-placeholder.png\" class=\"woocommerce-placeholder wp-post-image\" alt=\"\" srcset=\"https:\/\/laurasis.com\/wp-content\/uploads\/woocommerce-placeholder.png 1200w, https:\/\/laurasis.com\/wp-content\/uploads\/woocommerce-placeholder-300x300.png 300w, https:\/\/laurasis.com\/wp-content\/uploads\/woocommerce-placeholder-1024x1024.png 1024w, https:\/\/laurasis.com\/wp-content\/uploads\/woocommerce-placeholder-150x150.png 150w, https:\/\/laurasis.com\/wp-content\/uploads\/woocommerce-placeholder-768x768.png 768w\" sizes=\"auto, (max-width: 324px) 100vw, 324px\" \/><\/div>\n\t\t\t\t\t<div class=\"wc-block-grid__product-title\">Huile de Coco (flacon simple 250 ml)<\/div>\n\t\t\t\t<\/a>\n\t\t\t\t<div class=\"wc-block-grid__product-price price\"><span class=\"woocommerce-Price-amount amount\">26.40<span class=\"woocommerce-Price-currencySymbol\">&euro;<\/span><\/span><\/div>\n\t\t\t\t\n\t\t\t\t<div class=\"wp-block-button wc-block-grid__product-add-to-cart\"><a href=\"\/index.php\/wp-json\/wp\/v2\/pages\/475?add-to-cart=387\" aria-label=\"Ajouter au panier\u00a0: &ldquo;Huile de Coco (flacon simple 250 ml)&rdquo;\" data-quantity=\"1\" data-product_id=\"387\" data-product_sku=\"\" data-price=\"26.4\" rel=\"nofollow\" class=\"wp-block-button__link  add_to_cart_button ajax_add_to_cart\">Ajouter au panier<\/a><\/div>\n\t\t\t<\/li><li class=\"wc-block-grid__product\">\n\t\t\t\t<a href=\"https:\/\/laurasis.com\/index.php\/produit\/huile-solaire-au-roucou-flacon-250-ml\/\" class=\"wc-block-grid__product-link\">\n\t\t\t\t\t\n\t\t\t\t\t<div class=\"wc-block-grid__product-image\"><img loading=\"lazy\" decoding=\"async\" width=\"324\" height=\"324\" src=\"https:\/\/laurasis.com\/wp-content\/uploads\/2024\/07\/LBC_Huile-Solaire-au-Roucou2-1-324x324.jpg\" class=\"attachment-woocommerce_thumbnail size-woocommerce_thumbnail\" alt=\"Huile Solaire au Roucou (flacon simple 250 ml)\" srcset=\"https:\/\/laurasis.com\/wp-content\/uploads\/2024\/07\/LBC_Huile-Solaire-au-Roucou2-1-324x324.jpg 324w, https:\/\/laurasis.com\/wp-content\/uploads\/2024\/07\/LBC_Huile-Solaire-au-Roucou2-1-150x150.jpg 150w, https:\/\/laurasis.com\/wp-content\/uploads\/2024\/07\/LBC_Huile-Solaire-au-Roucou2-1-100x100.jpg 100w\" sizes=\"auto, (max-width: 324px) 100vw, 324px\" \/><\/div>\n\t\t\t\t\t<div class=\"wc-block-grid__product-title\">Huile Solaire au Roucou (flacon simple 250 ml)<\/div>\n\t\t\t\t<\/a>\n\t\t\t\t<div class=\"wc-block-grid__product-price price\"><span class=\"woocommerce-Price-amount amount\">26.40<span class=\"woocommerce-Price-currencySymbol\">&euro;<\/span><\/span><\/div>\n\t\t\t\t\n\t\t\t\t<div class=\"wp-block-button wc-block-grid__product-add-to-cart\"><a href=\"https:\/\/laurasis.com\/index.php\/produit\/huile-solaire-au-roucou-flacon-250-ml\/\" aria-label=\"En savoir plus sur &ldquo;Huile Solaire au Roucou (flacon simple 250 ml)&rdquo;\" data-quantity=\"1\" data-product_id=\"353\" data-product_sku=\"\" data-price=\"26.4\" rel=\"nofollow\" class=\"wp-block-button__link  add_to_cart_button\">Lire la suite<\/a><\/div>\n\t\t\t<\/li><\/ul><\/div>","protected":false},"excerpt":{"rendered":"","protected":false},"author":2,"featured_media":0,"parent":0,"menu_order":0,"comment_status":"closed","ping_status":"closed","template":"","meta":{"footnotes":""},"class_list":["post-475","page","type-page","status-publish","hentry"],"yoast_head":"<!-- This site is optimized with the Yoast SEO plugin v27.5 - https:\/\/yoast.com\/product\/yoast-seo-wordpress\/ -->\n<title>Huile cheveux et corps - LAURASIS<\/title>\n<meta name=\"robots\" content=\"index, follow, max-snippet:-1, max-image-preview:large, max-video-preview:-1\" \/>\n<link rel=\"canonical\" href=\"https:\/\/laurasis.com\/index.php\/huile-cheveux-et-corps\/\" \/>\n<meta property=\"og:locale\" content=\"fr_FR\" \/>\n<meta property=\"og:type\" content=\"article\" \/>\n<meta property=\"og:title\" content=\"Huile cheveux et corps - LAURASIS\" \/>\n<meta property=\"og:url\" content=\"https:\/\/laurasis.com\/index.php\/huile-cheveux-et-corps\/\" \/>\n<meta property=\"og:site_name\" content=\"LAURASIS\" \/>\n<meta property=\"article:modified_time\" content=\"2024-06-13T12:09:01+00:00\" \/>\n<meta name=\"twitter:card\" content=\"summary_large_image\" \/>\n<script type=\"application\/ld+json\" class=\"yoast-schema-graph\">{\"@context\":\"https:\\\/\\\/schema.org\",\"@graph\":[{\"@type\":\"WebPage\",\"@id\":\"https:\\\/\\\/laurasis.com\\\/index.php\\\/huile-cheveux-et-corps\\\/\",\"url\":\"https:\\\/\\\/laurasis.com\\\/index.php\\\/huile-cheveux-et-corps\\\/\",\"name\":\"Huile cheveux et corps - LAURASIS\",\"isPartOf\":{\"@id\":\"https:\\\/\\\/laurasis.com\\\/#website\"},\"datePublished\":\"2019-08-23T17:53:39+00:00\",\"dateModified\":\"2024-06-13T12:09:01+00:00\",\"breadcrumb\":{\"@id\":\"https:\\\/\\\/laurasis.com\\\/index.php\\\/huile-cheveux-et-corps\\\/#breadcrumb\"},\"inLanguage\":\"fr-FR\",\"potentialAction\":[{\"@type\":\"ReadAction\",\"target\":[\"https:\\\/\\\/laurasis.com\\\/index.php\\\/huile-cheveux-et-corps\\\/\"]}]},{\"@type\":\"BreadcrumbList\",\"@id\":\"https:\\\/\\\/laurasis.com\\\/index.php\\\/huile-cheveux-et-corps\\\/#breadcrumb\",\"itemListElement\":[{\"@type\":\"ListItem\",\"position\":1,\"name\":\"Accueil\",\"item\":\"https:\\\/\\\/laurasis.com\\\/\"},{\"@type\":\"ListItem\",\"position\":2,\"name\":\"Huile cheveux et corps\"}]},{\"@type\":\"WebSite\",\"@id\":\"https:\\\/\\\/laurasis.com\\\/#website\",\"url\":\"https:\\\/\\\/laurasis.com\\\/\",\"name\":\"LAURASIS\",\"description\":\"Laurais Beaut\u00e9 Cr\u00e9ole, une oasis de bien-\u00eatre.\",\"publisher\":{\"@id\":\"https:\\\/\\\/laurasis.com\\\/#organization\"},\"potentialAction\":[{\"@type\":\"SearchAction\",\"target\":{\"@type\":\"EntryPoint\",\"urlTemplate\":\"https:\\\/\\\/laurasis.com\\\/?s={search_term_string}\"},\"query-input\":{\"@type\":\"PropertyValueSpecification\",\"valueRequired\":true,\"valueName\":\"search_term_string\"}}],\"inLanguage\":\"fr-FR\"},{\"@type\":\"Organization\",\"@id\":\"https:\\\/\\\/laurasis.com\\\/#organization\",\"name\":\"Laurasis Beaut\u00e9 Cr\u00e9ole\",\"url\":\"https:\\\/\\\/laurasis.com\\\/\",\"logo\":{\"@type\":\"ImageObject\",\"inLanguage\":\"fr-FR\",\"@id\":\"https:\\\/\\\/laurasis.com\\\/#\\\/schema\\\/logo\\\/image\\\/\",\"url\":\"https:\\\/\\\/laurasis.com\\\/wp-content\\\/uploads\\\/2024\\\/06\\\/Logo-LBC-transparent.png\",\"contentUrl\":\"https:\\\/\\\/laurasis.com\\\/wp-content\\\/uploads\\\/2024\\\/06\\\/Logo-LBC-transparent.png\",\"width\":311,\"height\":169,\"caption\":\"Laurasis Beaut\u00e9 Cr\u00e9ole\"},\"image\":{\"@id\":\"https:\\\/\\\/laurasis.com\\\/#\\\/schema\\\/logo\\\/image\\\/\"},\"sameAs\":[\"https:\\\/\\\/www.instagram.com\\\/LAURASISBEAUTECREOLE\\\/\"]}]}<\/script>\n<!-- \/ Yoast SEO plugin. -->","yoast_head_json":{"title":"Huile cheveux et corps - LAURASIS","robots":{"index":"index","follow":"follow","max-snippet":"max-snippet:-1","max-image-preview":"max-image-preview:large","max-video-preview":"max-video-preview:-1"},"canonical":"https:\/\/laurasis.com\/index.php\/huile-cheveux-et-corps\/","og_locale":"fr_FR","og_type":"article","og_title":"Huile cheveux et corps - LAURASIS","og_url":"https:\/\/laurasis.com\/index.php\/huile-cheveux-et-corps\/","og_site_name":"LAURASIS","article_modified_time":"2024-06-13T12:09:01+00:00","twitter_card":"summary_large_image","schema":{"@context":"https:\/\/schema.org","@graph":[{"@type":"WebPage","@id":"https:\/\/laurasis.com\/index.php\/huile-cheveux-et-corps\/","url":"https:\/\/laurasis.com\/index.php\/huile-cheveux-et-corps\/","name":"Huile cheveux et corps - LAURASIS","isPartOf":{"@id":"https:\/\/laurasis.com\/#website"},"datePublished":"2019-08-23T17:53:39+00:00","dateModified":"2024-06-13T12:09:01+00:00","breadcrumb":{"@id":"https:\/\/laurasis.com\/index.php\/huile-cheveux-et-corps\/#breadcrumb"},"inLanguage":"fr-FR","potentialAction":[{"@type":"ReadAction","target":["https:\/\/laurasis.com\/index.php\/huile-cheveux-et-corps\/"]}]},{"@type":"BreadcrumbList","@id":"https:\/\/laurasis.com\/index.php\/huile-cheveux-et-corps\/#breadcrumb","itemListElement":[{"@type":"ListItem","position":1,"name":"Accueil","item":"https:\/\/laurasis.com\/"},{"@type":"ListItem","position":2,"name":"Huile cheveux et corps"}]},{"@type":"WebSite","@id":"https:\/\/laurasis.com\/#website","url":"https:\/\/laurasis.com\/","name":"LAURASIS","description":"Laurais Beaut\u00e9 Cr\u00e9ole, une oasis de bien-\u00eatre.","publisher":{"@id":"https:\/\/laurasis.com\/#organization"},"potentialAction":[{"@type":"SearchAction","target":{"@type":"EntryPoint","urlTemplate":"https:\/\/laurasis.com\/?s={search_term_string}"},"query-input":{"@type":"PropertyValueSpecification","valueRequired":true,"valueName":"search_term_string"}}],"inLanguage":"fr-FR"},{"@type":"Organization","@id":"https:\/\/laurasis.com\/#organization","name":"Laurasis Beaut\u00e9 Cr\u00e9ole","url":"https:\/\/laurasis.com\/","logo":{"@type":"ImageObject","inLanguage":"fr-FR","@id":"https:\/\/laurasis.com\/#\/schema\/logo\/image\/","url":"https:\/\/laurasis.com\/wp-content\/uploads\/2024\/06\/Logo-LBC-transparent.png","contentUrl":"https:\/\/laurasis.com\/wp-content\/uploads\/2024\/06\/Logo-LBC-transparent.png","width":311,"height":169,"caption":"Laurasis Beaut\u00e9 Cr\u00e9ole"},"image":{"@id":"https:\/\/laurasis.com\/#\/schema\/logo\/image\/"},"sameAs":["https:\/\/www.instagram.com\/LAURASISBEAUTECREOLE\/"]}]}},"_links":{"self":[{"href":"https:\/\/laurasis.com\/index.php\/wp-json\/wp\/v2\/pages\/475","targetHints":{"allow":["GET"]}}],"collection":[{"href":"https:\/\/laurasis.com\/index.php\/wp-json\/wp\/v2\/pages"}],"about":[{"href":"https:\/\/laurasis.com\/index.php\/wp-json\/wp\/v2\/types\/page"}],"author":[{"embeddable":true,"href":"https:\/\/laurasis.com\/index.php\/wp-json\/wp\/v2\/users\/2"}],"replies":[{"embeddable":true,"href":"https:\/\/laurasis.com\/index.php\/wp-json\/wp\/v2\/comments?post=475"}],"version-history":[{"count":7,"href":"https:\/\/laurasis.com\/index.php\/wp-json\/wp\/v2\/pages\/475\/revisions"}],"predecessor-version":[{"id":1370,"href":"https:\/\/laurasis.com\/index.php\/wp-json\/wp\/v2\/pages\/475\/revisions\/1370"}],"wp:attachment":[{"href":"https:\/\/laurasis.com\/index.php\/wp-json\/wp\/v2\/media?parent=475"}],"curies":[{"name":"wp","href":"https:\/\/api.w.org\/{rel}","templated":true}]}}