{"id":1358,"date":"2024-06-13T14:00:22","date_gmt":"2024-06-13T12:00:22","guid":{"rendered":"https:\/\/laurasis.com\/?post_type=product&#038;p=1358"},"modified":"2025-04-30T13:25:58","modified_gmt":"2025-04-30T11:25:58","slug":"huile-de-carapate","status":"publish","type":"product","link":"https:\/\/laurasis.com\/index.php\/produit\/huile-de-carapate\/","title":{"rendered":"Huile de Carapate (flacon simple 250 ml)"},"content":{"rendered":"","protected":false},"excerpt":{"rendered":"<h2><strong>D\u00e9tail du produit <\/strong><\/h2>\n<p>L&rsquo;huile de Carapate (flacon simple 250 ml) de Laurasis Beaut\u00e9 Cr\u00e9ole<br \/>\nPrix :\u00a0 26,00\u20ac TTC (hors frais de livraison)<\/p>\n<p>L&rsquo;huile de Carapate, ou (ricin noir) de Laurasis Beaut\u00e9 Cr\u00e9ole, est l&rsquo;huile des cheveux secs, tr\u00e8s secs, et\/ou cassants.<\/p>\n<p>C&rsquo;est une huile fortifiante et hydratante. Riche en acide gras, elle va prot\u00e9ger, nourrir, r\u00e9parer, renforcer le cuire chevelu, et gainer les cheveux, leur redonnant brillance et souplesse. Elle favorise \u00e9galement la repousse des cheveux.<br \/>\nPour tout type de cheveux, elle est id\u00e9ale, sur les cheveux cr\u00e9pus, fris\u00e9s et\/ou d\u00e9fris\u00e9s.<br \/>\nUtilisation : en bain d&rsquo;huile, ou sur les pointes des cheveux.<\/p>\n<h5><em><strong>Huile 100% v\u00e9g\u00e9tale, sans colorants ni conservateurs.<br \/>\n<\/strong><\/em><\/h5>\n<p>Produit fabriqu\u00e9 en Guadeloupe. \ud83c\uddec\ud83c\uddf5<\/p>\n","protected":false},"featured_media":1379,"comment_status":"open","ping_status":"closed","template":"","meta":[],"product_brand":[],"product_cat":[33,38],"product_tag":[],"class_list":{"0":"post-1358","1":"product","2":"type-product","3":"status-publish","4":"has-post-thumbnail","6":"product_cat-les-huiles","7":"product_cat-les-huiles-au-carapate","9":"first","10":"outofstock","11":"taxable","12":"shipping-taxable","13":"purchasable","14":"product-type-simple"},"yoast_head":"<!-- This site is optimized with the Yoast SEO plugin v27.5 - https:\/\/yoast.com\/product\/yoast-seo-wordpress\/ -->\n<title>Huile de Carapate (flacon simple 250 ml) - LAURASIS<\/title>\n<meta name=\"robots\" content=\"index, follow, max-snippet:-1, max-image-preview:large, max-video-preview:-1\" \/>\n<link rel=\"canonical\" href=\"https:\/\/laurasis.com\/index.php\/produit\/huile-de-carapate\/\" \/>\n<meta property=\"og:locale\" content=\"fr_FR\" \/>\n<meta property=\"og:type\" content=\"article\" \/>\n<meta property=\"og:title\" content=\"Huile de Carapate (flacon simple 250 ml) - LAURASIS\" \/>\n<meta property=\"og:description\" content=\"D\u00e9tail du produit  L&#039;huile de Carapate (flacon simple 250 ml) de Laurasis Beaut\u00e9 Cr\u00e9ole Prix :\u00a0 26,00\u20ac TTC (hors frais de livraison)  L&#039;huile de Carapate, ou (ricin noir) de Laurasis Beaut\u00e9 Cr\u00e9ole, est l&#039;huile des cheveux secs, tr\u00e8s secs, et\/ou cassants.  C&#039;est une huile fortifiante et hydratante. Riche en acide gras, elle va prot\u00e9ger, nourrir, r\u00e9parer, renforcer le cuire chevelu, et gainer les cheveux, leur redonnant brillance et souplesse. Elle favorise \u00e9galement la repousse des cheveux. Pour tout type de cheveux, elle est id\u00e9ale, sur les cheveux cr\u00e9pus, fris\u00e9s et\/ou d\u00e9fris\u00e9s. Utilisation : en bain d&#039;huile, ou sur les pointes des cheveux. Huile 100% v\u00e9g\u00e9tale, sans colorants ni conservateurs.  Produit fabriqu\u00e9 en Guadeloupe. \ud83c\uddec\ud83c\uddf5\" \/>\n<meta property=\"og:url\" content=\"https:\/\/laurasis.com\/index.php\/produit\/huile-de-carapate\/\" \/>\n<meta property=\"og:site_name\" content=\"LAURASIS\" \/>\n<meta property=\"article:modified_time\" content=\"2025-04-30T11:25:58+00:00\" \/>\n<meta property=\"og:image\" content=\"https:\/\/laurasis.com\/wp-content\/uploads\/2024\/06\/Huile-de-Carapate-LBC2.png\" \/>\n\t<meta property=\"og:image:width\" content=\"880\" \/>\n\t<meta property=\"og:image:height\" content=\"1280\" \/>\n\t<meta property=\"og:image:type\" content=\"image\/png\" \/>\n<meta name=\"twitter:card\" content=\"summary_large_image\" \/>\n<script type=\"application\/ld+json\" class=\"yoast-schema-graph\">{\"@context\":\"https:\\\/\\\/schema.org\",\"@graph\":[{\"@type\":\"WebPage\",\"@id\":\"https:\\\/\\\/laurasis.com\\\/index.php\\\/produit\\\/huile-de-carapate\\\/\",\"url\":\"https:\\\/\\\/laurasis.com\\\/index.php\\\/produit\\\/huile-de-carapate\\\/\",\"name\":\"Huile de Carapate (flacon simple 250 ml) - LAURASIS\",\"isPartOf\":{\"@id\":\"https:\\\/\\\/laurasis.com\\\/#website\"},\"primaryImageOfPage\":{\"@id\":\"https:\\\/\\\/laurasis.com\\\/index.php\\\/produit\\\/huile-de-carapate\\\/#primaryimage\"},\"image\":{\"@id\":\"https:\\\/\\\/laurasis.com\\\/index.php\\\/produit\\\/huile-de-carapate\\\/#primaryimage\"},\"thumbnailUrl\":\"https:\\\/\\\/laurasis.com\\\/wp-content\\\/uploads\\\/2024\\\/06\\\/Huile-de-Carapate-LBC2.png\",\"datePublished\":\"2024-06-13T12:00:22+00:00\",\"dateModified\":\"2025-04-30T11:25:58+00:00\",\"breadcrumb\":{\"@id\":\"https:\\\/\\\/laurasis.com\\\/index.php\\\/produit\\\/huile-de-carapate\\\/#breadcrumb\"},\"inLanguage\":\"fr-FR\",\"potentialAction\":[{\"@type\":\"ReadAction\",\"target\":[\"https:\\\/\\\/laurasis.com\\\/index.php\\\/produit\\\/huile-de-carapate\\\/\"]}]},{\"@type\":\"ImageObject\",\"inLanguage\":\"fr-FR\",\"@id\":\"https:\\\/\\\/laurasis.com\\\/index.php\\\/produit\\\/huile-de-carapate\\\/#primaryimage\",\"url\":\"https:\\\/\\\/laurasis.com\\\/wp-content\\\/uploads\\\/2024\\\/06\\\/Huile-de-Carapate-LBC2.png\",\"contentUrl\":\"https:\\\/\\\/laurasis.com\\\/wp-content\\\/uploads\\\/2024\\\/06\\\/Huile-de-Carapate-LBC2.png\",\"width\":880,\"height\":1280},{\"@type\":\"BreadcrumbList\",\"@id\":\"https:\\\/\\\/laurasis.com\\\/index.php\\\/produit\\\/huile-de-carapate\\\/#breadcrumb\",\"itemListElement\":[{\"@type\":\"ListItem\",\"position\":1,\"name\":\"Accueil\",\"item\":\"https:\\\/\\\/laurasis.com\\\/\"},{\"@type\":\"ListItem\",\"position\":2,\"name\":\"Boutique\",\"item\":\"https:\\\/\\\/laurasis.com\\\/index.php\\\/boutique\\\/\"},{\"@type\":\"ListItem\",\"position\":3,\"name\":\"Huile de Carapate (flacon simple 250 ml)\"}]},{\"@type\":\"WebSite\",\"@id\":\"https:\\\/\\\/laurasis.com\\\/#website\",\"url\":\"https:\\\/\\\/laurasis.com\\\/\",\"name\":\"LAURASIS\",\"description\":\"Laurais Beaut\u00e9 Cr\u00e9ole, une oasis de bien-\u00eatre.\",\"publisher\":{\"@id\":\"https:\\\/\\\/laurasis.com\\\/#organization\"},\"potentialAction\":[{\"@type\":\"SearchAction\",\"target\":{\"@type\":\"EntryPoint\",\"urlTemplate\":\"https:\\\/\\\/laurasis.com\\\/?s={search_term_string}\"},\"query-input\":{\"@type\":\"PropertyValueSpecification\",\"valueRequired\":true,\"valueName\":\"search_term_string\"}}],\"inLanguage\":\"fr-FR\"},{\"@type\":\"Organization\",\"@id\":\"https:\\\/\\\/laurasis.com\\\/#organization\",\"name\":\"Laurasis Beaut\u00e9 Cr\u00e9ole\",\"url\":\"https:\\\/\\\/laurasis.com\\\/\",\"logo\":{\"@type\":\"ImageObject\",\"inLanguage\":\"fr-FR\",\"@id\":\"https:\\\/\\\/laurasis.com\\\/#\\\/schema\\\/logo\\\/image\\\/\",\"url\":\"https:\\\/\\\/laurasis.com\\\/wp-content\\\/uploads\\\/2024\\\/06\\\/Logo-LBC-transparent.png\",\"contentUrl\":\"https:\\\/\\\/laurasis.com\\\/wp-content\\\/uploads\\\/2024\\\/06\\\/Logo-LBC-transparent.png\",\"width\":311,\"height\":169,\"caption\":\"Laurasis Beaut\u00e9 Cr\u00e9ole\"},\"image\":{\"@id\":\"https:\\\/\\\/laurasis.com\\\/#\\\/schema\\\/logo\\\/image\\\/\"},\"sameAs\":[\"https:\\\/\\\/www.instagram.com\\\/LAURASISBEAUTECREOLE\\\/\"]}]}<\/script>\n<!-- \/ Yoast SEO plugin. -->","yoast_head_json":{"title":"Huile de Carapate (flacon simple 250 ml) - LAURASIS","robots":{"index":"index","follow":"follow","max-snippet":"max-snippet:-1","max-image-preview":"max-image-preview:large","max-video-preview":"max-video-preview:-1"},"canonical":"https:\/\/laurasis.com\/index.php\/produit\/huile-de-carapate\/","og_locale":"fr_FR","og_type":"article","og_title":"Huile de Carapate (flacon simple 250 ml) - LAURASIS","og_description":"D\u00e9tail du produit  L'huile de Carapate (flacon simple 250 ml) de Laurasis Beaut\u00e9 Cr\u00e9ole Prix :\u00a0 26,00\u20ac TTC (hors frais de livraison)  L'huile de Carapate, ou (ricin noir) de Laurasis Beaut\u00e9 Cr\u00e9ole, est l'huile des cheveux secs, tr\u00e8s secs, et\/ou cassants.  C'est une huile fortifiante et hydratante. Riche en acide gras, elle va prot\u00e9ger, nourrir, r\u00e9parer, renforcer le cuire chevelu, et gainer les cheveux, leur redonnant brillance et souplesse. Elle favorise \u00e9galement la repousse des cheveux. Pour tout type de cheveux, elle est id\u00e9ale, sur les cheveux cr\u00e9pus, fris\u00e9s et\/ou d\u00e9fris\u00e9s. Utilisation : en bain d'huile, ou sur les pointes des cheveux. Huile 100% v\u00e9g\u00e9tale, sans colorants ni conservateurs.  Produit fabriqu\u00e9 en Guadeloupe. \ud83c\uddec\ud83c\uddf5","og_url":"https:\/\/laurasis.com\/index.php\/produit\/huile-de-carapate\/","og_site_name":"LAURASIS","article_modified_time":"2025-04-30T11:25:58+00:00","og_image":[{"width":880,"height":1280,"url":"https:\/\/laurasis.com\/wp-content\/uploads\/2024\/06\/Huile-de-Carapate-LBC2.png","type":"image\/png"}],"twitter_card":"summary_large_image","schema":{"@context":"https:\/\/schema.org","@graph":[{"@type":"WebPage","@id":"https:\/\/laurasis.com\/index.php\/produit\/huile-de-carapate\/","url":"https:\/\/laurasis.com\/index.php\/produit\/huile-de-carapate\/","name":"Huile de Carapate (flacon simple 250 ml) - LAURASIS","isPartOf":{"@id":"https:\/\/laurasis.com\/#website"},"primaryImageOfPage":{"@id":"https:\/\/laurasis.com\/index.php\/produit\/huile-de-carapate\/#primaryimage"},"image":{"@id":"https:\/\/laurasis.com\/index.php\/produit\/huile-de-carapate\/#primaryimage"},"thumbnailUrl":"https:\/\/laurasis.com\/wp-content\/uploads\/2024\/06\/Huile-de-Carapate-LBC2.png","datePublished":"2024-06-13T12:00:22+00:00","dateModified":"2025-04-30T11:25:58+00:00","breadcrumb":{"@id":"https:\/\/laurasis.com\/index.php\/produit\/huile-de-carapate\/#breadcrumb"},"inLanguage":"fr-FR","potentialAction":[{"@type":"ReadAction","target":["https:\/\/laurasis.com\/index.php\/produit\/huile-de-carapate\/"]}]},{"@type":"ImageObject","inLanguage":"fr-FR","@id":"https:\/\/laurasis.com\/index.php\/produit\/huile-de-carapate\/#primaryimage","url":"https:\/\/laurasis.com\/wp-content\/uploads\/2024\/06\/Huile-de-Carapate-LBC2.png","contentUrl":"https:\/\/laurasis.com\/wp-content\/uploads\/2024\/06\/Huile-de-Carapate-LBC2.png","width":880,"height":1280},{"@type":"BreadcrumbList","@id":"https:\/\/laurasis.com\/index.php\/produit\/huile-de-carapate\/#breadcrumb","itemListElement":[{"@type":"ListItem","position":1,"name":"Accueil","item":"https:\/\/laurasis.com\/"},{"@type":"ListItem","position":2,"name":"Boutique","item":"https:\/\/laurasis.com\/index.php\/boutique\/"},{"@type":"ListItem","position":3,"name":"Huile de Carapate (flacon simple 250 ml)"}]},{"@type":"WebSite","@id":"https:\/\/laurasis.com\/#website","url":"https:\/\/laurasis.com\/","name":"LAURASIS","description":"Laurais Beaut\u00e9 Cr\u00e9ole, une oasis de bien-\u00eatre.","publisher":{"@id":"https:\/\/laurasis.com\/#organization"},"potentialAction":[{"@type":"SearchAction","target":{"@type":"EntryPoint","urlTemplate":"https:\/\/laurasis.com\/?s={search_term_string}"},"query-input":{"@type":"PropertyValueSpecification","valueRequired":true,"valueName":"search_term_string"}}],"inLanguage":"fr-FR"},{"@type":"Organization","@id":"https:\/\/laurasis.com\/#organization","name":"Laurasis Beaut\u00e9 Cr\u00e9ole","url":"https:\/\/laurasis.com\/","logo":{"@type":"ImageObject","inLanguage":"fr-FR","@id":"https:\/\/laurasis.com\/#\/schema\/logo\/image\/","url":"https:\/\/laurasis.com\/wp-content\/uploads\/2024\/06\/Logo-LBC-transparent.png","contentUrl":"https:\/\/laurasis.com\/wp-content\/uploads\/2024\/06\/Logo-LBC-transparent.png","width":311,"height":169,"caption":"Laurasis Beaut\u00e9 Cr\u00e9ole"},"image":{"@id":"https:\/\/laurasis.com\/#\/schema\/logo\/image\/"},"sameAs":["https:\/\/www.instagram.com\/LAURASISBEAUTECREOLE\/"]}]}},"_links":{"self":[{"href":"https:\/\/laurasis.com\/index.php\/wp-json\/wp\/v2\/product\/1358","targetHints":{"allow":["GET"]}}],"collection":[{"href":"https:\/\/laurasis.com\/index.php\/wp-json\/wp\/v2\/product"}],"about":[{"href":"https:\/\/laurasis.com\/index.php\/wp-json\/wp\/v2\/types\/product"}],"replies":[{"embeddable":true,"href":"https:\/\/laurasis.com\/index.php\/wp-json\/wp\/v2\/comments?post=1358"}],"wp:featuredmedia":[{"embeddable":true,"href":"https:\/\/laurasis.com\/index.php\/wp-json\/wp\/v2\/media\/1379"}],"wp:attachment":[{"href":"https:\/\/laurasis.com\/index.php\/wp-json\/wp\/v2\/media?parent=1358"}],"wp:term":[{"taxonomy":"product_brand","embeddable":true,"href":"https:\/\/laurasis.com\/index.php\/wp-json\/wp\/v2\/product_brand?post=1358"},{"taxonomy":"product_cat","embeddable":true,"href":"https:\/\/laurasis.com\/index.php\/wp-json\/wp\/v2\/product_cat?post=1358"},{"taxonomy":"product_tag","embeddable":true,"href":"https:\/\/laurasis.com\/index.php\/wp-json\/wp\/v2\/product_tag?post=1358"}],"curies":[{"name":"wp","href":"https:\/\/api.w.org\/{rel}","templated":true}]}}