{"id":1669,"date":"2025-12-16T23:10:27","date_gmt":"2025-12-16T22:10:27","guid":{"rendered":"https:\/\/laurasis.com\/?post_type=product&#038;p=1669"},"modified":"2025-12-16T23:34:02","modified_gmt":"2025-12-16T22:34:02","slug":"coffret-peau-nette-n2","status":"publish","type":"product","link":"https:\/\/laurasis.com\/index.php\/produit\/coffret-peau-nette-n2\/","title":{"rendered":"Coffret Peau Nette N\u00b02"},"content":{"rendered":"","protected":false},"excerpt":{"rendered":"<h2><strong>D\u00e9tail du produit<\/strong><\/h2>\n<p>Le Coffret Peau Nette N\u00b02 de Laurasis Beaut\u00e9 Cr\u00e9ole est compos\u00e9 d&rsquo;un : d&rsquo;un savon au thym, d&rsquo;un savon au bois d&rsquo;Inde\/Cannelle, d&rsquo;un ongant Daty\u00e9 et bois d&rsquo;Inde + un petit savon de chez Laurasis Beaut\u00e9 Cr\u00e9ole.<br \/>\nPrix : 25,00 \u20ac TTC (hors frais de livraison)<\/p>\n<p><strong>Propri\u00e9t\u00e9s :<\/strong> antifongiques, antibact\u00e9riennes, antiseptiques et cicatrisantes.<br \/>\nIl est conseill\u00e9 pour les teints brouill\u00e9s et les peaux fatigu\u00e9es, les boutons.<br \/>\n<strong>Utilisation :<\/strong> visage et corps.<\/p>\n<h4><span style=\"color: #ff0000;\"><strong>\u26a0 Ne pas utiliser sur des enfants de &#8211; 6 ans.<\/strong><\/span><\/h4>\n<h5><em><strong>Produit 100% v\u00e9g\u00e9tal, sans colorants ni conservateurs. Contient de l&rsquo;huile essentielle de thym,<\/strong><\/em><\/h5>\n<h5><em><strong>l&rsquo;huile essentielle de bois d&rsquo;inde + colorant vert alimentaire.<\/strong><\/em><\/h5>\n<p>Produit fabriqu\u00e9 en Guadeloupe \ud83c\uddec\ud83c\uddf5<\/p>\n","protected":false},"featured_media":1654,"comment_status":"closed","ping_status":"closed","template":"","meta":[],"product_brand":[],"product_cat":[55,64,17],"product_tag":[],"class_list":{"0":"post-1669","1":"product","2":"type-product","3":"status-publish","4":"has-post-thumbnail","6":"product_cat-les-coffrets-tout-doux-coco","7":"product_cat-les-exclusivites","8":"product_cat-non-classe","10":"first","11":"instock","12":"taxable","13":"shipping-taxable","14":"purchasable","15":"product-type-simple"},"yoast_head":"<!-- This site is optimized with the Yoast SEO plugin v27.3 - https:\/\/yoast.com\/product\/yoast-seo-wordpress\/ -->\n<title>Coffret Peau Nette N\u00b02 - LAURASIS<\/title>\n<meta name=\"robots\" content=\"index, follow, max-snippet:-1, max-image-preview:large, max-video-preview:-1\" \/>\n<link rel=\"canonical\" href=\"https:\/\/laurasis.com\/index.php\/produit\/coffret-peau-nette-n2\/\" \/>\n<meta property=\"og:locale\" content=\"fr_FR\" \/>\n<meta property=\"og:type\" content=\"article\" \/>\n<meta property=\"og:title\" content=\"Coffret Peau Nette N\u00b02 - LAURASIS\" \/>\n<meta property=\"og:description\" content=\"D\u00e9tail du produit Le Coffret Peau Nette N\u00b02 de Laurasis Beaut\u00e9 Cr\u00e9ole est compos\u00e9 d&#039;un : d&#039;un savon au thym, d&#039;un savon au bois d&#039;Inde\/Cannelle, d&#039;un ongant Daty\u00e9 et bois d&#039;Inde + un petit savon de chez Laurasis Beaut\u00e9 Cr\u00e9ole. Prix : 25,00 \u20ac TTC (hors frais de livraison)  Propri\u00e9t\u00e9s : antifongiques, antibact\u00e9riennes, antiseptiques et cicatrisantes. Il est conseill\u00e9 pour les teints brouill\u00e9s et les peaux fatigu\u00e9es, les boutons. Utilisation : visage et corps. \u26a0 Ne pas utiliser sur des enfants de - 6 ans. Produit 100% v\u00e9g\u00e9tal, sans colorants ni conservateurs. Contient de l&#039;huile essentielle de thym, l&#039;huile essentielle de bois d&#039;inde + colorant vert alimentaire. Produit fabriqu\u00e9 en Guadeloupe \ud83c\uddec\ud83c\uddf5\" \/>\n<meta property=\"og:url\" content=\"https:\/\/laurasis.com\/index.php\/produit\/coffret-peau-nette-n2\/\" \/>\n<meta property=\"og:site_name\" content=\"LAURASIS\" \/>\n<meta property=\"article:modified_time\" content=\"2025-12-16T22:34:02+00:00\" \/>\n<meta property=\"og:image\" content=\"https:\/\/laurasis.com\/wp-content\/uploads\/2025\/12\/Coffret-Peau-Nette-2.png\" \/>\n\t<meta property=\"og:image:width\" content=\"960\" \/>\n\t<meta property=\"og:image:height\" content=\"1280\" \/>\n\t<meta property=\"og:image:type\" content=\"image\/png\" \/>\n<meta name=\"twitter:card\" content=\"summary_large_image\" \/>\n<script type=\"application\/ld+json\" class=\"yoast-schema-graph\">{\"@context\":\"https:\\\/\\\/schema.org\",\"@graph\":[{\"@type\":\"WebPage\",\"@id\":\"https:\\\/\\\/laurasis.com\\\/index.php\\\/produit\\\/coffret-peau-nette-n2\\\/\",\"url\":\"https:\\\/\\\/laurasis.com\\\/index.php\\\/produit\\\/coffret-peau-nette-n2\\\/\",\"name\":\"Coffret Peau Nette N\u00b02 - LAURASIS\",\"isPartOf\":{\"@id\":\"https:\\\/\\\/laurasis.com\\\/#website\"},\"primaryImageOfPage\":{\"@id\":\"https:\\\/\\\/laurasis.com\\\/index.php\\\/produit\\\/coffret-peau-nette-n2\\\/#primaryimage\"},\"image\":{\"@id\":\"https:\\\/\\\/laurasis.com\\\/index.php\\\/produit\\\/coffret-peau-nette-n2\\\/#primaryimage\"},\"thumbnailUrl\":\"https:\\\/\\\/laurasis.com\\\/wp-content\\\/uploads\\\/2025\\\/12\\\/Coffret-Peau-Nette-2.png\",\"datePublished\":\"2025-12-16T22:10:27+00:00\",\"dateModified\":\"2025-12-16T22:34:02+00:00\",\"breadcrumb\":{\"@id\":\"https:\\\/\\\/laurasis.com\\\/index.php\\\/produit\\\/coffret-peau-nette-n2\\\/#breadcrumb\"},\"inLanguage\":\"fr-FR\",\"potentialAction\":[{\"@type\":\"ReadAction\",\"target\":[\"https:\\\/\\\/laurasis.com\\\/index.php\\\/produit\\\/coffret-peau-nette-n2\\\/\"]}]},{\"@type\":\"ImageObject\",\"inLanguage\":\"fr-FR\",\"@id\":\"https:\\\/\\\/laurasis.com\\\/index.php\\\/produit\\\/coffret-peau-nette-n2\\\/#primaryimage\",\"url\":\"https:\\\/\\\/laurasis.com\\\/wp-content\\\/uploads\\\/2025\\\/12\\\/Coffret-Peau-Nette-2.png\",\"contentUrl\":\"https:\\\/\\\/laurasis.com\\\/wp-content\\\/uploads\\\/2025\\\/12\\\/Coffret-Peau-Nette-2.png\",\"width\":960,\"height\":1280},{\"@type\":\"BreadcrumbList\",\"@id\":\"https:\\\/\\\/laurasis.com\\\/index.php\\\/produit\\\/coffret-peau-nette-n2\\\/#breadcrumb\",\"itemListElement\":[{\"@type\":\"ListItem\",\"position\":1,\"name\":\"Accueil\",\"item\":\"https:\\\/\\\/laurasis.com\\\/\"},{\"@type\":\"ListItem\",\"position\":2,\"name\":\"Boutique\",\"item\":\"https:\\\/\\\/laurasis.com\\\/index.php\\\/boutique\\\/\"},{\"@type\":\"ListItem\",\"position\":3,\"name\":\"Coffret Peau Nette N\u00b02\"}]},{\"@type\":\"WebSite\",\"@id\":\"https:\\\/\\\/laurasis.com\\\/#website\",\"url\":\"https:\\\/\\\/laurasis.com\\\/\",\"name\":\"LAURASIS\",\"description\":\"Laurais Beaut\u00e9 Cr\u00e9ole, une oasis de bien-\u00eatre.\",\"publisher\":{\"@id\":\"https:\\\/\\\/laurasis.com\\\/#organization\"},\"potentialAction\":[{\"@type\":\"SearchAction\",\"target\":{\"@type\":\"EntryPoint\",\"urlTemplate\":\"https:\\\/\\\/laurasis.com\\\/?s={search_term_string}\"},\"query-input\":{\"@type\":\"PropertyValueSpecification\",\"valueRequired\":true,\"valueName\":\"search_term_string\"}}],\"inLanguage\":\"fr-FR\"},{\"@type\":\"Organization\",\"@id\":\"https:\\\/\\\/laurasis.com\\\/#organization\",\"name\":\"Laurasis Beaut\u00e9 Cr\u00e9ole\",\"url\":\"https:\\\/\\\/laurasis.com\\\/\",\"logo\":{\"@type\":\"ImageObject\",\"inLanguage\":\"fr-FR\",\"@id\":\"https:\\\/\\\/laurasis.com\\\/#\\\/schema\\\/logo\\\/image\\\/\",\"url\":\"https:\\\/\\\/laurasis.com\\\/wp-content\\\/uploads\\\/2024\\\/06\\\/Logo-LBC-transparent.png\",\"contentUrl\":\"https:\\\/\\\/laurasis.com\\\/wp-content\\\/uploads\\\/2024\\\/06\\\/Logo-LBC-transparent.png\",\"width\":311,\"height\":169,\"caption\":\"Laurasis Beaut\u00e9 Cr\u00e9ole\"},\"image\":{\"@id\":\"https:\\\/\\\/laurasis.com\\\/#\\\/schema\\\/logo\\\/image\\\/\"},\"sameAs\":[\"https:\\\/\\\/www.instagram.com\\\/LAURASISBEAUTECREOLE\\\/\"]}]}<\/script>\n<!-- \/ Yoast SEO plugin. -->","yoast_head_json":{"title":"Coffret Peau Nette N\u00b02 - LAURASIS","robots":{"index":"index","follow":"follow","max-snippet":"max-snippet:-1","max-image-preview":"max-image-preview:large","max-video-preview":"max-video-preview:-1"},"canonical":"https:\/\/laurasis.com\/index.php\/produit\/coffret-peau-nette-n2\/","og_locale":"fr_FR","og_type":"article","og_title":"Coffret Peau Nette N\u00b02 - LAURASIS","og_description":"D\u00e9tail du produit Le Coffret Peau Nette N\u00b02 de Laurasis Beaut\u00e9 Cr\u00e9ole est compos\u00e9 d'un : d'un savon au thym, d'un savon au bois d'Inde\/Cannelle, d'un ongant Daty\u00e9 et bois d'Inde + un petit savon de chez Laurasis Beaut\u00e9 Cr\u00e9ole. Prix : 25,00 \u20ac TTC (hors frais de livraison)  Propri\u00e9t\u00e9s : antifongiques, antibact\u00e9riennes, antiseptiques et cicatrisantes. Il est conseill\u00e9 pour les teints brouill\u00e9s et les peaux fatigu\u00e9es, les boutons. Utilisation : visage et corps. \u26a0 Ne pas utiliser sur des enfants de - 6 ans. Produit 100% v\u00e9g\u00e9tal, sans colorants ni conservateurs. Contient de l'huile essentielle de thym, l'huile essentielle de bois d'inde + colorant vert alimentaire. Produit fabriqu\u00e9 en Guadeloupe \ud83c\uddec\ud83c\uddf5","og_url":"https:\/\/laurasis.com\/index.php\/produit\/coffret-peau-nette-n2\/","og_site_name":"LAURASIS","article_modified_time":"2025-12-16T22:34:02+00:00","og_image":[{"width":960,"height":1280,"url":"https:\/\/laurasis.com\/wp-content\/uploads\/2025\/12\/Coffret-Peau-Nette-2.png","type":"image\/png"}],"twitter_card":"summary_large_image","schema":{"@context":"https:\/\/schema.org","@graph":[{"@type":"WebPage","@id":"https:\/\/laurasis.com\/index.php\/produit\/coffret-peau-nette-n2\/","url":"https:\/\/laurasis.com\/index.php\/produit\/coffret-peau-nette-n2\/","name":"Coffret Peau Nette N\u00b02 - LAURASIS","isPartOf":{"@id":"https:\/\/laurasis.com\/#website"},"primaryImageOfPage":{"@id":"https:\/\/laurasis.com\/index.php\/produit\/coffret-peau-nette-n2\/#primaryimage"},"image":{"@id":"https:\/\/laurasis.com\/index.php\/produit\/coffret-peau-nette-n2\/#primaryimage"},"thumbnailUrl":"https:\/\/laurasis.com\/wp-content\/uploads\/2025\/12\/Coffret-Peau-Nette-2.png","datePublished":"2025-12-16T22:10:27+00:00","dateModified":"2025-12-16T22:34:02+00:00","breadcrumb":{"@id":"https:\/\/laurasis.com\/index.php\/produit\/coffret-peau-nette-n2\/#breadcrumb"},"inLanguage":"fr-FR","potentialAction":[{"@type":"ReadAction","target":["https:\/\/laurasis.com\/index.php\/produit\/coffret-peau-nette-n2\/"]}]},{"@type":"ImageObject","inLanguage":"fr-FR","@id":"https:\/\/laurasis.com\/index.php\/produit\/coffret-peau-nette-n2\/#primaryimage","url":"https:\/\/laurasis.com\/wp-content\/uploads\/2025\/12\/Coffret-Peau-Nette-2.png","contentUrl":"https:\/\/laurasis.com\/wp-content\/uploads\/2025\/12\/Coffret-Peau-Nette-2.png","width":960,"height":1280},{"@type":"BreadcrumbList","@id":"https:\/\/laurasis.com\/index.php\/produit\/coffret-peau-nette-n2\/#breadcrumb","itemListElement":[{"@type":"ListItem","position":1,"name":"Accueil","item":"https:\/\/laurasis.com\/"},{"@type":"ListItem","position":2,"name":"Boutique","item":"https:\/\/laurasis.com\/index.php\/boutique\/"},{"@type":"ListItem","position":3,"name":"Coffret Peau Nette N\u00b02"}]},{"@type":"WebSite","@id":"https:\/\/laurasis.com\/#website","url":"https:\/\/laurasis.com\/","name":"LAURASIS","description":"Laurais Beaut\u00e9 Cr\u00e9ole, une oasis de bien-\u00eatre.","publisher":{"@id":"https:\/\/laurasis.com\/#organization"},"potentialAction":[{"@type":"SearchAction","target":{"@type":"EntryPoint","urlTemplate":"https:\/\/laurasis.com\/?s={search_term_string}"},"query-input":{"@type":"PropertyValueSpecification","valueRequired":true,"valueName":"search_term_string"}}],"inLanguage":"fr-FR"},{"@type":"Organization","@id":"https:\/\/laurasis.com\/#organization","name":"Laurasis Beaut\u00e9 Cr\u00e9ole","url":"https:\/\/laurasis.com\/","logo":{"@type":"ImageObject","inLanguage":"fr-FR","@id":"https:\/\/laurasis.com\/#\/schema\/logo\/image\/","url":"https:\/\/laurasis.com\/wp-content\/uploads\/2024\/06\/Logo-LBC-transparent.png","contentUrl":"https:\/\/laurasis.com\/wp-content\/uploads\/2024\/06\/Logo-LBC-transparent.png","width":311,"height":169,"caption":"Laurasis Beaut\u00e9 Cr\u00e9ole"},"image":{"@id":"https:\/\/laurasis.com\/#\/schema\/logo\/image\/"},"sameAs":["https:\/\/www.instagram.com\/LAURASISBEAUTECREOLE\/"]}]}},"_links":{"self":[{"href":"https:\/\/laurasis.com\/index.php\/wp-json\/wp\/v2\/product\/1669","targetHints":{"allow":["GET"]}}],"collection":[{"href":"https:\/\/laurasis.com\/index.php\/wp-json\/wp\/v2\/product"}],"about":[{"href":"https:\/\/laurasis.com\/index.php\/wp-json\/wp\/v2\/types\/product"}],"replies":[{"embeddable":true,"href":"https:\/\/laurasis.com\/index.php\/wp-json\/wp\/v2\/comments?post=1669"}],"wp:featuredmedia":[{"embeddable":true,"href":"https:\/\/laurasis.com\/index.php\/wp-json\/wp\/v2\/media\/1654"}],"wp:attachment":[{"href":"https:\/\/laurasis.com\/index.php\/wp-json\/wp\/v2\/media?parent=1669"}],"wp:term":[{"taxonomy":"product_brand","embeddable":true,"href":"https:\/\/laurasis.com\/index.php\/wp-json\/wp\/v2\/product_brand?post=1669"},{"taxonomy":"product_cat","embeddable":true,"href":"https:\/\/laurasis.com\/index.php\/wp-json\/wp\/v2\/product_cat?post=1669"},{"taxonomy":"product_tag","embeddable":true,"href":"https:\/\/laurasis.com\/index.php\/wp-json\/wp\/v2\/product_tag?post=1669"}],"curies":[{"name":"wp","href":"https:\/\/api.w.org\/{rel}","templated":true}]}}