{"id":301,"date":"2019-08-09T23:48:48","date_gmt":"2019-08-09T21:48:48","guid":{"rendered":"http:\/\/laurasis.com\/?post_type=product&#038;p=301"},"modified":"2025-12-29T14:12:09","modified_gmt":"2025-12-29T13:12:09","slug":"savon-tout-doux-coco","status":"publish","type":"product","link":"https:\/\/laurasis.com\/index.php\/produit\/savon-tout-doux-coco\/","title":{"rendered":"Savon Tout Doux Coco"},"content":{"rendered":"","protected":false},"excerpt":{"rendered":"<h2><strong>D\u00e9tail du produit<\/strong><\/h2>\n<p>Le savon tout doux coco de Laurasis Beaut\u00e9 Cr\u00e9ole <strong>(\u2248100g)<\/strong><br \/>\nPrix : 6,60 \u20ac TTC (hors frais de livraison)<\/p>\n<p>Le savon surgras Tout Doux Coco de Laurasis Beaut\u00e9 Cr\u00e9ole, nettoie la peau tout en douceur, sans l&rsquo;agresser.<br \/>\nIl est hydratant et nourrissant.<br \/>\nIl Convient \u00e0 tous les types de peaux, m\u00eame les peaux \u00e0 probl\u00e8mes comme l&rsquo;acn\u00e9.<br \/>\nUtilisation visage et corps.<\/p>\n<h5><em><strong>Savon 100% v\u00e9g\u00e9tal, sans colorants ni conservateurs.<\/strong><\/em><\/h5>\n<p>Produit fabriqu\u00e9 en Guadeloupe \ud83c\uddec\ud83c\uddf5<\/p>\n","protected":false},"featured_media":1629,"comment_status":"open","ping_status":"closed","template":"","meta":[],"product_brand":[],"product_cat":[29,31],"product_tag":[],"class_list":{"0":"post-301","1":"product","2":"type-product","3":"status-publish","4":"has-post-thumbnail","6":"product_cat-savons","7":"product_cat-les-savons-a-lhuile-de-coco","9":"first","10":"onbackorder","11":"taxable","12":"shipping-taxable","13":"purchasable","14":"product-type-simple"},"yoast_head":"<!-- This site is optimized with the Yoast SEO plugin v27.5 - https:\/\/yoast.com\/product\/yoast-seo-wordpress\/ -->\n<title>Savon Tout Doux Coco - LAURASIS<\/title>\n<meta name=\"description\" content=\"Savon Laurasis Beaut\u00e9 Cr\u00e9ole. Le savon tout doux coco nettoie tout en douceur la peau sans l&#039;agresser.Il est hydratant. Il Convient \u00e0 tout les types de peaux, m\u00eame les peaux \u00e0 probl\u00e8mes comme l&#039;acn\u00e9. Savon pour visage et corps.\" \/>\n<meta name=\"robots\" content=\"index, follow, max-snippet:-1, max-image-preview:large, max-video-preview:-1\" \/>\n<link rel=\"canonical\" href=\"https:\/\/laurasis.com\/index.php\/produit\/savon-tout-doux-coco\/\" \/>\n<meta property=\"og:locale\" content=\"fr_FR\" \/>\n<meta property=\"og:type\" content=\"article\" \/>\n<meta property=\"og:title\" content=\"Savon Tout Doux Coco - LAURASIS\" \/>\n<meta property=\"og:description\" content=\"Savon Laurasis Beaut\u00e9 Cr\u00e9ole. Le savon tout doux coco nettoie tout en douceur la peau sans l&#039;agresser.Il est hydratant. Il Convient \u00e0 tout les types de peaux, m\u00eame les peaux \u00e0 probl\u00e8mes comme l&#039;acn\u00e9. Savon pour visage et corps.\" \/>\n<meta property=\"og:url\" content=\"https:\/\/laurasis.com\/index.php\/produit\/savon-tout-doux-coco\/\" \/>\n<meta property=\"og:site_name\" content=\"LAURASIS\" \/>\n<meta property=\"article:modified_time\" content=\"2025-12-29T13:12:09+00:00\" \/>\n<meta property=\"og:image\" content=\"https:\/\/laurasis.com\/wp-content\/uploads\/2025\/10\/Savon-Tout-Doux-Coco.png\" \/>\n\t<meta property=\"og:image:width\" content=\"1280\" \/>\n\t<meta property=\"og:image:height\" content=\"960\" \/>\n\t<meta property=\"og:image:type\" content=\"image\/png\" \/>\n<meta name=\"twitter:card\" content=\"summary_large_image\" \/>\n<script type=\"application\/ld+json\" class=\"yoast-schema-graph\">{\"@context\":\"https:\\\/\\\/schema.org\",\"@graph\":[{\"@type\":\"WebPage\",\"@id\":\"https:\\\/\\\/laurasis.com\\\/index.php\\\/produit\\\/savon-tout-doux-coco\\\/\",\"url\":\"https:\\\/\\\/laurasis.com\\\/index.php\\\/produit\\\/savon-tout-doux-coco\\\/\",\"name\":\"Savon Tout Doux Coco - LAURASIS\",\"isPartOf\":{\"@id\":\"https:\\\/\\\/laurasis.com\\\/#website\"},\"primaryImageOfPage\":{\"@id\":\"https:\\\/\\\/laurasis.com\\\/index.php\\\/produit\\\/savon-tout-doux-coco\\\/#primaryimage\"},\"image\":{\"@id\":\"https:\\\/\\\/laurasis.com\\\/index.php\\\/produit\\\/savon-tout-doux-coco\\\/#primaryimage\"},\"thumbnailUrl\":\"https:\\\/\\\/laurasis.com\\\/wp-content\\\/uploads\\\/2025\\\/10\\\/Savon-Tout-Doux-Coco.png\",\"datePublished\":\"2019-08-09T21:48:48+00:00\",\"dateModified\":\"2025-12-29T13:12:09+00:00\",\"description\":\"Savon Laurasis Beaut\u00e9 Cr\u00e9ole. Le savon tout doux coco nettoie tout en douceur la peau sans l'agresser.Il est hydratant. Il Convient \u00e0 tout les types de peaux, m\u00eame les peaux \u00e0 probl\u00e8mes comme l'acn\u00e9. Savon pour visage et corps.\",\"breadcrumb\":{\"@id\":\"https:\\\/\\\/laurasis.com\\\/index.php\\\/produit\\\/savon-tout-doux-coco\\\/#breadcrumb\"},\"inLanguage\":\"fr-FR\",\"potentialAction\":[{\"@type\":\"ReadAction\",\"target\":[\"https:\\\/\\\/laurasis.com\\\/index.php\\\/produit\\\/savon-tout-doux-coco\\\/\"]}]},{\"@type\":\"ImageObject\",\"inLanguage\":\"fr-FR\",\"@id\":\"https:\\\/\\\/laurasis.com\\\/index.php\\\/produit\\\/savon-tout-doux-coco\\\/#primaryimage\",\"url\":\"https:\\\/\\\/laurasis.com\\\/wp-content\\\/uploads\\\/2025\\\/10\\\/Savon-Tout-Doux-Coco.png\",\"contentUrl\":\"https:\\\/\\\/laurasis.com\\\/wp-content\\\/uploads\\\/2025\\\/10\\\/Savon-Tout-Doux-Coco.png\",\"width\":1280,\"height\":960},{\"@type\":\"BreadcrumbList\",\"@id\":\"https:\\\/\\\/laurasis.com\\\/index.php\\\/produit\\\/savon-tout-doux-coco\\\/#breadcrumb\",\"itemListElement\":[{\"@type\":\"ListItem\",\"position\":1,\"name\":\"Accueil\",\"item\":\"https:\\\/\\\/laurasis.com\\\/\"},{\"@type\":\"ListItem\",\"position\":2,\"name\":\"Boutique\",\"item\":\"https:\\\/\\\/laurasis.com\\\/index.php\\\/boutique\\\/\"},{\"@type\":\"ListItem\",\"position\":3,\"name\":\"Savon Tout Doux Coco\"}]},{\"@type\":\"WebSite\",\"@id\":\"https:\\\/\\\/laurasis.com\\\/#website\",\"url\":\"https:\\\/\\\/laurasis.com\\\/\",\"name\":\"LAURASIS\",\"description\":\"Laurais Beaut\u00e9 Cr\u00e9ole, une oasis de bien-\u00eatre.\",\"publisher\":{\"@id\":\"https:\\\/\\\/laurasis.com\\\/#organization\"},\"potentialAction\":[{\"@type\":\"SearchAction\",\"target\":{\"@type\":\"EntryPoint\",\"urlTemplate\":\"https:\\\/\\\/laurasis.com\\\/?s={search_term_string}\"},\"query-input\":{\"@type\":\"PropertyValueSpecification\",\"valueRequired\":true,\"valueName\":\"search_term_string\"}}],\"inLanguage\":\"fr-FR\"},{\"@type\":\"Organization\",\"@id\":\"https:\\\/\\\/laurasis.com\\\/#organization\",\"name\":\"Laurasis Beaut\u00e9 Cr\u00e9ole\",\"url\":\"https:\\\/\\\/laurasis.com\\\/\",\"logo\":{\"@type\":\"ImageObject\",\"inLanguage\":\"fr-FR\",\"@id\":\"https:\\\/\\\/laurasis.com\\\/#\\\/schema\\\/logo\\\/image\\\/\",\"url\":\"https:\\\/\\\/laurasis.com\\\/wp-content\\\/uploads\\\/2024\\\/06\\\/Logo-LBC-transparent.png\",\"contentUrl\":\"https:\\\/\\\/laurasis.com\\\/wp-content\\\/uploads\\\/2024\\\/06\\\/Logo-LBC-transparent.png\",\"width\":311,\"height\":169,\"caption\":\"Laurasis Beaut\u00e9 Cr\u00e9ole\"},\"image\":{\"@id\":\"https:\\\/\\\/laurasis.com\\\/#\\\/schema\\\/logo\\\/image\\\/\"},\"sameAs\":[\"https:\\\/\\\/www.instagram.com\\\/LAURASISBEAUTECREOLE\\\/\"]}]}<\/script>\n<!-- \/ Yoast SEO plugin. -->","yoast_head_json":{"title":"Savon Tout Doux Coco - LAURASIS","description":"Savon Laurasis Beaut\u00e9 Cr\u00e9ole. Le savon tout doux coco nettoie tout en douceur la peau sans l'agresser.Il est hydratant. Il Convient \u00e0 tout les types de peaux, m\u00eame les peaux \u00e0 probl\u00e8mes comme l'acn\u00e9. Savon pour visage et corps.","robots":{"index":"index","follow":"follow","max-snippet":"max-snippet:-1","max-image-preview":"max-image-preview:large","max-video-preview":"max-video-preview:-1"},"canonical":"https:\/\/laurasis.com\/index.php\/produit\/savon-tout-doux-coco\/","og_locale":"fr_FR","og_type":"article","og_title":"Savon Tout Doux Coco - LAURASIS","og_description":"Savon Laurasis Beaut\u00e9 Cr\u00e9ole. Le savon tout doux coco nettoie tout en douceur la peau sans l'agresser.Il est hydratant. Il Convient \u00e0 tout les types de peaux, m\u00eame les peaux \u00e0 probl\u00e8mes comme l'acn\u00e9. Savon pour visage et corps.","og_url":"https:\/\/laurasis.com\/index.php\/produit\/savon-tout-doux-coco\/","og_site_name":"LAURASIS","article_modified_time":"2025-12-29T13:12:09+00:00","og_image":[{"width":1280,"height":960,"url":"https:\/\/laurasis.com\/wp-content\/uploads\/2025\/10\/Savon-Tout-Doux-Coco.png","type":"image\/png"}],"twitter_card":"summary_large_image","schema":{"@context":"https:\/\/schema.org","@graph":[{"@type":"WebPage","@id":"https:\/\/laurasis.com\/index.php\/produit\/savon-tout-doux-coco\/","url":"https:\/\/laurasis.com\/index.php\/produit\/savon-tout-doux-coco\/","name":"Savon Tout Doux Coco - LAURASIS","isPartOf":{"@id":"https:\/\/laurasis.com\/#website"},"primaryImageOfPage":{"@id":"https:\/\/laurasis.com\/index.php\/produit\/savon-tout-doux-coco\/#primaryimage"},"image":{"@id":"https:\/\/laurasis.com\/index.php\/produit\/savon-tout-doux-coco\/#primaryimage"},"thumbnailUrl":"https:\/\/laurasis.com\/wp-content\/uploads\/2025\/10\/Savon-Tout-Doux-Coco.png","datePublished":"2019-08-09T21:48:48+00:00","dateModified":"2025-12-29T13:12:09+00:00","description":"Savon Laurasis Beaut\u00e9 Cr\u00e9ole. Le savon tout doux coco nettoie tout en douceur la peau sans l'agresser.Il est hydratant. Il Convient \u00e0 tout les types de peaux, m\u00eame les peaux \u00e0 probl\u00e8mes comme l'acn\u00e9. Savon pour visage et corps.","breadcrumb":{"@id":"https:\/\/laurasis.com\/index.php\/produit\/savon-tout-doux-coco\/#breadcrumb"},"inLanguage":"fr-FR","potentialAction":[{"@type":"ReadAction","target":["https:\/\/laurasis.com\/index.php\/produit\/savon-tout-doux-coco\/"]}]},{"@type":"ImageObject","inLanguage":"fr-FR","@id":"https:\/\/laurasis.com\/index.php\/produit\/savon-tout-doux-coco\/#primaryimage","url":"https:\/\/laurasis.com\/wp-content\/uploads\/2025\/10\/Savon-Tout-Doux-Coco.png","contentUrl":"https:\/\/laurasis.com\/wp-content\/uploads\/2025\/10\/Savon-Tout-Doux-Coco.png","width":1280,"height":960},{"@type":"BreadcrumbList","@id":"https:\/\/laurasis.com\/index.php\/produit\/savon-tout-doux-coco\/#breadcrumb","itemListElement":[{"@type":"ListItem","position":1,"name":"Accueil","item":"https:\/\/laurasis.com\/"},{"@type":"ListItem","position":2,"name":"Boutique","item":"https:\/\/laurasis.com\/index.php\/boutique\/"},{"@type":"ListItem","position":3,"name":"Savon Tout Doux Coco"}]},{"@type":"WebSite","@id":"https:\/\/laurasis.com\/#website","url":"https:\/\/laurasis.com\/","name":"LAURASIS","description":"Laurais Beaut\u00e9 Cr\u00e9ole, une oasis de bien-\u00eatre.","publisher":{"@id":"https:\/\/laurasis.com\/#organization"},"potentialAction":[{"@type":"SearchAction","target":{"@type":"EntryPoint","urlTemplate":"https:\/\/laurasis.com\/?s={search_term_string}"},"query-input":{"@type":"PropertyValueSpecification","valueRequired":true,"valueName":"search_term_string"}}],"inLanguage":"fr-FR"},{"@type":"Organization","@id":"https:\/\/laurasis.com\/#organization","name":"Laurasis Beaut\u00e9 Cr\u00e9ole","url":"https:\/\/laurasis.com\/","logo":{"@type":"ImageObject","inLanguage":"fr-FR","@id":"https:\/\/laurasis.com\/#\/schema\/logo\/image\/","url":"https:\/\/laurasis.com\/wp-content\/uploads\/2024\/06\/Logo-LBC-transparent.png","contentUrl":"https:\/\/laurasis.com\/wp-content\/uploads\/2024\/06\/Logo-LBC-transparent.png","width":311,"height":169,"caption":"Laurasis Beaut\u00e9 Cr\u00e9ole"},"image":{"@id":"https:\/\/laurasis.com\/#\/schema\/logo\/image\/"},"sameAs":["https:\/\/www.instagram.com\/LAURASISBEAUTECREOLE\/"]}]}},"_links":{"self":[{"href":"https:\/\/laurasis.com\/index.php\/wp-json\/wp\/v2\/product\/301","targetHints":{"allow":["GET"]}}],"collection":[{"href":"https:\/\/laurasis.com\/index.php\/wp-json\/wp\/v2\/product"}],"about":[{"href":"https:\/\/laurasis.com\/index.php\/wp-json\/wp\/v2\/types\/product"}],"replies":[{"embeddable":true,"href":"https:\/\/laurasis.com\/index.php\/wp-json\/wp\/v2\/comments?post=301"}],"wp:featuredmedia":[{"embeddable":true,"href":"https:\/\/laurasis.com\/index.php\/wp-json\/wp\/v2\/media\/1629"}],"wp:attachment":[{"href":"https:\/\/laurasis.com\/index.php\/wp-json\/wp\/v2\/media?parent=301"}],"wp:term":[{"taxonomy":"product_brand","embeddable":true,"href":"https:\/\/laurasis.com\/index.php\/wp-json\/wp\/v2\/product_brand?post=301"},{"taxonomy":"product_cat","embeddable":true,"href":"https:\/\/laurasis.com\/index.php\/wp-json\/wp\/v2\/product_cat?post=301"},{"taxonomy":"product_tag","embeddable":true,"href":"https:\/\/laurasis.com\/index.php\/wp-json\/wp\/v2\/product_tag?post=301"}],"curies":[{"name":"wp","href":"https:\/\/api.w.org\/{rel}","templated":true}]}}