{"id":319,"date":"2019-08-10T01:15:48","date_gmt":"2019-08-09T23:15:48","guid":{"rendered":"http:\/\/laurasis.com\/?post_type=product&#038;p=319"},"modified":"2025-10-02T16:17:29","modified_gmt":"2025-10-02T14:17:29","slug":"le-savon-doucelette-miel-et-lait-de-coco","status":"publish","type":"product","link":"https:\/\/laurasis.com\/index.php\/produit\/le-savon-doucelette-miel-et-lait-de-coco\/","title":{"rendered":"Savon Doucelette (miel et lait de coco)"},"content":{"rendered":"","protected":false},"excerpt":{"rendered":"<h2><strong>D\u00e9tail du produit<\/strong><\/h2>\n<p>Le savon\u00a0 doucelette, (miel et lait de coco), de Laurasis Beaut\u00e9 Cr\u00e9ole <strong>(\u2248100g)<\/strong><br \/>\nPrix : 6,60 \u20ac TTC (hors frais de livraison)<\/p>\n<p>Savon artisanal surgras de Laurasis Beaut\u00e9 Cr\u00e9ole, est \u00e0 base de cire d&rsquo;abeilles, de miel pays et de lait de<br \/>\ncoco.<br \/>\nUne vraie friandise pour votre peau.<br \/>\nCe savon est id\u00e9al, pour les peaux s\u00e8ches, fatigu\u00e9es et d\u00e9vitalis\u00e9es.<br \/>\nNaturellement parfum\u00e9.<br \/>\nUtilisation : visage et corps<\/p>\n<h5><em><strong>Savon 100% v\u00e9g\u00e9tal, sans colorants ni conservateurs.<\/strong><\/em><\/h5>\n<p>Produit fabriqu\u00e9 en Guadeloupe \ud83c\uddec\ud83c\uddf5<\/p>\n","protected":false},"featured_media":1625,"comment_status":"open","ping_status":"closed","template":"","meta":[],"product_brand":[],"product_cat":[29,63],"product_tag":[],"class_list":{"0":"post-319","1":"product","2":"type-product","3":"status-publish","4":"has-post-thumbnail","6":"product_cat-savons","7":"product_cat-les-savons-au-miel","9":"first","10":"instock","11":"taxable","12":"shipping-taxable","13":"purchasable","14":"product-type-simple"},"yoast_head":"<!-- This site is optimized with the Yoast SEO plugin v27.5 - https:\/\/yoast.com\/product\/yoast-seo-wordpress\/ -->\n<title>Savon Doucelette (miel et lait de coco) - LAURASIS<\/title>\n<meta name=\"robots\" content=\"index, follow, max-snippet:-1, max-image-preview:large, max-video-preview:-1\" \/>\n<link rel=\"canonical\" href=\"https:\/\/laurasis.com\/index.php\/produit\/le-savon-doucelette-miel-et-lait-de-coco\/\" \/>\n<meta property=\"og:locale\" content=\"fr_FR\" \/>\n<meta property=\"og:type\" content=\"article\" \/>\n<meta property=\"og:title\" content=\"Savon Doucelette (miel et lait de coco) - LAURASIS\" \/>\n<meta property=\"og:description\" content=\"D\u00e9tail du produit Le savon\u00a0 doucelette, (miel et lait de coco), de Laurasis Beaut\u00e9 Cr\u00e9ole (\u2248100g) Prix : 6,60 \u20ac TTC (hors frais de livraison)  Savon artisanal surgras de Laurasis Beaut\u00e9 Cr\u00e9ole, est \u00e0 base de cire d&#039;abeilles, de miel pays et de lait de coco. Une vraie friandise pour votre peau. Ce savon est id\u00e9al, pour les peaux s\u00e8ches, fatigu\u00e9es et d\u00e9vitalis\u00e9es. Naturellement parfum\u00e9. Utilisation : visage et corps Savon 100% v\u00e9g\u00e9tal, sans colorants ni conservateurs. Produit fabriqu\u00e9 en Guadeloupe \ud83c\uddec\ud83c\uddf5\" \/>\n<meta property=\"og:url\" content=\"https:\/\/laurasis.com\/index.php\/produit\/le-savon-doucelette-miel-et-lait-de-coco\/\" \/>\n<meta property=\"og:site_name\" content=\"LAURASIS\" \/>\n<meta property=\"article:modified_time\" content=\"2025-10-02T14:17:29+00:00\" \/>\n<meta property=\"og:image\" content=\"https:\/\/laurasis.com\/wp-content\/uploads\/2025\/10\/Savon-Doucelette.png\" \/>\n\t<meta property=\"og:image:width\" content=\"1280\" \/>\n\t<meta property=\"og:image:height\" content=\"960\" \/>\n\t<meta property=\"og:image:type\" content=\"image\/png\" \/>\n<meta name=\"twitter:card\" content=\"summary_large_image\" \/>\n<script type=\"application\/ld+json\" class=\"yoast-schema-graph\">{\"@context\":\"https:\\\/\\\/schema.org\",\"@graph\":[{\"@type\":\"WebPage\",\"@id\":\"https:\\\/\\\/laurasis.com\\\/index.php\\\/produit\\\/le-savon-doucelette-miel-et-lait-de-coco\\\/\",\"url\":\"https:\\\/\\\/laurasis.com\\\/index.php\\\/produit\\\/le-savon-doucelette-miel-et-lait-de-coco\\\/\",\"name\":\"Savon Doucelette (miel et lait de coco) - LAURASIS\",\"isPartOf\":{\"@id\":\"https:\\\/\\\/laurasis.com\\\/#website\"},\"primaryImageOfPage\":{\"@id\":\"https:\\\/\\\/laurasis.com\\\/index.php\\\/produit\\\/le-savon-doucelette-miel-et-lait-de-coco\\\/#primaryimage\"},\"image\":{\"@id\":\"https:\\\/\\\/laurasis.com\\\/index.php\\\/produit\\\/le-savon-doucelette-miel-et-lait-de-coco\\\/#primaryimage\"},\"thumbnailUrl\":\"https:\\\/\\\/laurasis.com\\\/wp-content\\\/uploads\\\/2025\\\/10\\\/Savon-Doucelette.png\",\"datePublished\":\"2019-08-09T23:15:48+00:00\",\"dateModified\":\"2025-10-02T14:17:29+00:00\",\"breadcrumb\":{\"@id\":\"https:\\\/\\\/laurasis.com\\\/index.php\\\/produit\\\/le-savon-doucelette-miel-et-lait-de-coco\\\/#breadcrumb\"},\"inLanguage\":\"fr-FR\",\"potentialAction\":[{\"@type\":\"ReadAction\",\"target\":[\"https:\\\/\\\/laurasis.com\\\/index.php\\\/produit\\\/le-savon-doucelette-miel-et-lait-de-coco\\\/\"]}]},{\"@type\":\"ImageObject\",\"inLanguage\":\"fr-FR\",\"@id\":\"https:\\\/\\\/laurasis.com\\\/index.php\\\/produit\\\/le-savon-doucelette-miel-et-lait-de-coco\\\/#primaryimage\",\"url\":\"https:\\\/\\\/laurasis.com\\\/wp-content\\\/uploads\\\/2025\\\/10\\\/Savon-Doucelette.png\",\"contentUrl\":\"https:\\\/\\\/laurasis.com\\\/wp-content\\\/uploads\\\/2025\\\/10\\\/Savon-Doucelette.png\",\"width\":1280,\"height\":960},{\"@type\":\"BreadcrumbList\",\"@id\":\"https:\\\/\\\/laurasis.com\\\/index.php\\\/produit\\\/le-savon-doucelette-miel-et-lait-de-coco\\\/#breadcrumb\",\"itemListElement\":[{\"@type\":\"ListItem\",\"position\":1,\"name\":\"Accueil\",\"item\":\"https:\\\/\\\/laurasis.com\\\/\"},{\"@type\":\"ListItem\",\"position\":2,\"name\":\"Boutique\",\"item\":\"https:\\\/\\\/laurasis.com\\\/index.php\\\/boutique\\\/\"},{\"@type\":\"ListItem\",\"position\":3,\"name\":\"Savon Doucelette (miel et lait de coco)\"}]},{\"@type\":\"WebSite\",\"@id\":\"https:\\\/\\\/laurasis.com\\\/#website\",\"url\":\"https:\\\/\\\/laurasis.com\\\/\",\"name\":\"LAURASIS\",\"description\":\"Laurais Beaut\u00e9 Cr\u00e9ole, une oasis de bien-\u00eatre.\",\"publisher\":{\"@id\":\"https:\\\/\\\/laurasis.com\\\/#organization\"},\"potentialAction\":[{\"@type\":\"SearchAction\",\"target\":{\"@type\":\"EntryPoint\",\"urlTemplate\":\"https:\\\/\\\/laurasis.com\\\/?s={search_term_string}\"},\"query-input\":{\"@type\":\"PropertyValueSpecification\",\"valueRequired\":true,\"valueName\":\"search_term_string\"}}],\"inLanguage\":\"fr-FR\"},{\"@type\":\"Organization\",\"@id\":\"https:\\\/\\\/laurasis.com\\\/#organization\",\"name\":\"Laurasis Beaut\u00e9 Cr\u00e9ole\",\"url\":\"https:\\\/\\\/laurasis.com\\\/\",\"logo\":{\"@type\":\"ImageObject\",\"inLanguage\":\"fr-FR\",\"@id\":\"https:\\\/\\\/laurasis.com\\\/#\\\/schema\\\/logo\\\/image\\\/\",\"url\":\"https:\\\/\\\/laurasis.com\\\/wp-content\\\/uploads\\\/2024\\\/06\\\/Logo-LBC-transparent.png\",\"contentUrl\":\"https:\\\/\\\/laurasis.com\\\/wp-content\\\/uploads\\\/2024\\\/06\\\/Logo-LBC-transparent.png\",\"width\":311,\"height\":169,\"caption\":\"Laurasis Beaut\u00e9 Cr\u00e9ole\"},\"image\":{\"@id\":\"https:\\\/\\\/laurasis.com\\\/#\\\/schema\\\/logo\\\/image\\\/\"},\"sameAs\":[\"https:\\\/\\\/www.instagram.com\\\/LAURASISBEAUTECREOLE\\\/\"]}]}<\/script>\n<!-- \/ Yoast SEO plugin. -->","yoast_head_json":{"title":"Savon Doucelette (miel et lait de coco) - LAURASIS","robots":{"index":"index","follow":"follow","max-snippet":"max-snippet:-1","max-image-preview":"max-image-preview:large","max-video-preview":"max-video-preview:-1"},"canonical":"https:\/\/laurasis.com\/index.php\/produit\/le-savon-doucelette-miel-et-lait-de-coco\/","og_locale":"fr_FR","og_type":"article","og_title":"Savon Doucelette (miel et lait de coco) - LAURASIS","og_description":"D\u00e9tail du produit Le savon\u00a0 doucelette, (miel et lait de coco), de Laurasis Beaut\u00e9 Cr\u00e9ole (\u2248100g) Prix : 6,60 \u20ac TTC (hors frais de livraison)  Savon artisanal surgras de Laurasis Beaut\u00e9 Cr\u00e9ole, est \u00e0 base de cire d'abeilles, de miel pays et de lait de coco. Une vraie friandise pour votre peau. Ce savon est id\u00e9al, pour les peaux s\u00e8ches, fatigu\u00e9es et d\u00e9vitalis\u00e9es. Naturellement parfum\u00e9. Utilisation : visage et corps Savon 100% v\u00e9g\u00e9tal, sans colorants ni conservateurs. Produit fabriqu\u00e9 en Guadeloupe \ud83c\uddec\ud83c\uddf5","og_url":"https:\/\/laurasis.com\/index.php\/produit\/le-savon-doucelette-miel-et-lait-de-coco\/","og_site_name":"LAURASIS","article_modified_time":"2025-10-02T14:17:29+00:00","og_image":[{"width":1280,"height":960,"url":"https:\/\/laurasis.com\/wp-content\/uploads\/2025\/10\/Savon-Doucelette.png","type":"image\/png"}],"twitter_card":"summary_large_image","schema":{"@context":"https:\/\/schema.org","@graph":[{"@type":"WebPage","@id":"https:\/\/laurasis.com\/index.php\/produit\/le-savon-doucelette-miel-et-lait-de-coco\/","url":"https:\/\/laurasis.com\/index.php\/produit\/le-savon-doucelette-miel-et-lait-de-coco\/","name":"Savon Doucelette (miel et lait de coco) - LAURASIS","isPartOf":{"@id":"https:\/\/laurasis.com\/#website"},"primaryImageOfPage":{"@id":"https:\/\/laurasis.com\/index.php\/produit\/le-savon-doucelette-miel-et-lait-de-coco\/#primaryimage"},"image":{"@id":"https:\/\/laurasis.com\/index.php\/produit\/le-savon-doucelette-miel-et-lait-de-coco\/#primaryimage"},"thumbnailUrl":"https:\/\/laurasis.com\/wp-content\/uploads\/2025\/10\/Savon-Doucelette.png","datePublished":"2019-08-09T23:15:48+00:00","dateModified":"2025-10-02T14:17:29+00:00","breadcrumb":{"@id":"https:\/\/laurasis.com\/index.php\/produit\/le-savon-doucelette-miel-et-lait-de-coco\/#breadcrumb"},"inLanguage":"fr-FR","potentialAction":[{"@type":"ReadAction","target":["https:\/\/laurasis.com\/index.php\/produit\/le-savon-doucelette-miel-et-lait-de-coco\/"]}]},{"@type":"ImageObject","inLanguage":"fr-FR","@id":"https:\/\/laurasis.com\/index.php\/produit\/le-savon-doucelette-miel-et-lait-de-coco\/#primaryimage","url":"https:\/\/laurasis.com\/wp-content\/uploads\/2025\/10\/Savon-Doucelette.png","contentUrl":"https:\/\/laurasis.com\/wp-content\/uploads\/2025\/10\/Savon-Doucelette.png","width":1280,"height":960},{"@type":"BreadcrumbList","@id":"https:\/\/laurasis.com\/index.php\/produit\/le-savon-doucelette-miel-et-lait-de-coco\/#breadcrumb","itemListElement":[{"@type":"ListItem","position":1,"name":"Accueil","item":"https:\/\/laurasis.com\/"},{"@type":"ListItem","position":2,"name":"Boutique","item":"https:\/\/laurasis.com\/index.php\/boutique\/"},{"@type":"ListItem","position":3,"name":"Savon Doucelette (miel et lait de coco)"}]},{"@type":"WebSite","@id":"https:\/\/laurasis.com\/#website","url":"https:\/\/laurasis.com\/","name":"LAURASIS","description":"Laurais Beaut\u00e9 Cr\u00e9ole, une oasis de bien-\u00eatre.","publisher":{"@id":"https:\/\/laurasis.com\/#organization"},"potentialAction":[{"@type":"SearchAction","target":{"@type":"EntryPoint","urlTemplate":"https:\/\/laurasis.com\/?s={search_term_string}"},"query-input":{"@type":"PropertyValueSpecification","valueRequired":true,"valueName":"search_term_string"}}],"inLanguage":"fr-FR"},{"@type":"Organization","@id":"https:\/\/laurasis.com\/#organization","name":"Laurasis Beaut\u00e9 Cr\u00e9ole","url":"https:\/\/laurasis.com\/","logo":{"@type":"ImageObject","inLanguage":"fr-FR","@id":"https:\/\/laurasis.com\/#\/schema\/logo\/image\/","url":"https:\/\/laurasis.com\/wp-content\/uploads\/2024\/06\/Logo-LBC-transparent.png","contentUrl":"https:\/\/laurasis.com\/wp-content\/uploads\/2024\/06\/Logo-LBC-transparent.png","width":311,"height":169,"caption":"Laurasis Beaut\u00e9 Cr\u00e9ole"},"image":{"@id":"https:\/\/laurasis.com\/#\/schema\/logo\/image\/"},"sameAs":["https:\/\/www.instagram.com\/LAURASISBEAUTECREOLE\/"]}]}},"_links":{"self":[{"href":"https:\/\/laurasis.com\/index.php\/wp-json\/wp\/v2\/product\/319","targetHints":{"allow":["GET"]}}],"collection":[{"href":"https:\/\/laurasis.com\/index.php\/wp-json\/wp\/v2\/product"}],"about":[{"href":"https:\/\/laurasis.com\/index.php\/wp-json\/wp\/v2\/types\/product"}],"replies":[{"embeddable":true,"href":"https:\/\/laurasis.com\/index.php\/wp-json\/wp\/v2\/comments?post=319"}],"wp:featuredmedia":[{"embeddable":true,"href":"https:\/\/laurasis.com\/index.php\/wp-json\/wp\/v2\/media\/1625"}],"wp:attachment":[{"href":"https:\/\/laurasis.com\/index.php\/wp-json\/wp\/v2\/media?parent=319"}],"wp:term":[{"taxonomy":"product_brand","embeddable":true,"href":"https:\/\/laurasis.com\/index.php\/wp-json\/wp\/v2\/product_brand?post=319"},{"taxonomy":"product_cat","embeddable":true,"href":"https:\/\/laurasis.com\/index.php\/wp-json\/wp\/v2\/product_cat?post=319"},{"taxonomy":"product_tag","embeddable":true,"href":"https:\/\/laurasis.com\/index.php\/wp-json\/wp\/v2\/product_tag?post=319"}],"curies":[{"name":"wp","href":"https:\/\/api.w.org\/{rel}","templated":true}]}}