{"id":325,"date":"2019-08-10T02:21:28","date_gmt":"2019-08-10T00:21:28","guid":{"rendered":"http:\/\/laurasis.com\/?post_type=product&#038;p=325"},"modified":"2025-12-29T14:12:09","modified_gmt":"2025-12-29T13:12:09","slug":"le-savon-cannelle-bois-dinde","status":"publish","type":"product","link":"https:\/\/laurasis.com\/index.php\/produit\/le-savon-cannelle-bois-dinde\/","title":{"rendered":"Savon Cannelle \/ Bois d&rsquo;Inde"},"content":{"rendered":"","protected":false},"excerpt":{"rendered":"<h2><strong>D\u00e9tail du produit<\/strong><\/h2>\n<p>Le savon cannelle \/ bois d&rsquo;Inde de Laurasis Beaut\u00e9 Cr\u00e9ole <strong>(\u2248100g)<\/strong><br \/>\nPrix : 6,60 \u20ac TTC (hors frais de livraison)<\/p>\n<p>Le savon artisanal surgras au bois d\u02bcinde de Laurasis Beaut\u00e9 Cr\u00e9ole, est \u00e0 base d\u02bchuile essentielle de<br \/>\nbois d\u02bcinde des saintes et de mac\u00e9rat de cannelle.<br \/>\nLe bois d&rsquo;inde est bien s\u00fbr connu en tant qu&rsquo;\u00e9pice, mais ses effets dynamisants et toniques sont connus<br \/>\nen phytoth\u00e9rapie. Et la cannelle pour ses effets antiseptiques et d\u00e9fatigantes.<br \/>\nL&rsquo;huile essentielle contenue dans ce savon a des propri\u00e9t\u00e9s antiseptiques antifongiques et cicatrisantes.<br \/>\nUtilisation : visage et corps.<\/p>\n<h4><span style=\"color: #ff0000;\"><strong>\u26a0 Ne pas utiliser sur des enfants de &#8211; 6 ans.<\/strong><\/span><\/h4>\n<h5><em><strong>Savon 100% v\u00e9g\u00e9tal, sans conservateurs. Contient de l&rsquo;huile essentielle de bois d&rsquo;Inde + colorant vert alimentaire.<br \/>\n<\/strong><\/em><\/h5>\n<p>Produit fabriqu\u00e9 en Guadeloupe \ud83c\uddec\ud83c\uddf5<\/p>\n","protected":false},"featured_media":1639,"comment_status":"open","ping_status":"closed","template":"","meta":[],"product_brand":[],"product_cat":[29,32],"product_tag":[],"class_list":{"0":"post-325","1":"product","2":"type-product","3":"status-publish","4":"has-post-thumbnail","6":"product_cat-savons","7":"product_cat-les-savons-aux-plantes","9":"first","10":"instock","11":"taxable","12":"shipping-taxable","13":"purchasable","14":"product-type-simple"},"yoast_head":"<!-- This site is optimized with the Yoast SEO plugin v27.5 - https:\/\/yoast.com\/product\/yoast-seo-wordpress\/ -->\n<title>Savon Cannelle \/ Bois d&#039;Inde - LAURASIS<\/title>\n<meta name=\"robots\" content=\"index, follow, max-snippet:-1, max-image-preview:large, max-video-preview:-1\" \/>\n<link rel=\"canonical\" href=\"https:\/\/laurasis.com\/index.php\/produit\/le-savon-cannelle-bois-dinde\/\" \/>\n<meta property=\"og:locale\" content=\"fr_FR\" \/>\n<meta property=\"og:type\" content=\"article\" \/>\n<meta property=\"og:title\" content=\"Savon Cannelle \/ Bois d&#039;Inde - LAURASIS\" \/>\n<meta property=\"og:description\" content=\"D\u00e9tail du produit Le savon cannelle \/ bois d&#039;Inde de Laurasis Beaut\u00e9 Cr\u00e9ole (\u2248100g) Prix : 6,60 \u20ac TTC (hors frais de livraison)  Le savon artisanal surgras au bois d\u02bcinde de Laurasis Beaut\u00e9 Cr\u00e9ole, est \u00e0 base d\u02bchuile essentielle de bois d\u02bcinde des saintes et de mac\u00e9rat de cannelle. Le bois d&#039;inde est bien s\u00fbr connu en tant qu&#039;\u00e9pice, mais ses effets dynamisants et toniques sont connus en phytoth\u00e9rapie. Et la cannelle pour ses effets antiseptiques et d\u00e9fatigantes. L&#039;huile essentielle contenue dans ce savon a des propri\u00e9t\u00e9s antiseptiques antifongiques et cicatrisantes. Utilisation : visage et corps. \u26a0 Ne pas utiliser sur des enfants de - 6 ans. Savon 100% v\u00e9g\u00e9tal, sans conservateurs. Contient de l&#039;huile essentielle de bois d&#039;Inde + colorant vert alimentaire.  Produit fabriqu\u00e9 en Guadeloupe \ud83c\uddec\ud83c\uddf5\" \/>\n<meta property=\"og:url\" content=\"https:\/\/laurasis.com\/index.php\/produit\/le-savon-cannelle-bois-dinde\/\" \/>\n<meta property=\"og:site_name\" content=\"LAURASIS\" \/>\n<meta property=\"article:modified_time\" content=\"2025-12-29T13:12:09+00:00\" \/>\n<meta property=\"og:image\" content=\"https:\/\/laurasis.com\/wp-content\/uploads\/2025\/10\/IMG-20251013-WA0004-Photoroom.png\" \/>\n\t<meta property=\"og:image:width\" content=\"1280\" \/>\n\t<meta property=\"og:image:height\" content=\"960\" \/>\n\t<meta property=\"og:image:type\" content=\"image\/png\" \/>\n<meta name=\"twitter:card\" content=\"summary_large_image\" \/>\n<script type=\"application\/ld+json\" class=\"yoast-schema-graph\">{\"@context\":\"https:\\\/\\\/schema.org\",\"@graph\":[{\"@type\":\"WebPage\",\"@id\":\"https:\\\/\\\/laurasis.com\\\/index.php\\\/produit\\\/le-savon-cannelle-bois-dinde\\\/\",\"url\":\"https:\\\/\\\/laurasis.com\\\/index.php\\\/produit\\\/le-savon-cannelle-bois-dinde\\\/\",\"name\":\"Savon Cannelle \\\/ Bois d'Inde - LAURASIS\",\"isPartOf\":{\"@id\":\"https:\\\/\\\/laurasis.com\\\/#website\"},\"primaryImageOfPage\":{\"@id\":\"https:\\\/\\\/laurasis.com\\\/index.php\\\/produit\\\/le-savon-cannelle-bois-dinde\\\/#primaryimage\"},\"image\":{\"@id\":\"https:\\\/\\\/laurasis.com\\\/index.php\\\/produit\\\/le-savon-cannelle-bois-dinde\\\/#primaryimage\"},\"thumbnailUrl\":\"https:\\\/\\\/laurasis.com\\\/wp-content\\\/uploads\\\/2025\\\/10\\\/IMG-20251013-WA0004-Photoroom.png\",\"datePublished\":\"2019-08-10T00:21:28+00:00\",\"dateModified\":\"2025-12-29T13:12:09+00:00\",\"breadcrumb\":{\"@id\":\"https:\\\/\\\/laurasis.com\\\/index.php\\\/produit\\\/le-savon-cannelle-bois-dinde\\\/#breadcrumb\"},\"inLanguage\":\"fr-FR\",\"potentialAction\":[{\"@type\":\"ReadAction\",\"target\":[\"https:\\\/\\\/laurasis.com\\\/index.php\\\/produit\\\/le-savon-cannelle-bois-dinde\\\/\"]}]},{\"@type\":\"ImageObject\",\"inLanguage\":\"fr-FR\",\"@id\":\"https:\\\/\\\/laurasis.com\\\/index.php\\\/produit\\\/le-savon-cannelle-bois-dinde\\\/#primaryimage\",\"url\":\"https:\\\/\\\/laurasis.com\\\/wp-content\\\/uploads\\\/2025\\\/10\\\/IMG-20251013-WA0004-Photoroom.png\",\"contentUrl\":\"https:\\\/\\\/laurasis.com\\\/wp-content\\\/uploads\\\/2025\\\/10\\\/IMG-20251013-WA0004-Photoroom.png\",\"width\":1280,\"height\":960},{\"@type\":\"BreadcrumbList\",\"@id\":\"https:\\\/\\\/laurasis.com\\\/index.php\\\/produit\\\/le-savon-cannelle-bois-dinde\\\/#breadcrumb\",\"itemListElement\":[{\"@type\":\"ListItem\",\"position\":1,\"name\":\"Accueil\",\"item\":\"https:\\\/\\\/laurasis.com\\\/\"},{\"@type\":\"ListItem\",\"position\":2,\"name\":\"Boutique\",\"item\":\"https:\\\/\\\/laurasis.com\\\/index.php\\\/boutique\\\/\"},{\"@type\":\"ListItem\",\"position\":3,\"name\":\"Savon Cannelle \\\/ Bois d&rsquo;Inde\"}]},{\"@type\":\"WebSite\",\"@id\":\"https:\\\/\\\/laurasis.com\\\/#website\",\"url\":\"https:\\\/\\\/laurasis.com\\\/\",\"name\":\"LAURASIS\",\"description\":\"Laurais Beaut\u00e9 Cr\u00e9ole, une oasis de bien-\u00eatre.\",\"publisher\":{\"@id\":\"https:\\\/\\\/laurasis.com\\\/#organization\"},\"potentialAction\":[{\"@type\":\"SearchAction\",\"target\":{\"@type\":\"EntryPoint\",\"urlTemplate\":\"https:\\\/\\\/laurasis.com\\\/?s={search_term_string}\"},\"query-input\":{\"@type\":\"PropertyValueSpecification\",\"valueRequired\":true,\"valueName\":\"search_term_string\"}}],\"inLanguage\":\"fr-FR\"},{\"@type\":\"Organization\",\"@id\":\"https:\\\/\\\/laurasis.com\\\/#organization\",\"name\":\"Laurasis Beaut\u00e9 Cr\u00e9ole\",\"url\":\"https:\\\/\\\/laurasis.com\\\/\",\"logo\":{\"@type\":\"ImageObject\",\"inLanguage\":\"fr-FR\",\"@id\":\"https:\\\/\\\/laurasis.com\\\/#\\\/schema\\\/logo\\\/image\\\/\",\"url\":\"https:\\\/\\\/laurasis.com\\\/wp-content\\\/uploads\\\/2024\\\/06\\\/Logo-LBC-transparent.png\",\"contentUrl\":\"https:\\\/\\\/laurasis.com\\\/wp-content\\\/uploads\\\/2024\\\/06\\\/Logo-LBC-transparent.png\",\"width\":311,\"height\":169,\"caption\":\"Laurasis Beaut\u00e9 Cr\u00e9ole\"},\"image\":{\"@id\":\"https:\\\/\\\/laurasis.com\\\/#\\\/schema\\\/logo\\\/image\\\/\"},\"sameAs\":[\"https:\\\/\\\/www.instagram.com\\\/LAURASISBEAUTECREOLE\\\/\"]}]}<\/script>\n<!-- \/ Yoast SEO plugin. -->","yoast_head_json":{"title":"Savon Cannelle \/ Bois d'Inde - LAURASIS","robots":{"index":"index","follow":"follow","max-snippet":"max-snippet:-1","max-image-preview":"max-image-preview:large","max-video-preview":"max-video-preview:-1"},"canonical":"https:\/\/laurasis.com\/index.php\/produit\/le-savon-cannelle-bois-dinde\/","og_locale":"fr_FR","og_type":"article","og_title":"Savon Cannelle \/ Bois d'Inde - LAURASIS","og_description":"D\u00e9tail du produit Le savon cannelle \/ bois d'Inde de Laurasis Beaut\u00e9 Cr\u00e9ole (\u2248100g) Prix : 6,60 \u20ac TTC (hors frais de livraison)  Le savon artisanal surgras au bois d\u02bcinde de Laurasis Beaut\u00e9 Cr\u00e9ole, est \u00e0 base d\u02bchuile essentielle de bois d\u02bcinde des saintes et de mac\u00e9rat de cannelle. Le bois d'inde est bien s\u00fbr connu en tant qu'\u00e9pice, mais ses effets dynamisants et toniques sont connus en phytoth\u00e9rapie. Et la cannelle pour ses effets antiseptiques et d\u00e9fatigantes. L'huile essentielle contenue dans ce savon a des propri\u00e9t\u00e9s antiseptiques antifongiques et cicatrisantes. Utilisation : visage et corps. \u26a0 Ne pas utiliser sur des enfants de - 6 ans. Savon 100% v\u00e9g\u00e9tal, sans conservateurs. Contient de l'huile essentielle de bois d'Inde + colorant vert alimentaire.  Produit fabriqu\u00e9 en Guadeloupe \ud83c\uddec\ud83c\uddf5","og_url":"https:\/\/laurasis.com\/index.php\/produit\/le-savon-cannelle-bois-dinde\/","og_site_name":"LAURASIS","article_modified_time":"2025-12-29T13:12:09+00:00","og_image":[{"width":1280,"height":960,"url":"https:\/\/laurasis.com\/wp-content\/uploads\/2025\/10\/IMG-20251013-WA0004-Photoroom.png","type":"image\/png"}],"twitter_card":"summary_large_image","schema":{"@context":"https:\/\/schema.org","@graph":[{"@type":"WebPage","@id":"https:\/\/laurasis.com\/index.php\/produit\/le-savon-cannelle-bois-dinde\/","url":"https:\/\/laurasis.com\/index.php\/produit\/le-savon-cannelle-bois-dinde\/","name":"Savon Cannelle \/ Bois d'Inde - LAURASIS","isPartOf":{"@id":"https:\/\/laurasis.com\/#website"},"primaryImageOfPage":{"@id":"https:\/\/laurasis.com\/index.php\/produit\/le-savon-cannelle-bois-dinde\/#primaryimage"},"image":{"@id":"https:\/\/laurasis.com\/index.php\/produit\/le-savon-cannelle-bois-dinde\/#primaryimage"},"thumbnailUrl":"https:\/\/laurasis.com\/wp-content\/uploads\/2025\/10\/IMG-20251013-WA0004-Photoroom.png","datePublished":"2019-08-10T00:21:28+00:00","dateModified":"2025-12-29T13:12:09+00:00","breadcrumb":{"@id":"https:\/\/laurasis.com\/index.php\/produit\/le-savon-cannelle-bois-dinde\/#breadcrumb"},"inLanguage":"fr-FR","potentialAction":[{"@type":"ReadAction","target":["https:\/\/laurasis.com\/index.php\/produit\/le-savon-cannelle-bois-dinde\/"]}]},{"@type":"ImageObject","inLanguage":"fr-FR","@id":"https:\/\/laurasis.com\/index.php\/produit\/le-savon-cannelle-bois-dinde\/#primaryimage","url":"https:\/\/laurasis.com\/wp-content\/uploads\/2025\/10\/IMG-20251013-WA0004-Photoroom.png","contentUrl":"https:\/\/laurasis.com\/wp-content\/uploads\/2025\/10\/IMG-20251013-WA0004-Photoroom.png","width":1280,"height":960},{"@type":"BreadcrumbList","@id":"https:\/\/laurasis.com\/index.php\/produit\/le-savon-cannelle-bois-dinde\/#breadcrumb","itemListElement":[{"@type":"ListItem","position":1,"name":"Accueil","item":"https:\/\/laurasis.com\/"},{"@type":"ListItem","position":2,"name":"Boutique","item":"https:\/\/laurasis.com\/index.php\/boutique\/"},{"@type":"ListItem","position":3,"name":"Savon Cannelle \/ Bois d&rsquo;Inde"}]},{"@type":"WebSite","@id":"https:\/\/laurasis.com\/#website","url":"https:\/\/laurasis.com\/","name":"LAURASIS","description":"Laurais Beaut\u00e9 Cr\u00e9ole, une oasis de bien-\u00eatre.","publisher":{"@id":"https:\/\/laurasis.com\/#organization"},"potentialAction":[{"@type":"SearchAction","target":{"@type":"EntryPoint","urlTemplate":"https:\/\/laurasis.com\/?s={search_term_string}"},"query-input":{"@type":"PropertyValueSpecification","valueRequired":true,"valueName":"search_term_string"}}],"inLanguage":"fr-FR"},{"@type":"Organization","@id":"https:\/\/laurasis.com\/#organization","name":"Laurasis Beaut\u00e9 Cr\u00e9ole","url":"https:\/\/laurasis.com\/","logo":{"@type":"ImageObject","inLanguage":"fr-FR","@id":"https:\/\/laurasis.com\/#\/schema\/logo\/image\/","url":"https:\/\/laurasis.com\/wp-content\/uploads\/2024\/06\/Logo-LBC-transparent.png","contentUrl":"https:\/\/laurasis.com\/wp-content\/uploads\/2024\/06\/Logo-LBC-transparent.png","width":311,"height":169,"caption":"Laurasis Beaut\u00e9 Cr\u00e9ole"},"image":{"@id":"https:\/\/laurasis.com\/#\/schema\/logo\/image\/"},"sameAs":["https:\/\/www.instagram.com\/LAURASISBEAUTECREOLE\/"]}]}},"_links":{"self":[{"href":"https:\/\/laurasis.com\/index.php\/wp-json\/wp\/v2\/product\/325","targetHints":{"allow":["GET"]}}],"collection":[{"href":"https:\/\/laurasis.com\/index.php\/wp-json\/wp\/v2\/product"}],"about":[{"href":"https:\/\/laurasis.com\/index.php\/wp-json\/wp\/v2\/types\/product"}],"replies":[{"embeddable":true,"href":"https:\/\/laurasis.com\/index.php\/wp-json\/wp\/v2\/comments?post=325"}],"wp:featuredmedia":[{"embeddable":true,"href":"https:\/\/laurasis.com\/index.php\/wp-json\/wp\/v2\/media\/1639"}],"wp:attachment":[{"href":"https:\/\/laurasis.com\/index.php\/wp-json\/wp\/v2\/media?parent=325"}],"wp:term":[{"taxonomy":"product_brand","embeddable":true,"href":"https:\/\/laurasis.com\/index.php\/wp-json\/wp\/v2\/product_brand?post=325"},{"taxonomy":"product_cat","embeddable":true,"href":"https:\/\/laurasis.com\/index.php\/wp-json\/wp\/v2\/product_cat?post=325"},{"taxonomy":"product_tag","embeddable":true,"href":"https:\/\/laurasis.com\/index.php\/wp-json\/wp\/v2\/product_tag?post=325"}],"curies":[{"name":"wp","href":"https:\/\/api.w.org\/{rel}","templated":true}]}}