{"id":337,"date":"2019-08-10T03:42:27","date_gmt":"2019-08-10T01:42:27","guid":{"rendered":"http:\/\/laurasis.com\/?post_type=product&#038;p=337"},"modified":"2025-12-29T14:12:09","modified_gmt":"2025-12-29T13:12:09","slug":"le-savon-myel-miel-et-huile-de-coco","status":"publish","type":"product","link":"https:\/\/laurasis.com\/index.php\/produit\/le-savon-myel-miel-et-huile-de-coco\/","title":{"rendered":"Savon \u00ab\u00a0My\u00e8l\u00a0\u00bb (miel et huile de coco)"},"content":{"rendered":"","protected":false},"excerpt":{"rendered":"<h2><strong>D\u00e9tail du produit<\/strong><\/h2>\n<p>Le savon \u00ab\u00a0My\u00e8l\u00a0\u00bb, (miel et huile de coco), de Laurasis Beaut\u00e9 Cr\u00e9ole <strong>(\u2248100g)<\/strong><br \/>\nPrix : 6,60 \u20ac TTC (hors frais de livraison)<\/p>\n<p>Savon artisanal surgras Laurasis Beaut\u00e9 Cr\u00e9ole, est \u00e0 base de cire d&rsquo;abeilles et de miel pays.<br \/>\nCe savon est id\u00e9al pour les peaux s\u00e8ches et fatigu\u00e9es.<br \/>\nNaturellement parfum\u00e9.<br \/>\nUtilisation : visage et corps.<\/p>\n<h5><em><strong>Savon 100% v\u00e9g\u00e9tal, sans colorants, sans additifs, ni conservateurs.\u00a0<\/strong> <\/em><\/h5>\n<p>Produit fabriqu\u00e9 en Guadeloupe \ud83c\uddec\ud83c\uddf5<\/p>\n","protected":false},"featured_media":1628,"comment_status":"open","ping_status":"closed","template":"","meta":[],"product_brand":[],"product_cat":[29,63],"product_tag":[],"class_list":{"0":"post-337","1":"product","2":"type-product","3":"status-publish","4":"has-post-thumbnail","6":"product_cat-savons","7":"product_cat-les-savons-au-miel","9":"first","10":"instock","11":"taxable","12":"shipping-taxable","13":"purchasable","14":"product-type-simple"},"yoast_head":"<!-- This site is optimized with the Yoast SEO plugin v27.5 - https:\/\/yoast.com\/product\/yoast-seo-wordpress\/ -->\n<title>Savon &quot;My\u00e8l&quot; (miel et huile de coco) - LAURASIS<\/title>\n<meta name=\"robots\" content=\"index, follow, max-snippet:-1, max-image-preview:large, max-video-preview:-1\" \/>\n<link rel=\"canonical\" href=\"https:\/\/laurasis.com\/index.php\/produit\/le-savon-myel-miel-et-huile-de-coco\/\" \/>\n<meta property=\"og:locale\" content=\"fr_FR\" \/>\n<meta property=\"og:type\" content=\"article\" \/>\n<meta property=\"og:title\" content=\"Savon &quot;My\u00e8l&quot; (miel et huile de coco) - LAURASIS\" \/>\n<meta property=\"og:description\" content=\"D\u00e9tail du produit Le savon &quot;My\u00e8l&quot;, (miel et huile de coco), de Laurasis Beaut\u00e9 Cr\u00e9ole (\u2248100g) Prix : 6,60 \u20ac TTC (hors frais de livraison)  Savon artisanal surgras Laurasis Beaut\u00e9 Cr\u00e9ole, est \u00e0 base de cire d&#039;abeilles et de miel pays. Ce savon est id\u00e9al pour les peaux s\u00e8ches et fatigu\u00e9es. Naturellement parfum\u00e9. Utilisation : visage et corps. Savon 100% v\u00e9g\u00e9tal, sans colorants, sans additifs, ni conservateurs.\u00a0  Produit fabriqu\u00e9 en Guadeloupe \ud83c\uddec\ud83c\uddf5\" \/>\n<meta property=\"og:url\" content=\"https:\/\/laurasis.com\/index.php\/produit\/le-savon-myel-miel-et-huile-de-coco\/\" \/>\n<meta property=\"og:site_name\" content=\"LAURASIS\" \/>\n<meta property=\"article:modified_time\" content=\"2025-12-29T13:12:09+00:00\" \/>\n<meta property=\"og:image\" content=\"https:\/\/laurasis.com\/wp-content\/uploads\/2025\/10\/Savon-Myel.png\" \/>\n\t<meta property=\"og:image:width\" content=\"1280\" \/>\n\t<meta property=\"og:image:height\" content=\"960\" \/>\n\t<meta property=\"og:image:type\" content=\"image\/png\" \/>\n<meta name=\"twitter:card\" content=\"summary_large_image\" \/>\n<script type=\"application\/ld+json\" class=\"yoast-schema-graph\">{\"@context\":\"https:\\\/\\\/schema.org\",\"@graph\":[{\"@type\":\"WebPage\",\"@id\":\"https:\\\/\\\/laurasis.com\\\/index.php\\\/produit\\\/le-savon-myel-miel-et-huile-de-coco\\\/\",\"url\":\"https:\\\/\\\/laurasis.com\\\/index.php\\\/produit\\\/le-savon-myel-miel-et-huile-de-coco\\\/\",\"name\":\"Savon \\\"My\u00e8l\\\" (miel et huile de coco) - LAURASIS\",\"isPartOf\":{\"@id\":\"https:\\\/\\\/laurasis.com\\\/#website\"},\"primaryImageOfPage\":{\"@id\":\"https:\\\/\\\/laurasis.com\\\/index.php\\\/produit\\\/le-savon-myel-miel-et-huile-de-coco\\\/#primaryimage\"},\"image\":{\"@id\":\"https:\\\/\\\/laurasis.com\\\/index.php\\\/produit\\\/le-savon-myel-miel-et-huile-de-coco\\\/#primaryimage\"},\"thumbnailUrl\":\"https:\\\/\\\/laurasis.com\\\/wp-content\\\/uploads\\\/2025\\\/10\\\/Savon-Myel.png\",\"datePublished\":\"2019-08-10T01:42:27+00:00\",\"dateModified\":\"2025-12-29T13:12:09+00:00\",\"breadcrumb\":{\"@id\":\"https:\\\/\\\/laurasis.com\\\/index.php\\\/produit\\\/le-savon-myel-miel-et-huile-de-coco\\\/#breadcrumb\"},\"inLanguage\":\"fr-FR\",\"potentialAction\":[{\"@type\":\"ReadAction\",\"target\":[\"https:\\\/\\\/laurasis.com\\\/index.php\\\/produit\\\/le-savon-myel-miel-et-huile-de-coco\\\/\"]}]},{\"@type\":\"ImageObject\",\"inLanguage\":\"fr-FR\",\"@id\":\"https:\\\/\\\/laurasis.com\\\/index.php\\\/produit\\\/le-savon-myel-miel-et-huile-de-coco\\\/#primaryimage\",\"url\":\"https:\\\/\\\/laurasis.com\\\/wp-content\\\/uploads\\\/2025\\\/10\\\/Savon-Myel.png\",\"contentUrl\":\"https:\\\/\\\/laurasis.com\\\/wp-content\\\/uploads\\\/2025\\\/10\\\/Savon-Myel.png\",\"width\":1280,\"height\":960},{\"@type\":\"BreadcrumbList\",\"@id\":\"https:\\\/\\\/laurasis.com\\\/index.php\\\/produit\\\/le-savon-myel-miel-et-huile-de-coco\\\/#breadcrumb\",\"itemListElement\":[{\"@type\":\"ListItem\",\"position\":1,\"name\":\"Accueil\",\"item\":\"https:\\\/\\\/laurasis.com\\\/\"},{\"@type\":\"ListItem\",\"position\":2,\"name\":\"Boutique\",\"item\":\"https:\\\/\\\/laurasis.com\\\/index.php\\\/boutique\\\/\"},{\"@type\":\"ListItem\",\"position\":3,\"name\":\"Savon \u00ab\u00a0My\u00e8l\u00a0\u00bb (miel et huile de coco)\"}]},{\"@type\":\"WebSite\",\"@id\":\"https:\\\/\\\/laurasis.com\\\/#website\",\"url\":\"https:\\\/\\\/laurasis.com\\\/\",\"name\":\"LAURASIS\",\"description\":\"Laurais Beaut\u00e9 Cr\u00e9ole, une oasis de bien-\u00eatre.\",\"publisher\":{\"@id\":\"https:\\\/\\\/laurasis.com\\\/#organization\"},\"potentialAction\":[{\"@type\":\"SearchAction\",\"target\":{\"@type\":\"EntryPoint\",\"urlTemplate\":\"https:\\\/\\\/laurasis.com\\\/?s={search_term_string}\"},\"query-input\":{\"@type\":\"PropertyValueSpecification\",\"valueRequired\":true,\"valueName\":\"search_term_string\"}}],\"inLanguage\":\"fr-FR\"},{\"@type\":\"Organization\",\"@id\":\"https:\\\/\\\/laurasis.com\\\/#organization\",\"name\":\"Laurasis Beaut\u00e9 Cr\u00e9ole\",\"url\":\"https:\\\/\\\/laurasis.com\\\/\",\"logo\":{\"@type\":\"ImageObject\",\"inLanguage\":\"fr-FR\",\"@id\":\"https:\\\/\\\/laurasis.com\\\/#\\\/schema\\\/logo\\\/image\\\/\",\"url\":\"https:\\\/\\\/laurasis.com\\\/wp-content\\\/uploads\\\/2024\\\/06\\\/Logo-LBC-transparent.png\",\"contentUrl\":\"https:\\\/\\\/laurasis.com\\\/wp-content\\\/uploads\\\/2024\\\/06\\\/Logo-LBC-transparent.png\",\"width\":311,\"height\":169,\"caption\":\"Laurasis Beaut\u00e9 Cr\u00e9ole\"},\"image\":{\"@id\":\"https:\\\/\\\/laurasis.com\\\/#\\\/schema\\\/logo\\\/image\\\/\"},\"sameAs\":[\"https:\\\/\\\/www.instagram.com\\\/LAURASISBEAUTECREOLE\\\/\"]}]}<\/script>\n<!-- \/ Yoast SEO plugin. -->","yoast_head_json":{"title":"Savon \"My\u00e8l\" (miel et huile de coco) - LAURASIS","robots":{"index":"index","follow":"follow","max-snippet":"max-snippet:-1","max-image-preview":"max-image-preview:large","max-video-preview":"max-video-preview:-1"},"canonical":"https:\/\/laurasis.com\/index.php\/produit\/le-savon-myel-miel-et-huile-de-coco\/","og_locale":"fr_FR","og_type":"article","og_title":"Savon \"My\u00e8l\" (miel et huile de coco) - LAURASIS","og_description":"D\u00e9tail du produit Le savon \"My\u00e8l\", (miel et huile de coco), de Laurasis Beaut\u00e9 Cr\u00e9ole (\u2248100g) Prix : 6,60 \u20ac TTC (hors frais de livraison)  Savon artisanal surgras Laurasis Beaut\u00e9 Cr\u00e9ole, est \u00e0 base de cire d'abeilles et de miel pays. Ce savon est id\u00e9al pour les peaux s\u00e8ches et fatigu\u00e9es. Naturellement parfum\u00e9. Utilisation : visage et corps. Savon 100% v\u00e9g\u00e9tal, sans colorants, sans additifs, ni conservateurs.\u00a0  Produit fabriqu\u00e9 en Guadeloupe \ud83c\uddec\ud83c\uddf5","og_url":"https:\/\/laurasis.com\/index.php\/produit\/le-savon-myel-miel-et-huile-de-coco\/","og_site_name":"LAURASIS","article_modified_time":"2025-12-29T13:12:09+00:00","og_image":[{"width":1280,"height":960,"url":"https:\/\/laurasis.com\/wp-content\/uploads\/2025\/10\/Savon-Myel.png","type":"image\/png"}],"twitter_card":"summary_large_image","schema":{"@context":"https:\/\/schema.org","@graph":[{"@type":"WebPage","@id":"https:\/\/laurasis.com\/index.php\/produit\/le-savon-myel-miel-et-huile-de-coco\/","url":"https:\/\/laurasis.com\/index.php\/produit\/le-savon-myel-miel-et-huile-de-coco\/","name":"Savon \"My\u00e8l\" (miel et huile de coco) - LAURASIS","isPartOf":{"@id":"https:\/\/laurasis.com\/#website"},"primaryImageOfPage":{"@id":"https:\/\/laurasis.com\/index.php\/produit\/le-savon-myel-miel-et-huile-de-coco\/#primaryimage"},"image":{"@id":"https:\/\/laurasis.com\/index.php\/produit\/le-savon-myel-miel-et-huile-de-coco\/#primaryimage"},"thumbnailUrl":"https:\/\/laurasis.com\/wp-content\/uploads\/2025\/10\/Savon-Myel.png","datePublished":"2019-08-10T01:42:27+00:00","dateModified":"2025-12-29T13:12:09+00:00","breadcrumb":{"@id":"https:\/\/laurasis.com\/index.php\/produit\/le-savon-myel-miel-et-huile-de-coco\/#breadcrumb"},"inLanguage":"fr-FR","potentialAction":[{"@type":"ReadAction","target":["https:\/\/laurasis.com\/index.php\/produit\/le-savon-myel-miel-et-huile-de-coco\/"]}]},{"@type":"ImageObject","inLanguage":"fr-FR","@id":"https:\/\/laurasis.com\/index.php\/produit\/le-savon-myel-miel-et-huile-de-coco\/#primaryimage","url":"https:\/\/laurasis.com\/wp-content\/uploads\/2025\/10\/Savon-Myel.png","contentUrl":"https:\/\/laurasis.com\/wp-content\/uploads\/2025\/10\/Savon-Myel.png","width":1280,"height":960},{"@type":"BreadcrumbList","@id":"https:\/\/laurasis.com\/index.php\/produit\/le-savon-myel-miel-et-huile-de-coco\/#breadcrumb","itemListElement":[{"@type":"ListItem","position":1,"name":"Accueil","item":"https:\/\/laurasis.com\/"},{"@type":"ListItem","position":2,"name":"Boutique","item":"https:\/\/laurasis.com\/index.php\/boutique\/"},{"@type":"ListItem","position":3,"name":"Savon \u00ab\u00a0My\u00e8l\u00a0\u00bb (miel et huile de coco)"}]},{"@type":"WebSite","@id":"https:\/\/laurasis.com\/#website","url":"https:\/\/laurasis.com\/","name":"LAURASIS","description":"Laurais Beaut\u00e9 Cr\u00e9ole, une oasis de bien-\u00eatre.","publisher":{"@id":"https:\/\/laurasis.com\/#organization"},"potentialAction":[{"@type":"SearchAction","target":{"@type":"EntryPoint","urlTemplate":"https:\/\/laurasis.com\/?s={search_term_string}"},"query-input":{"@type":"PropertyValueSpecification","valueRequired":true,"valueName":"search_term_string"}}],"inLanguage":"fr-FR"},{"@type":"Organization","@id":"https:\/\/laurasis.com\/#organization","name":"Laurasis Beaut\u00e9 Cr\u00e9ole","url":"https:\/\/laurasis.com\/","logo":{"@type":"ImageObject","inLanguage":"fr-FR","@id":"https:\/\/laurasis.com\/#\/schema\/logo\/image\/","url":"https:\/\/laurasis.com\/wp-content\/uploads\/2024\/06\/Logo-LBC-transparent.png","contentUrl":"https:\/\/laurasis.com\/wp-content\/uploads\/2024\/06\/Logo-LBC-transparent.png","width":311,"height":169,"caption":"Laurasis Beaut\u00e9 Cr\u00e9ole"},"image":{"@id":"https:\/\/laurasis.com\/#\/schema\/logo\/image\/"},"sameAs":["https:\/\/www.instagram.com\/LAURASISBEAUTECREOLE\/"]}]}},"_links":{"self":[{"href":"https:\/\/laurasis.com\/index.php\/wp-json\/wp\/v2\/product\/337","targetHints":{"allow":["GET"]}}],"collection":[{"href":"https:\/\/laurasis.com\/index.php\/wp-json\/wp\/v2\/product"}],"about":[{"href":"https:\/\/laurasis.com\/index.php\/wp-json\/wp\/v2\/types\/product"}],"replies":[{"embeddable":true,"href":"https:\/\/laurasis.com\/index.php\/wp-json\/wp\/v2\/comments?post=337"}],"wp:featuredmedia":[{"embeddable":true,"href":"https:\/\/laurasis.com\/index.php\/wp-json\/wp\/v2\/media\/1628"}],"wp:attachment":[{"href":"https:\/\/laurasis.com\/index.php\/wp-json\/wp\/v2\/media?parent=337"}],"wp:term":[{"taxonomy":"product_brand","embeddable":true,"href":"https:\/\/laurasis.com\/index.php\/wp-json\/wp\/v2\/product_brand?post=337"},{"taxonomy":"product_cat","embeddable":true,"href":"https:\/\/laurasis.com\/index.php\/wp-json\/wp\/v2\/product_cat?post=337"},{"taxonomy":"product_tag","embeddable":true,"href":"https:\/\/laurasis.com\/index.php\/wp-json\/wp\/v2\/product_tag?post=337"}],"curies":[{"name":"wp","href":"https:\/\/api.w.org\/{rel}","templated":true}]}}