{"id":387,"date":"2019-08-11T06:16:40","date_gmt":"2019-08-11T04:16:40","guid":{"rendered":"http:\/\/laurasis.com\/?post_type=product&#038;p=387"},"modified":"2026-04-01T17:54:04","modified_gmt":"2026-04-01T15:54:04","slug":"huile-de-coco-flacon-250-ml","status":"publish","type":"product","link":"https:\/\/laurasis.com\/index.php\/produit\/huile-de-coco-flacon-250-ml\/","title":{"rendered":"Huile de Coco (flacon simple 250 ml)"},"content":{"rendered":"","protected":false},"excerpt":{"rendered":"<h2><strong>D\u00e9tail du produit <\/strong><\/h2>\n<p>L&rsquo;huile de coco (flacon simple 250 ml) de Laurasis Beaut\u00e9 Cr\u00e9ole<br \/>\nPrix : 26,40 \u20ac TTC (hors frais de livraison)<\/p>\n<p>L\u02bchuile de coco de Laurasis Beaut\u00e9 Cr\u00e9ole est une huile v\u00e9g\u00e9tale selon un proc\u00e9d\u00e9 artisanal.<br \/>\nHydratante et nourrissante,\u00a0 elle est id\u00e9ale pour tous les types de peaux, mais \u00e9galement pour les peaux \u00e0 probl\u00e8mes tels que :\u00a0 l&rsquo;ecz\u00e9ma, le psoriasis, ou encore l&rsquo;acn\u00e9.<br \/>\nConseil d\u02bcutilisation : elle s\u02bcutilise en bain d\u02bchuile, ou en huile pour le corps. Peut s&rsquo;utiliser \u00e9galement en\u00a0 bain de<br \/>\nbouche et en d\u00e9maquillant.<br \/>\nElle acc\u00e9l\u00e8re la pousse des cheveux et \u00e9limine les pellicules.<br \/>\nUtilisation : Corps et cheveux .<\/p>\n<h5><em><strong>Huile 100% v\u00e9g\u00e9tale, sans colorants, sans additifs ni conservateurs.<br \/>\n<\/strong><\/em><\/h5>\n<p>Produit fabriqu\u00e9 en Guadeloupe. \ud83c\uddec\ud83c\uddf5<\/p>\n","protected":false},"featured_media":0,"comment_status":"open","ping_status":"closed","template":"","meta":[],"product_brand":[],"product_cat":[33,37],"product_tag":[],"class_list":{"0":"post-387","1":"product","2":"type-product","3":"status-publish","5":"product_cat-les-huiles","6":"product_cat-les-huiles-au-coco","8":"first","9":"onbackorder","10":"taxable","11":"shipping-taxable","12":"purchasable","13":"product-type-simple"},"yoast_head":"<!-- This site is optimized with the Yoast SEO plugin v27.5 - https:\/\/yoast.com\/product\/yoast-seo-wordpress\/ -->\n<title>Huile de Coco (flacon simple 250 ml) - LAURASIS<\/title>\n<meta name=\"description\" content=\"Huile de soins Laurasis Beaut\u00e9 Cr\u00e9ole. L&#039;huile de coco Laurasis Beuat\u00e9 Cr\u00e9ole est fabriqu\u00e9e \u00e0 partir de la fermentation du lait de coco local. C&#039;est une huile nourrissante et hydratante. Elle est id\u00e9ale pour tous les types de peaux, mais \u00e9galement pour les peaux \u00e0 probl\u00e8mes tels que :\u00a0 l&#039;ecz\u00e9ma, le psoriasis ou encore l&#039;acn\u00e9. Elle acc\u00e9l\u00e8re la pousse des cheveux et \u00e9limine les pellicules. C&#039;est une huile, qui peut \u00eatre utilis\u00e9e pour la fabrication de cosm\u00e9tique.\" \/>\n<meta name=\"robots\" content=\"index, follow, max-snippet:-1, max-image-preview:large, max-video-preview:-1\" \/>\n<link rel=\"canonical\" href=\"https:\/\/laurasis.com\/index.php\/produit\/huile-de-coco-flacon-250-ml\/\" \/>\n<meta property=\"og:locale\" content=\"fr_FR\" \/>\n<meta property=\"og:type\" content=\"article\" \/>\n<meta property=\"og:title\" content=\"Huile de Coco (flacon simple 250 ml) - LAURASIS\" \/>\n<meta property=\"og:description\" content=\"Huile de soins Laurasis Beaut\u00e9 Cr\u00e9ole. L&#039;huile de coco Laurasis Beuat\u00e9 Cr\u00e9ole est fabriqu\u00e9e \u00e0 partir de la fermentation du lait de coco local. C&#039;est une huile nourrissante et hydratante. Elle est id\u00e9ale pour tous les types de peaux, mais \u00e9galement pour les peaux \u00e0 probl\u00e8mes tels que :\u00a0 l&#039;ecz\u00e9ma, le psoriasis ou encore l&#039;acn\u00e9. Elle acc\u00e9l\u00e8re la pousse des cheveux et \u00e9limine les pellicules. C&#039;est une huile, qui peut \u00eatre utilis\u00e9e pour la fabrication de cosm\u00e9tique.\" \/>\n<meta property=\"og:url\" content=\"https:\/\/laurasis.com\/index.php\/produit\/huile-de-coco-flacon-250-ml\/\" \/>\n<meta property=\"og:site_name\" content=\"LAURASIS\" \/>\n<meta property=\"article:modified_time\" content=\"2026-04-01T15:54:04+00:00\" \/>\n<meta name=\"twitter:card\" content=\"summary_large_image\" \/>\n<script type=\"application\/ld+json\" class=\"yoast-schema-graph\">{\"@context\":\"https:\\\/\\\/schema.org\",\"@graph\":[{\"@type\":\"WebPage\",\"@id\":\"https:\\\/\\\/laurasis.com\\\/index.php\\\/produit\\\/huile-de-coco-flacon-250-ml\\\/\",\"url\":\"https:\\\/\\\/laurasis.com\\\/index.php\\\/produit\\\/huile-de-coco-flacon-250-ml\\\/\",\"name\":\"Huile de Coco (flacon simple 250 ml) - LAURASIS\",\"isPartOf\":{\"@id\":\"https:\\\/\\\/laurasis.com\\\/#website\"},\"datePublished\":\"2019-08-11T04:16:40+00:00\",\"dateModified\":\"2026-04-01T15:54:04+00:00\",\"description\":\"Huile de soins Laurasis Beaut\u00e9 Cr\u00e9ole. L'huile de coco Laurasis Beuat\u00e9 Cr\u00e9ole est fabriqu\u00e9e \u00e0 partir de la fermentation du lait de coco local. C'est une huile nourrissante et hydratante. Elle est id\u00e9ale pour tous les types de peaux, mais \u00e9galement pour les peaux \u00e0 probl\u00e8mes tels que :\u00a0 l'ecz\u00e9ma, le psoriasis ou encore l'acn\u00e9. Elle acc\u00e9l\u00e8re la pousse des cheveux et \u00e9limine les pellicules. C'est une huile, qui peut \u00eatre utilis\u00e9e pour la fabrication de cosm\u00e9tique.\",\"breadcrumb\":{\"@id\":\"https:\\\/\\\/laurasis.com\\\/index.php\\\/produit\\\/huile-de-coco-flacon-250-ml\\\/#breadcrumb\"},\"inLanguage\":\"fr-FR\",\"potentialAction\":[{\"@type\":\"ReadAction\",\"target\":[\"https:\\\/\\\/laurasis.com\\\/index.php\\\/produit\\\/huile-de-coco-flacon-250-ml\\\/\"]}]},{\"@type\":\"BreadcrumbList\",\"@id\":\"https:\\\/\\\/laurasis.com\\\/index.php\\\/produit\\\/huile-de-coco-flacon-250-ml\\\/#breadcrumb\",\"itemListElement\":[{\"@type\":\"ListItem\",\"position\":1,\"name\":\"Accueil\",\"item\":\"https:\\\/\\\/laurasis.com\\\/\"},{\"@type\":\"ListItem\",\"position\":2,\"name\":\"Boutique\",\"item\":\"https:\\\/\\\/laurasis.com\\\/index.php\\\/boutique\\\/\"},{\"@type\":\"ListItem\",\"position\":3,\"name\":\"Huile de Coco (flacon simple 250 ml)\"}]},{\"@type\":\"WebSite\",\"@id\":\"https:\\\/\\\/laurasis.com\\\/#website\",\"url\":\"https:\\\/\\\/laurasis.com\\\/\",\"name\":\"LAURASIS\",\"description\":\"Laurais Beaut\u00e9 Cr\u00e9ole, une oasis de bien-\u00eatre.\",\"publisher\":{\"@id\":\"https:\\\/\\\/laurasis.com\\\/#organization\"},\"potentialAction\":[{\"@type\":\"SearchAction\",\"target\":{\"@type\":\"EntryPoint\",\"urlTemplate\":\"https:\\\/\\\/laurasis.com\\\/?s={search_term_string}\"},\"query-input\":{\"@type\":\"PropertyValueSpecification\",\"valueRequired\":true,\"valueName\":\"search_term_string\"}}],\"inLanguage\":\"fr-FR\"},{\"@type\":\"Organization\",\"@id\":\"https:\\\/\\\/laurasis.com\\\/#organization\",\"name\":\"Laurasis Beaut\u00e9 Cr\u00e9ole\",\"url\":\"https:\\\/\\\/laurasis.com\\\/\",\"logo\":{\"@type\":\"ImageObject\",\"inLanguage\":\"fr-FR\",\"@id\":\"https:\\\/\\\/laurasis.com\\\/#\\\/schema\\\/logo\\\/image\\\/\",\"url\":\"https:\\\/\\\/laurasis.com\\\/wp-content\\\/uploads\\\/2024\\\/06\\\/Logo-LBC-transparent.png\",\"contentUrl\":\"https:\\\/\\\/laurasis.com\\\/wp-content\\\/uploads\\\/2024\\\/06\\\/Logo-LBC-transparent.png\",\"width\":311,\"height\":169,\"caption\":\"Laurasis Beaut\u00e9 Cr\u00e9ole\"},\"image\":{\"@id\":\"https:\\\/\\\/laurasis.com\\\/#\\\/schema\\\/logo\\\/image\\\/\"},\"sameAs\":[\"https:\\\/\\\/www.instagram.com\\\/LAURASISBEAUTECREOLE\\\/\"]}]}<\/script>\n<!-- \/ Yoast SEO plugin. -->","yoast_head_json":{"title":"Huile de Coco (flacon simple 250 ml) - LAURASIS","description":"Huile de soins Laurasis Beaut\u00e9 Cr\u00e9ole. L'huile de coco Laurasis Beuat\u00e9 Cr\u00e9ole est fabriqu\u00e9e \u00e0 partir de la fermentation du lait de coco local. C'est une huile nourrissante et hydratante. Elle est id\u00e9ale pour tous les types de peaux, mais \u00e9galement pour les peaux \u00e0 probl\u00e8mes tels que :\u00a0 l'ecz\u00e9ma, le psoriasis ou encore l'acn\u00e9. Elle acc\u00e9l\u00e8re la pousse des cheveux et \u00e9limine les pellicules. C'est une huile, qui peut \u00eatre utilis\u00e9e pour la fabrication de cosm\u00e9tique.","robots":{"index":"index","follow":"follow","max-snippet":"max-snippet:-1","max-image-preview":"max-image-preview:large","max-video-preview":"max-video-preview:-1"},"canonical":"https:\/\/laurasis.com\/index.php\/produit\/huile-de-coco-flacon-250-ml\/","og_locale":"fr_FR","og_type":"article","og_title":"Huile de Coco (flacon simple 250 ml) - LAURASIS","og_description":"Huile de soins Laurasis Beaut\u00e9 Cr\u00e9ole. L'huile de coco Laurasis Beuat\u00e9 Cr\u00e9ole est fabriqu\u00e9e \u00e0 partir de la fermentation du lait de coco local. C'est une huile nourrissante et hydratante. Elle est id\u00e9ale pour tous les types de peaux, mais \u00e9galement pour les peaux \u00e0 probl\u00e8mes tels que :\u00a0 l'ecz\u00e9ma, le psoriasis ou encore l'acn\u00e9. Elle acc\u00e9l\u00e8re la pousse des cheveux et \u00e9limine les pellicules. C'est une huile, qui peut \u00eatre utilis\u00e9e pour la fabrication de cosm\u00e9tique.","og_url":"https:\/\/laurasis.com\/index.php\/produit\/huile-de-coco-flacon-250-ml\/","og_site_name":"LAURASIS","article_modified_time":"2026-04-01T15:54:04+00:00","twitter_card":"summary_large_image","schema":{"@context":"https:\/\/schema.org","@graph":[{"@type":"WebPage","@id":"https:\/\/laurasis.com\/index.php\/produit\/huile-de-coco-flacon-250-ml\/","url":"https:\/\/laurasis.com\/index.php\/produit\/huile-de-coco-flacon-250-ml\/","name":"Huile de Coco (flacon simple 250 ml) - LAURASIS","isPartOf":{"@id":"https:\/\/laurasis.com\/#website"},"datePublished":"2019-08-11T04:16:40+00:00","dateModified":"2026-04-01T15:54:04+00:00","description":"Huile de soins Laurasis Beaut\u00e9 Cr\u00e9ole. L'huile de coco Laurasis Beuat\u00e9 Cr\u00e9ole est fabriqu\u00e9e \u00e0 partir de la fermentation du lait de coco local. C'est une huile nourrissante et hydratante. Elle est id\u00e9ale pour tous les types de peaux, mais \u00e9galement pour les peaux \u00e0 probl\u00e8mes tels que :\u00a0 l'ecz\u00e9ma, le psoriasis ou encore l'acn\u00e9. Elle acc\u00e9l\u00e8re la pousse des cheveux et \u00e9limine les pellicules. C'est une huile, qui peut \u00eatre utilis\u00e9e pour la fabrication de cosm\u00e9tique.","breadcrumb":{"@id":"https:\/\/laurasis.com\/index.php\/produit\/huile-de-coco-flacon-250-ml\/#breadcrumb"},"inLanguage":"fr-FR","potentialAction":[{"@type":"ReadAction","target":["https:\/\/laurasis.com\/index.php\/produit\/huile-de-coco-flacon-250-ml\/"]}]},{"@type":"BreadcrumbList","@id":"https:\/\/laurasis.com\/index.php\/produit\/huile-de-coco-flacon-250-ml\/#breadcrumb","itemListElement":[{"@type":"ListItem","position":1,"name":"Accueil","item":"https:\/\/laurasis.com\/"},{"@type":"ListItem","position":2,"name":"Boutique","item":"https:\/\/laurasis.com\/index.php\/boutique\/"},{"@type":"ListItem","position":3,"name":"Huile de Coco (flacon simple 250 ml)"}]},{"@type":"WebSite","@id":"https:\/\/laurasis.com\/#website","url":"https:\/\/laurasis.com\/","name":"LAURASIS","description":"Laurais Beaut\u00e9 Cr\u00e9ole, une oasis de bien-\u00eatre.","publisher":{"@id":"https:\/\/laurasis.com\/#organization"},"potentialAction":[{"@type":"SearchAction","target":{"@type":"EntryPoint","urlTemplate":"https:\/\/laurasis.com\/?s={search_term_string}"},"query-input":{"@type":"PropertyValueSpecification","valueRequired":true,"valueName":"search_term_string"}}],"inLanguage":"fr-FR"},{"@type":"Organization","@id":"https:\/\/laurasis.com\/#organization","name":"Laurasis Beaut\u00e9 Cr\u00e9ole","url":"https:\/\/laurasis.com\/","logo":{"@type":"ImageObject","inLanguage":"fr-FR","@id":"https:\/\/laurasis.com\/#\/schema\/logo\/image\/","url":"https:\/\/laurasis.com\/wp-content\/uploads\/2024\/06\/Logo-LBC-transparent.png","contentUrl":"https:\/\/laurasis.com\/wp-content\/uploads\/2024\/06\/Logo-LBC-transparent.png","width":311,"height":169,"caption":"Laurasis Beaut\u00e9 Cr\u00e9ole"},"image":{"@id":"https:\/\/laurasis.com\/#\/schema\/logo\/image\/"},"sameAs":["https:\/\/www.instagram.com\/LAURASISBEAUTECREOLE\/"]}]}},"_links":{"self":[{"href":"https:\/\/laurasis.com\/index.php\/wp-json\/wp\/v2\/product\/387","targetHints":{"allow":["GET"]}}],"collection":[{"href":"https:\/\/laurasis.com\/index.php\/wp-json\/wp\/v2\/product"}],"about":[{"href":"https:\/\/laurasis.com\/index.php\/wp-json\/wp\/v2\/types\/product"}],"replies":[{"embeddable":true,"href":"https:\/\/laurasis.com\/index.php\/wp-json\/wp\/v2\/comments?post=387"}],"wp:attachment":[{"href":"https:\/\/laurasis.com\/index.php\/wp-json\/wp\/v2\/media?parent=387"}],"wp:term":[{"taxonomy":"product_brand","embeddable":true,"href":"https:\/\/laurasis.com\/index.php\/wp-json\/wp\/v2\/product_brand?post=387"},{"taxonomy":"product_cat","embeddable":true,"href":"https:\/\/laurasis.com\/index.php\/wp-json\/wp\/v2\/product_cat?post=387"},{"taxonomy":"product_tag","embeddable":true,"href":"https:\/\/laurasis.com\/index.php\/wp-json\/wp\/v2\/product_tag?post=387"}],"curies":[{"name":"wp","href":"https:\/\/api.w.org\/{rel}","templated":true}]}}