{"id":411,"date":"2019-08-11T07:20:59","date_gmt":"2019-08-11T05:20:59","guid":{"rendered":"http:\/\/laurasis.com\/?post_type=product&#038;p=411"},"modified":"2026-04-01T17:54:04","modified_gmt":"2026-04-01T15:54:04","slug":"le-shampooing-solide-a-la-raquette-figuier-de-barbarie","status":"publish","type":"product","link":"https:\/\/laurasis.com\/index.php\/produit\/le-shampooing-solide-a-la-raquette-figuier-de-barbarie\/","title":{"rendered":"Shampoing Solide \u00e0 la \u00ab\u00a0Raquette\u00a0\u00bb (figuier de barbarie)"},"content":{"rendered":"","protected":false},"excerpt":{"rendered":"<h2><strong>D\u00e9tail du produit<\/strong><\/h2>\n<p>Le Shampoing Solide \u00e0 la \u00ab\u00a0Raquette\u00a0\u00bb, (figuier de barbarie), de Laurasis Beaut\u00e9 Cr\u00e9ole (\u2248100g)<br \/>\nPrix : 13,20 \u20ac TTC (hors frais de livraison)<\/p>\n<p>Le shampoing solide \u00e0 la raquette Laurasis Beaut\u00e9 Cr\u00e9ole, est un shampoing 2 en 1.<br \/>\nIl lave et d\u00e9m\u00eale, tout en douceur.<br \/>\nLa raquette rend le cheveux doux, brillant et renforce le cuir chevelu.<br \/>\n(Tous types de cheveux.)<\/p>\n<h5><em><strong>Shampooing solide 100% v\u00e9g\u00e9tal. Sans colorants, sans additifs, ni conservateurs.<\/strong> <\/em><\/h5>\n<p>Produit fabriqu\u00e9 en Guadeloupe. \ud83c\uddec\ud83c\uddf5<\/p>\n","protected":false},"featured_media":1397,"comment_status":"open","ping_status":"closed","template":"","meta":[],"product_brand":[],"product_cat":[40,41],"product_tag":[],"class_list":{"0":"post-411","1":"product","2":"type-product","3":"status-publish","4":"has-post-thumbnail","6":"product_cat-les-shampooings-solides","7":"product_cat-les-produits-capillaires","9":"first","10":"onbackorder","11":"taxable","12":"shipping-taxable","13":"purchasable","14":"product-type-simple"},"yoast_head":"<!-- This site is optimized with the Yoast SEO plugin v27.5 - https:\/\/yoast.com\/product\/yoast-seo-wordpress\/ -->\n<title>Shampoing Solide \u00e0 la &quot;Raquette&quot; (figuier de barbarie) - LAURASIS<\/title>\n<meta name=\"description\" content=\"Shampoing Solide Laurasis Beaut\u00e9 Cr\u00e9ole. Le Shampoing Solide A La Raquette Laurasis Beaut\u00e9 Cr\u00e9ole, est un shampoing 2 en 1. Il lave et d\u00e9m\u00eale tout en douceur, tout les types de cheveux. La raquette rend le cheveux doux, brillant et renforce le cuir chevelu.\" \/>\n<meta name=\"robots\" content=\"index, follow, max-snippet:-1, max-image-preview:large, max-video-preview:-1\" \/>\n<link rel=\"canonical\" href=\"https:\/\/laurasis.com\/index.php\/produit\/le-shampooing-solide-a-la-raquette-figuier-de-barbarie\/\" \/>\n<meta property=\"og:locale\" content=\"fr_FR\" \/>\n<meta property=\"og:type\" content=\"article\" \/>\n<meta property=\"og:title\" content=\"Shampoing Solide \u00e0 la &quot;Raquette&quot; (figuier de barbarie) - LAURASIS\" \/>\n<meta property=\"og:description\" content=\"Shampoing Solide Laurasis Beaut\u00e9 Cr\u00e9ole. Le Shampoing Solide A La Raquette Laurasis Beaut\u00e9 Cr\u00e9ole, est un shampoing 2 en 1. Il lave et d\u00e9m\u00eale tout en douceur, tout les types de cheveux. La raquette rend le cheveux doux, brillant et renforce le cuir chevelu.\" \/>\n<meta property=\"og:url\" content=\"https:\/\/laurasis.com\/index.php\/produit\/le-shampooing-solide-a-la-raquette-figuier-de-barbarie\/\" \/>\n<meta property=\"og:site_name\" content=\"LAURASIS\" \/>\n<meta property=\"article:modified_time\" content=\"2026-04-01T15:54:04+00:00\" \/>\n<meta property=\"og:image\" content=\"https:\/\/laurasis.com\/wp-content\/uploads\/2024\/07\/LBC_Shamppoing-solide-raquette.png\" \/>\n\t<meta property=\"og:image:width\" content=\"960\" \/>\n\t<meta property=\"og:image:height\" content=\"1280\" \/>\n\t<meta property=\"og:image:type\" content=\"image\/png\" \/>\n<meta name=\"twitter:card\" content=\"summary_large_image\" \/>\n<script type=\"application\/ld+json\" class=\"yoast-schema-graph\">{\"@context\":\"https:\\\/\\\/schema.org\",\"@graph\":[{\"@type\":\"WebPage\",\"@id\":\"https:\\\/\\\/laurasis.com\\\/index.php\\\/produit\\\/le-shampooing-solide-a-la-raquette-figuier-de-barbarie\\\/\",\"url\":\"https:\\\/\\\/laurasis.com\\\/index.php\\\/produit\\\/le-shampooing-solide-a-la-raquette-figuier-de-barbarie\\\/\",\"name\":\"Shampoing Solide \u00e0 la \\\"Raquette\\\" (figuier de barbarie) - LAURASIS\",\"isPartOf\":{\"@id\":\"https:\\\/\\\/laurasis.com\\\/#website\"},\"primaryImageOfPage\":{\"@id\":\"https:\\\/\\\/laurasis.com\\\/index.php\\\/produit\\\/le-shampooing-solide-a-la-raquette-figuier-de-barbarie\\\/#primaryimage\"},\"image\":{\"@id\":\"https:\\\/\\\/laurasis.com\\\/index.php\\\/produit\\\/le-shampooing-solide-a-la-raquette-figuier-de-barbarie\\\/#primaryimage\"},\"thumbnailUrl\":\"https:\\\/\\\/laurasis.com\\\/wp-content\\\/uploads\\\/2024\\\/07\\\/LBC_Shamppoing-solide-raquette.png\",\"datePublished\":\"2019-08-11T05:20:59+00:00\",\"dateModified\":\"2026-04-01T15:54:04+00:00\",\"description\":\"Shampoing Solide Laurasis Beaut\u00e9 Cr\u00e9ole. Le Shampoing Solide A La Raquette Laurasis Beaut\u00e9 Cr\u00e9ole, est un shampoing 2 en 1. Il lave et d\u00e9m\u00eale tout en douceur, tout les types de cheveux. La raquette rend le cheveux doux, brillant et renforce le cuir chevelu.\",\"breadcrumb\":{\"@id\":\"https:\\\/\\\/laurasis.com\\\/index.php\\\/produit\\\/le-shampooing-solide-a-la-raquette-figuier-de-barbarie\\\/#breadcrumb\"},\"inLanguage\":\"fr-FR\",\"potentialAction\":[{\"@type\":\"ReadAction\",\"target\":[\"https:\\\/\\\/laurasis.com\\\/index.php\\\/produit\\\/le-shampooing-solide-a-la-raquette-figuier-de-barbarie\\\/\"]}]},{\"@type\":\"ImageObject\",\"inLanguage\":\"fr-FR\",\"@id\":\"https:\\\/\\\/laurasis.com\\\/index.php\\\/produit\\\/le-shampooing-solide-a-la-raquette-figuier-de-barbarie\\\/#primaryimage\",\"url\":\"https:\\\/\\\/laurasis.com\\\/wp-content\\\/uploads\\\/2024\\\/07\\\/LBC_Shamppoing-solide-raquette.png\",\"contentUrl\":\"https:\\\/\\\/laurasis.com\\\/wp-content\\\/uploads\\\/2024\\\/07\\\/LBC_Shamppoing-solide-raquette.png\",\"width\":960,\"height\":1280},{\"@type\":\"BreadcrumbList\",\"@id\":\"https:\\\/\\\/laurasis.com\\\/index.php\\\/produit\\\/le-shampooing-solide-a-la-raquette-figuier-de-barbarie\\\/#breadcrumb\",\"itemListElement\":[{\"@type\":\"ListItem\",\"position\":1,\"name\":\"Accueil\",\"item\":\"https:\\\/\\\/laurasis.com\\\/\"},{\"@type\":\"ListItem\",\"position\":2,\"name\":\"Boutique\",\"item\":\"https:\\\/\\\/laurasis.com\\\/index.php\\\/boutique\\\/\"},{\"@type\":\"ListItem\",\"position\":3,\"name\":\"Shampoing Solide \u00e0 la \u00ab\u00a0Raquette\u00a0\u00bb (figuier de barbarie)\"}]},{\"@type\":\"WebSite\",\"@id\":\"https:\\\/\\\/laurasis.com\\\/#website\",\"url\":\"https:\\\/\\\/laurasis.com\\\/\",\"name\":\"LAURASIS\",\"description\":\"Laurais Beaut\u00e9 Cr\u00e9ole, une oasis de bien-\u00eatre.\",\"publisher\":{\"@id\":\"https:\\\/\\\/laurasis.com\\\/#organization\"},\"potentialAction\":[{\"@type\":\"SearchAction\",\"target\":{\"@type\":\"EntryPoint\",\"urlTemplate\":\"https:\\\/\\\/laurasis.com\\\/?s={search_term_string}\"},\"query-input\":{\"@type\":\"PropertyValueSpecification\",\"valueRequired\":true,\"valueName\":\"search_term_string\"}}],\"inLanguage\":\"fr-FR\"},{\"@type\":\"Organization\",\"@id\":\"https:\\\/\\\/laurasis.com\\\/#organization\",\"name\":\"Laurasis Beaut\u00e9 Cr\u00e9ole\",\"url\":\"https:\\\/\\\/laurasis.com\\\/\",\"logo\":{\"@type\":\"ImageObject\",\"inLanguage\":\"fr-FR\",\"@id\":\"https:\\\/\\\/laurasis.com\\\/#\\\/schema\\\/logo\\\/image\\\/\",\"url\":\"https:\\\/\\\/laurasis.com\\\/wp-content\\\/uploads\\\/2024\\\/06\\\/Logo-LBC-transparent.png\",\"contentUrl\":\"https:\\\/\\\/laurasis.com\\\/wp-content\\\/uploads\\\/2024\\\/06\\\/Logo-LBC-transparent.png\",\"width\":311,\"height\":169,\"caption\":\"Laurasis Beaut\u00e9 Cr\u00e9ole\"},\"image\":{\"@id\":\"https:\\\/\\\/laurasis.com\\\/#\\\/schema\\\/logo\\\/image\\\/\"},\"sameAs\":[\"https:\\\/\\\/www.instagram.com\\\/LAURASISBEAUTECREOLE\\\/\"]}]}<\/script>\n<!-- \/ Yoast SEO plugin. -->","yoast_head_json":{"title":"Shampoing Solide \u00e0 la \"Raquette\" (figuier de barbarie) - LAURASIS","description":"Shampoing Solide Laurasis Beaut\u00e9 Cr\u00e9ole. Le Shampoing Solide A La Raquette Laurasis Beaut\u00e9 Cr\u00e9ole, est un shampoing 2 en 1. Il lave et d\u00e9m\u00eale tout en douceur, tout les types de cheveux. La raquette rend le cheveux doux, brillant et renforce le cuir chevelu.","robots":{"index":"index","follow":"follow","max-snippet":"max-snippet:-1","max-image-preview":"max-image-preview:large","max-video-preview":"max-video-preview:-1"},"canonical":"https:\/\/laurasis.com\/index.php\/produit\/le-shampooing-solide-a-la-raquette-figuier-de-barbarie\/","og_locale":"fr_FR","og_type":"article","og_title":"Shampoing Solide \u00e0 la \"Raquette\" (figuier de barbarie) - LAURASIS","og_description":"Shampoing Solide Laurasis Beaut\u00e9 Cr\u00e9ole. Le Shampoing Solide A La Raquette Laurasis Beaut\u00e9 Cr\u00e9ole, est un shampoing 2 en 1. Il lave et d\u00e9m\u00eale tout en douceur, tout les types de cheveux. La raquette rend le cheveux doux, brillant et renforce le cuir chevelu.","og_url":"https:\/\/laurasis.com\/index.php\/produit\/le-shampooing-solide-a-la-raquette-figuier-de-barbarie\/","og_site_name":"LAURASIS","article_modified_time":"2026-04-01T15:54:04+00:00","og_image":[{"width":960,"height":1280,"url":"https:\/\/laurasis.com\/wp-content\/uploads\/2024\/07\/LBC_Shamppoing-solide-raquette.png","type":"image\/png"}],"twitter_card":"summary_large_image","schema":{"@context":"https:\/\/schema.org","@graph":[{"@type":"WebPage","@id":"https:\/\/laurasis.com\/index.php\/produit\/le-shampooing-solide-a-la-raquette-figuier-de-barbarie\/","url":"https:\/\/laurasis.com\/index.php\/produit\/le-shampooing-solide-a-la-raquette-figuier-de-barbarie\/","name":"Shampoing Solide \u00e0 la \"Raquette\" (figuier de barbarie) - LAURASIS","isPartOf":{"@id":"https:\/\/laurasis.com\/#website"},"primaryImageOfPage":{"@id":"https:\/\/laurasis.com\/index.php\/produit\/le-shampooing-solide-a-la-raquette-figuier-de-barbarie\/#primaryimage"},"image":{"@id":"https:\/\/laurasis.com\/index.php\/produit\/le-shampooing-solide-a-la-raquette-figuier-de-barbarie\/#primaryimage"},"thumbnailUrl":"https:\/\/laurasis.com\/wp-content\/uploads\/2024\/07\/LBC_Shamppoing-solide-raquette.png","datePublished":"2019-08-11T05:20:59+00:00","dateModified":"2026-04-01T15:54:04+00:00","description":"Shampoing Solide Laurasis Beaut\u00e9 Cr\u00e9ole. Le Shampoing Solide A La Raquette Laurasis Beaut\u00e9 Cr\u00e9ole, est un shampoing 2 en 1. Il lave et d\u00e9m\u00eale tout en douceur, tout les types de cheveux. La raquette rend le cheveux doux, brillant et renforce le cuir chevelu.","breadcrumb":{"@id":"https:\/\/laurasis.com\/index.php\/produit\/le-shampooing-solide-a-la-raquette-figuier-de-barbarie\/#breadcrumb"},"inLanguage":"fr-FR","potentialAction":[{"@type":"ReadAction","target":["https:\/\/laurasis.com\/index.php\/produit\/le-shampooing-solide-a-la-raquette-figuier-de-barbarie\/"]}]},{"@type":"ImageObject","inLanguage":"fr-FR","@id":"https:\/\/laurasis.com\/index.php\/produit\/le-shampooing-solide-a-la-raquette-figuier-de-barbarie\/#primaryimage","url":"https:\/\/laurasis.com\/wp-content\/uploads\/2024\/07\/LBC_Shamppoing-solide-raquette.png","contentUrl":"https:\/\/laurasis.com\/wp-content\/uploads\/2024\/07\/LBC_Shamppoing-solide-raquette.png","width":960,"height":1280},{"@type":"BreadcrumbList","@id":"https:\/\/laurasis.com\/index.php\/produit\/le-shampooing-solide-a-la-raquette-figuier-de-barbarie\/#breadcrumb","itemListElement":[{"@type":"ListItem","position":1,"name":"Accueil","item":"https:\/\/laurasis.com\/"},{"@type":"ListItem","position":2,"name":"Boutique","item":"https:\/\/laurasis.com\/index.php\/boutique\/"},{"@type":"ListItem","position":3,"name":"Shampoing Solide \u00e0 la \u00ab\u00a0Raquette\u00a0\u00bb (figuier de barbarie)"}]},{"@type":"WebSite","@id":"https:\/\/laurasis.com\/#website","url":"https:\/\/laurasis.com\/","name":"LAURASIS","description":"Laurais Beaut\u00e9 Cr\u00e9ole, une oasis de bien-\u00eatre.","publisher":{"@id":"https:\/\/laurasis.com\/#organization"},"potentialAction":[{"@type":"SearchAction","target":{"@type":"EntryPoint","urlTemplate":"https:\/\/laurasis.com\/?s={search_term_string}"},"query-input":{"@type":"PropertyValueSpecification","valueRequired":true,"valueName":"search_term_string"}}],"inLanguage":"fr-FR"},{"@type":"Organization","@id":"https:\/\/laurasis.com\/#organization","name":"Laurasis Beaut\u00e9 Cr\u00e9ole","url":"https:\/\/laurasis.com\/","logo":{"@type":"ImageObject","inLanguage":"fr-FR","@id":"https:\/\/laurasis.com\/#\/schema\/logo\/image\/","url":"https:\/\/laurasis.com\/wp-content\/uploads\/2024\/06\/Logo-LBC-transparent.png","contentUrl":"https:\/\/laurasis.com\/wp-content\/uploads\/2024\/06\/Logo-LBC-transparent.png","width":311,"height":169,"caption":"Laurasis Beaut\u00e9 Cr\u00e9ole"},"image":{"@id":"https:\/\/laurasis.com\/#\/schema\/logo\/image\/"},"sameAs":["https:\/\/www.instagram.com\/LAURASISBEAUTECREOLE\/"]}]}},"_links":{"self":[{"href":"https:\/\/laurasis.com\/index.php\/wp-json\/wp\/v2\/product\/411","targetHints":{"allow":["GET"]}}],"collection":[{"href":"https:\/\/laurasis.com\/index.php\/wp-json\/wp\/v2\/product"}],"about":[{"href":"https:\/\/laurasis.com\/index.php\/wp-json\/wp\/v2\/types\/product"}],"replies":[{"embeddable":true,"href":"https:\/\/laurasis.com\/index.php\/wp-json\/wp\/v2\/comments?post=411"}],"wp:featuredmedia":[{"embeddable":true,"href":"https:\/\/laurasis.com\/index.php\/wp-json\/wp\/v2\/media\/1397"}],"wp:attachment":[{"href":"https:\/\/laurasis.com\/index.php\/wp-json\/wp\/v2\/media?parent=411"}],"wp:term":[{"taxonomy":"product_brand","embeddable":true,"href":"https:\/\/laurasis.com\/index.php\/wp-json\/wp\/v2\/product_brand?post=411"},{"taxonomy":"product_cat","embeddable":true,"href":"https:\/\/laurasis.com\/index.php\/wp-json\/wp\/v2\/product_cat?post=411"},{"taxonomy":"product_tag","embeddable":true,"href":"https:\/\/laurasis.com\/index.php\/wp-json\/wp\/v2\/product_tag?post=411"}],"curies":[{"name":"wp","href":"https:\/\/api.w.org\/{rel}","templated":true}]}}