{"id":419,"date":"2019-08-11T07:40:51","date_gmt":"2019-08-11T05:40:51","guid":{"rendered":"http:\/\/laurasis.com\/?post_type=product&#038;p=419"},"modified":"2026-04-01T17:54:04","modified_gmt":"2026-04-01T15:54:04","slug":"pommade-coco-carapate-100-ml","status":"publish","type":"product","link":"https:\/\/laurasis.com\/index.php\/produit\/pommade-coco-carapate-100-ml\/","title":{"rendered":"Pommade Coco \/ Carapate"},"content":{"rendered":"","protected":false},"excerpt":{"rendered":"<h2><strong>D\u00e9tail du produit\u00a0<\/strong><\/h2>\n<p>La Pommade Coco \/ Carapate de Laurasis Beaut\u00e9 Cr\u00e9ole (100 ml)<br \/>\nPrix : 22,00 \u20ac TTC (hors frais de livraison)<\/p>\n<p>La pommade coiffante coco \/ carapate Laurasis Beaut\u00e9 Cr\u00e9ole, est faite \u00e0 partir de nos huiles artisanales de coco et de carapate.<br \/>\nC&rsquo;est un soin qui va stimuler la pousse des cheveux, aussi bien en longueur, qu&rsquo;en \u00e9paisseur.<br \/>\n\u00c0 utiliser tous les jours, ou apr\u00e8s le shampooing, pour pr\u00e9parer les cheveux au coiffage.<\/p>\n<h5><em><strong>Pommade 100% v\u00e9g\u00e9tale. Sans colorants, sans additifs, ni conservateurs.<\/strong><\/em><\/h5>\n<p>Produit fabriqu\u00e9 en Guadeloupe.\ud83c\uddec\ud83c\uddf5<\/p>\n","protected":false},"featured_media":1368,"comment_status":"open","ping_status":"closed","template":"","meta":[],"product_brand":[],"product_cat":[43,41],"product_tag":[],"class_list":{"0":"post-419","1":"product","2":"type-product","3":"status-publish","4":"has-post-thumbnail","6":"product_cat-les-beurres-et-pommades","7":"product_cat-les-produits-capillaires","9":"first","10":"onbackorder","11":"taxable","12":"shipping-taxable","13":"purchasable","14":"product-type-simple"},"yoast_head":"<!-- This site is optimized with the Yoast SEO plugin v27.5 - https:\/\/yoast.com\/product\/yoast-seo-wordpress\/ -->\n<title>Pommade Coco \/ Carapate - LAURASIS<\/title>\n<meta name=\"description\" content=\"Pommade Coiffante Laurasis Beaut\u00e9 Cr\u00e9ole. La Pommade Coiffante Coco\/Carapate Laurasis Beaut\u00e9 Cr\u00e9ole, est faite \u00e0 partir de nos huiles artisanales de coco et de carapate. C&#039;est un soin qui va stimuler la pousse des cheveux, aussi bien en longueur qu&#039;en \u00e9paisseur. \u00c0 utiliser tout les jours ou apr\u00e8s le shampooing, pour pr\u00e9parer les cheveux au coiffage.\" \/>\n<meta name=\"robots\" content=\"index, follow, max-snippet:-1, max-image-preview:large, max-video-preview:-1\" \/>\n<link rel=\"canonical\" href=\"https:\/\/laurasis.com\/index.php\/produit\/pommade-coco-carapate-100-ml\/\" \/>\n<meta property=\"og:locale\" content=\"fr_FR\" \/>\n<meta property=\"og:type\" content=\"article\" \/>\n<meta property=\"og:title\" content=\"Pommade Coco \/ Carapate - LAURASIS\" \/>\n<meta property=\"og:description\" content=\"Pommade Coiffante Laurasis Beaut\u00e9 Cr\u00e9ole. La Pommade Coiffante Coco\/Carapate Laurasis Beaut\u00e9 Cr\u00e9ole, est faite \u00e0 partir de nos huiles artisanales de coco et de carapate. C&#039;est un soin qui va stimuler la pousse des cheveux, aussi bien en longueur qu&#039;en \u00e9paisseur. \u00c0 utiliser tout les jours ou apr\u00e8s le shampooing, pour pr\u00e9parer les cheveux au coiffage.\" \/>\n<meta property=\"og:url\" content=\"https:\/\/laurasis.com\/index.php\/produit\/pommade-coco-carapate-100-ml\/\" \/>\n<meta property=\"og:site_name\" content=\"LAURASIS\" \/>\n<meta property=\"article:modified_time\" content=\"2026-04-01T15:54:04+00:00\" \/>\n<meta property=\"og:image\" content=\"https:\/\/laurasis.com\/wp-content\/uploads\/2024\/06\/Pommade_Coco-carapate-LBC_2024.png\" \/>\n\t<meta property=\"og:image:width\" content=\"1280\" \/>\n\t<meta property=\"og:image:height\" content=\"960\" \/>\n\t<meta property=\"og:image:type\" content=\"image\/png\" \/>\n<meta name=\"twitter:card\" content=\"summary_large_image\" \/>\n<script type=\"application\/ld+json\" class=\"yoast-schema-graph\">{\"@context\":\"https:\\\/\\\/schema.org\",\"@graph\":[{\"@type\":\"WebPage\",\"@id\":\"https:\\\/\\\/laurasis.com\\\/index.php\\\/produit\\\/pommade-coco-carapate-100-ml\\\/\",\"url\":\"https:\\\/\\\/laurasis.com\\\/index.php\\\/produit\\\/pommade-coco-carapate-100-ml\\\/\",\"name\":\"Pommade Coco \\\/ Carapate - LAURASIS\",\"isPartOf\":{\"@id\":\"https:\\\/\\\/laurasis.com\\\/#website\"},\"primaryImageOfPage\":{\"@id\":\"https:\\\/\\\/laurasis.com\\\/index.php\\\/produit\\\/pommade-coco-carapate-100-ml\\\/#primaryimage\"},\"image\":{\"@id\":\"https:\\\/\\\/laurasis.com\\\/index.php\\\/produit\\\/pommade-coco-carapate-100-ml\\\/#primaryimage\"},\"thumbnailUrl\":\"https:\\\/\\\/laurasis.com\\\/wp-content\\\/uploads\\\/2024\\\/06\\\/Pommade_Coco-carapate-LBC_2024.png\",\"datePublished\":\"2019-08-11T05:40:51+00:00\",\"dateModified\":\"2026-04-01T15:54:04+00:00\",\"description\":\"Pommade Coiffante Laurasis Beaut\u00e9 Cr\u00e9ole. La Pommade Coiffante Coco\\\/Carapate Laurasis Beaut\u00e9 Cr\u00e9ole, est faite \u00e0 partir de nos huiles artisanales de coco et de carapate. C'est un soin qui va stimuler la pousse des cheveux, aussi bien en longueur qu'en \u00e9paisseur. \u00c0 utiliser tout les jours ou apr\u00e8s le shampooing, pour pr\u00e9parer les cheveux au coiffage.\",\"breadcrumb\":{\"@id\":\"https:\\\/\\\/laurasis.com\\\/index.php\\\/produit\\\/pommade-coco-carapate-100-ml\\\/#breadcrumb\"},\"inLanguage\":\"fr-FR\",\"potentialAction\":[{\"@type\":\"ReadAction\",\"target\":[\"https:\\\/\\\/laurasis.com\\\/index.php\\\/produit\\\/pommade-coco-carapate-100-ml\\\/\"]}]},{\"@type\":\"ImageObject\",\"inLanguage\":\"fr-FR\",\"@id\":\"https:\\\/\\\/laurasis.com\\\/index.php\\\/produit\\\/pommade-coco-carapate-100-ml\\\/#primaryimage\",\"url\":\"https:\\\/\\\/laurasis.com\\\/wp-content\\\/uploads\\\/2024\\\/06\\\/Pommade_Coco-carapate-LBC_2024.png\",\"contentUrl\":\"https:\\\/\\\/laurasis.com\\\/wp-content\\\/uploads\\\/2024\\\/06\\\/Pommade_Coco-carapate-LBC_2024.png\",\"width\":1280,\"height\":960},{\"@type\":\"BreadcrumbList\",\"@id\":\"https:\\\/\\\/laurasis.com\\\/index.php\\\/produit\\\/pommade-coco-carapate-100-ml\\\/#breadcrumb\",\"itemListElement\":[{\"@type\":\"ListItem\",\"position\":1,\"name\":\"Accueil\",\"item\":\"https:\\\/\\\/laurasis.com\\\/\"},{\"@type\":\"ListItem\",\"position\":2,\"name\":\"Boutique\",\"item\":\"https:\\\/\\\/laurasis.com\\\/index.php\\\/boutique\\\/\"},{\"@type\":\"ListItem\",\"position\":3,\"name\":\"Pommade Coco \\\/ Carapate\"}]},{\"@type\":\"WebSite\",\"@id\":\"https:\\\/\\\/laurasis.com\\\/#website\",\"url\":\"https:\\\/\\\/laurasis.com\\\/\",\"name\":\"LAURASIS\",\"description\":\"Laurais Beaut\u00e9 Cr\u00e9ole, une oasis de bien-\u00eatre.\",\"publisher\":{\"@id\":\"https:\\\/\\\/laurasis.com\\\/#organization\"},\"potentialAction\":[{\"@type\":\"SearchAction\",\"target\":{\"@type\":\"EntryPoint\",\"urlTemplate\":\"https:\\\/\\\/laurasis.com\\\/?s={search_term_string}\"},\"query-input\":{\"@type\":\"PropertyValueSpecification\",\"valueRequired\":true,\"valueName\":\"search_term_string\"}}],\"inLanguage\":\"fr-FR\"},{\"@type\":\"Organization\",\"@id\":\"https:\\\/\\\/laurasis.com\\\/#organization\",\"name\":\"Laurasis Beaut\u00e9 Cr\u00e9ole\",\"url\":\"https:\\\/\\\/laurasis.com\\\/\",\"logo\":{\"@type\":\"ImageObject\",\"inLanguage\":\"fr-FR\",\"@id\":\"https:\\\/\\\/laurasis.com\\\/#\\\/schema\\\/logo\\\/image\\\/\",\"url\":\"https:\\\/\\\/laurasis.com\\\/wp-content\\\/uploads\\\/2024\\\/06\\\/Logo-LBC-transparent.png\",\"contentUrl\":\"https:\\\/\\\/laurasis.com\\\/wp-content\\\/uploads\\\/2024\\\/06\\\/Logo-LBC-transparent.png\",\"width\":311,\"height\":169,\"caption\":\"Laurasis Beaut\u00e9 Cr\u00e9ole\"},\"image\":{\"@id\":\"https:\\\/\\\/laurasis.com\\\/#\\\/schema\\\/logo\\\/image\\\/\"},\"sameAs\":[\"https:\\\/\\\/www.instagram.com\\\/LAURASISBEAUTECREOLE\\\/\"]}]}<\/script>\n<!-- \/ Yoast SEO plugin. -->","yoast_head_json":{"title":"Pommade Coco \/ Carapate - LAURASIS","description":"Pommade Coiffante Laurasis Beaut\u00e9 Cr\u00e9ole. La Pommade Coiffante Coco\/Carapate Laurasis Beaut\u00e9 Cr\u00e9ole, est faite \u00e0 partir de nos huiles artisanales de coco et de carapate. C'est un soin qui va stimuler la pousse des cheveux, aussi bien en longueur qu'en \u00e9paisseur. \u00c0 utiliser tout les jours ou apr\u00e8s le shampooing, pour pr\u00e9parer les cheveux au coiffage.","robots":{"index":"index","follow":"follow","max-snippet":"max-snippet:-1","max-image-preview":"max-image-preview:large","max-video-preview":"max-video-preview:-1"},"canonical":"https:\/\/laurasis.com\/index.php\/produit\/pommade-coco-carapate-100-ml\/","og_locale":"fr_FR","og_type":"article","og_title":"Pommade Coco \/ Carapate - LAURASIS","og_description":"Pommade Coiffante Laurasis Beaut\u00e9 Cr\u00e9ole. La Pommade Coiffante Coco\/Carapate Laurasis Beaut\u00e9 Cr\u00e9ole, est faite \u00e0 partir de nos huiles artisanales de coco et de carapate. C'est un soin qui va stimuler la pousse des cheveux, aussi bien en longueur qu'en \u00e9paisseur. \u00c0 utiliser tout les jours ou apr\u00e8s le shampooing, pour pr\u00e9parer les cheveux au coiffage.","og_url":"https:\/\/laurasis.com\/index.php\/produit\/pommade-coco-carapate-100-ml\/","og_site_name":"LAURASIS","article_modified_time":"2026-04-01T15:54:04+00:00","og_image":[{"width":1280,"height":960,"url":"https:\/\/laurasis.com\/wp-content\/uploads\/2024\/06\/Pommade_Coco-carapate-LBC_2024.png","type":"image\/png"}],"twitter_card":"summary_large_image","schema":{"@context":"https:\/\/schema.org","@graph":[{"@type":"WebPage","@id":"https:\/\/laurasis.com\/index.php\/produit\/pommade-coco-carapate-100-ml\/","url":"https:\/\/laurasis.com\/index.php\/produit\/pommade-coco-carapate-100-ml\/","name":"Pommade Coco \/ Carapate - LAURASIS","isPartOf":{"@id":"https:\/\/laurasis.com\/#website"},"primaryImageOfPage":{"@id":"https:\/\/laurasis.com\/index.php\/produit\/pommade-coco-carapate-100-ml\/#primaryimage"},"image":{"@id":"https:\/\/laurasis.com\/index.php\/produit\/pommade-coco-carapate-100-ml\/#primaryimage"},"thumbnailUrl":"https:\/\/laurasis.com\/wp-content\/uploads\/2024\/06\/Pommade_Coco-carapate-LBC_2024.png","datePublished":"2019-08-11T05:40:51+00:00","dateModified":"2026-04-01T15:54:04+00:00","description":"Pommade Coiffante Laurasis Beaut\u00e9 Cr\u00e9ole. La Pommade Coiffante Coco\/Carapate Laurasis Beaut\u00e9 Cr\u00e9ole, est faite \u00e0 partir de nos huiles artisanales de coco et de carapate. C'est un soin qui va stimuler la pousse des cheveux, aussi bien en longueur qu'en \u00e9paisseur. \u00c0 utiliser tout les jours ou apr\u00e8s le shampooing, pour pr\u00e9parer les cheveux au coiffage.","breadcrumb":{"@id":"https:\/\/laurasis.com\/index.php\/produit\/pommade-coco-carapate-100-ml\/#breadcrumb"},"inLanguage":"fr-FR","potentialAction":[{"@type":"ReadAction","target":["https:\/\/laurasis.com\/index.php\/produit\/pommade-coco-carapate-100-ml\/"]}]},{"@type":"ImageObject","inLanguage":"fr-FR","@id":"https:\/\/laurasis.com\/index.php\/produit\/pommade-coco-carapate-100-ml\/#primaryimage","url":"https:\/\/laurasis.com\/wp-content\/uploads\/2024\/06\/Pommade_Coco-carapate-LBC_2024.png","contentUrl":"https:\/\/laurasis.com\/wp-content\/uploads\/2024\/06\/Pommade_Coco-carapate-LBC_2024.png","width":1280,"height":960},{"@type":"BreadcrumbList","@id":"https:\/\/laurasis.com\/index.php\/produit\/pommade-coco-carapate-100-ml\/#breadcrumb","itemListElement":[{"@type":"ListItem","position":1,"name":"Accueil","item":"https:\/\/laurasis.com\/"},{"@type":"ListItem","position":2,"name":"Boutique","item":"https:\/\/laurasis.com\/index.php\/boutique\/"},{"@type":"ListItem","position":3,"name":"Pommade Coco \/ Carapate"}]},{"@type":"WebSite","@id":"https:\/\/laurasis.com\/#website","url":"https:\/\/laurasis.com\/","name":"LAURASIS","description":"Laurais Beaut\u00e9 Cr\u00e9ole, une oasis de bien-\u00eatre.","publisher":{"@id":"https:\/\/laurasis.com\/#organization"},"potentialAction":[{"@type":"SearchAction","target":{"@type":"EntryPoint","urlTemplate":"https:\/\/laurasis.com\/?s={search_term_string}"},"query-input":{"@type":"PropertyValueSpecification","valueRequired":true,"valueName":"search_term_string"}}],"inLanguage":"fr-FR"},{"@type":"Organization","@id":"https:\/\/laurasis.com\/#organization","name":"Laurasis Beaut\u00e9 Cr\u00e9ole","url":"https:\/\/laurasis.com\/","logo":{"@type":"ImageObject","inLanguage":"fr-FR","@id":"https:\/\/laurasis.com\/#\/schema\/logo\/image\/","url":"https:\/\/laurasis.com\/wp-content\/uploads\/2024\/06\/Logo-LBC-transparent.png","contentUrl":"https:\/\/laurasis.com\/wp-content\/uploads\/2024\/06\/Logo-LBC-transparent.png","width":311,"height":169,"caption":"Laurasis Beaut\u00e9 Cr\u00e9ole"},"image":{"@id":"https:\/\/laurasis.com\/#\/schema\/logo\/image\/"},"sameAs":["https:\/\/www.instagram.com\/LAURASISBEAUTECREOLE\/"]}]}},"_links":{"self":[{"href":"https:\/\/laurasis.com\/index.php\/wp-json\/wp\/v2\/product\/419","targetHints":{"allow":["GET"]}}],"collection":[{"href":"https:\/\/laurasis.com\/index.php\/wp-json\/wp\/v2\/product"}],"about":[{"href":"https:\/\/laurasis.com\/index.php\/wp-json\/wp\/v2\/types\/product"}],"replies":[{"embeddable":true,"href":"https:\/\/laurasis.com\/index.php\/wp-json\/wp\/v2\/comments?post=419"}],"wp:featuredmedia":[{"embeddable":true,"href":"https:\/\/laurasis.com\/index.php\/wp-json\/wp\/v2\/media\/1368"}],"wp:attachment":[{"href":"https:\/\/laurasis.com\/index.php\/wp-json\/wp\/v2\/media?parent=419"}],"wp:term":[{"taxonomy":"product_brand","embeddable":true,"href":"https:\/\/laurasis.com\/index.php\/wp-json\/wp\/v2\/product_brand?post=419"},{"taxonomy":"product_cat","embeddable":true,"href":"https:\/\/laurasis.com\/index.php\/wp-json\/wp\/v2\/product_cat?post=419"},{"taxonomy":"product_tag","embeddable":true,"href":"https:\/\/laurasis.com\/index.php\/wp-json\/wp\/v2\/product_tag?post=419"}],"curies":[{"name":"wp","href":"https:\/\/api.w.org\/{rel}","templated":true}]}}