{"id":422,"date":"2019-08-11T07:51:42","date_gmt":"2019-08-11T05:51:42","guid":{"rendered":"http:\/\/laurasis.com\/?post_type=product&#038;p=422"},"modified":"2025-04-30T13:32:37","modified_gmt":"2025-04-30T11:32:37","slug":"pommade-coco-100-ml","status":"publish","type":"product","link":"https:\/\/laurasis.com\/index.php\/produit\/pommade-coco-100-ml\/","title":{"rendered":"Pommade Coco"},"content":{"rendered":"","protected":false},"excerpt":{"rendered":"<h2><strong>D\u00e9tail du produit\u00a0<\/strong><\/h2>\n<p>La pommade coco de Laurasis Beaut\u00e9 Cr\u00e9ole (100 ml)<br \/>\nPrix : 22,00 \u20ac TTC (hors frais de livraison)<\/p>\n<p>La pommade coco pour cheveux et corps de Laurasis Beaut\u00e9 Cr\u00e9ole est r\u00e9alis\u00e9e \u00e0 partir de notre l&rsquo;huile<br \/>\nde coco artisanal. Elle hydrate et nourrit les cheveux et le corps.<br \/>\nUtilisation :<br \/>\nTous les jours, ou apr\u00e8s le shampooing, pour pr\u00e9parer les cheveux au coiffage.<br \/>\nSur les zones s\u00e8ches du corps.<\/p>\n<h5><em><strong>Pommade 100% v\u00e9g\u00e9tale. Sans colorants, sans additifs, ni conservateurs.<\/strong><\/em><\/h5>\n<p>Produit fabriqu\u00e9 en Guadeloupe.\ud83c\uddec\ud83c\uddf5<\/p>\n","protected":false},"featured_media":1369,"comment_status":"open","ping_status":"closed","template":"","meta":[],"product_brand":[],"product_cat":[43,41],"product_tag":[],"class_list":{"0":"post-422","1":"product","2":"type-product","3":"status-publish","4":"has-post-thumbnail","6":"product_cat-les-beurres-et-pommades","7":"product_cat-les-produits-capillaires","9":"first","10":"instock","11":"taxable","12":"shipping-taxable","13":"purchasable","14":"product-type-simple"},"yoast_head":"<!-- This site is optimized with the Yoast SEO plugin v27.5 - https:\/\/yoast.com\/product\/yoast-seo-wordpress\/ -->\n<title>Pommade Coco - LAURASIS<\/title>\n<meta name=\"description\" content=\"Pommade cheveux et corps Laurasis Beaut\u00e9 Cr\u00e9ole. La Pommade Coco pour cheveux et corps de Laurasis Beaut\u00e9 Cr\u00e9ole, est r\u00e9alis\u00e9e \u00e0 partir de notre l&#039;huile de coco artisanale. Elle est hydratante et nourrissante.\" \/>\n<meta name=\"robots\" content=\"index, follow, max-snippet:-1, max-image-preview:large, max-video-preview:-1\" \/>\n<link rel=\"canonical\" href=\"https:\/\/laurasis.com\/index.php\/produit\/pommade-coco-100-ml\/\" \/>\n<meta property=\"og:locale\" content=\"fr_FR\" \/>\n<meta property=\"og:type\" content=\"article\" \/>\n<meta property=\"og:title\" content=\"Pommade Coco - LAURASIS\" \/>\n<meta property=\"og:description\" content=\"Pommade cheveux et corps Laurasis Beaut\u00e9 Cr\u00e9ole. La Pommade Coco pour cheveux et corps de Laurasis Beaut\u00e9 Cr\u00e9ole, est r\u00e9alis\u00e9e \u00e0 partir de notre l&#039;huile de coco artisanale. Elle est hydratante et nourrissante.\" \/>\n<meta property=\"og:url\" content=\"https:\/\/laurasis.com\/index.php\/produit\/pommade-coco-100-ml\/\" \/>\n<meta property=\"og:site_name\" content=\"LAURASIS\" \/>\n<meta property=\"article:modified_time\" content=\"2025-04-30T11:32:37+00:00\" \/>\n<meta property=\"og:image\" content=\"https:\/\/laurasis.com\/wp-content\/uploads\/2024\/06\/Pommade_Coco-LBC_2024.png\" \/>\n\t<meta property=\"og:image:width\" content=\"1280\" \/>\n\t<meta property=\"og:image:height\" content=\"960\" \/>\n\t<meta property=\"og:image:type\" content=\"image\/png\" \/>\n<meta name=\"twitter:card\" content=\"summary_large_image\" \/>\n<script type=\"application\/ld+json\" class=\"yoast-schema-graph\">{\"@context\":\"https:\\\/\\\/schema.org\",\"@graph\":[{\"@type\":\"WebPage\",\"@id\":\"https:\\\/\\\/laurasis.com\\\/index.php\\\/produit\\\/pommade-coco-100-ml\\\/\",\"url\":\"https:\\\/\\\/laurasis.com\\\/index.php\\\/produit\\\/pommade-coco-100-ml\\\/\",\"name\":\"Pommade Coco - LAURASIS\",\"isPartOf\":{\"@id\":\"https:\\\/\\\/laurasis.com\\\/#website\"},\"primaryImageOfPage\":{\"@id\":\"https:\\\/\\\/laurasis.com\\\/index.php\\\/produit\\\/pommade-coco-100-ml\\\/#primaryimage\"},\"image\":{\"@id\":\"https:\\\/\\\/laurasis.com\\\/index.php\\\/produit\\\/pommade-coco-100-ml\\\/#primaryimage\"},\"thumbnailUrl\":\"https:\\\/\\\/laurasis.com\\\/wp-content\\\/uploads\\\/2024\\\/06\\\/Pommade_Coco-LBC_2024.png\",\"datePublished\":\"2019-08-11T05:51:42+00:00\",\"dateModified\":\"2025-04-30T11:32:37+00:00\",\"description\":\"Pommade cheveux et corps Laurasis Beaut\u00e9 Cr\u00e9ole. La Pommade Coco pour cheveux et corps de Laurasis Beaut\u00e9 Cr\u00e9ole, est r\u00e9alis\u00e9e \u00e0 partir de notre l'huile de coco artisanale. Elle est hydratante et nourrissante.\",\"breadcrumb\":{\"@id\":\"https:\\\/\\\/laurasis.com\\\/index.php\\\/produit\\\/pommade-coco-100-ml\\\/#breadcrumb\"},\"inLanguage\":\"fr-FR\",\"potentialAction\":[{\"@type\":\"ReadAction\",\"target\":[\"https:\\\/\\\/laurasis.com\\\/index.php\\\/produit\\\/pommade-coco-100-ml\\\/\"]}]},{\"@type\":\"ImageObject\",\"inLanguage\":\"fr-FR\",\"@id\":\"https:\\\/\\\/laurasis.com\\\/index.php\\\/produit\\\/pommade-coco-100-ml\\\/#primaryimage\",\"url\":\"https:\\\/\\\/laurasis.com\\\/wp-content\\\/uploads\\\/2024\\\/06\\\/Pommade_Coco-LBC_2024.png\",\"contentUrl\":\"https:\\\/\\\/laurasis.com\\\/wp-content\\\/uploads\\\/2024\\\/06\\\/Pommade_Coco-LBC_2024.png\",\"width\":1280,\"height\":960},{\"@type\":\"BreadcrumbList\",\"@id\":\"https:\\\/\\\/laurasis.com\\\/index.php\\\/produit\\\/pommade-coco-100-ml\\\/#breadcrumb\",\"itemListElement\":[{\"@type\":\"ListItem\",\"position\":1,\"name\":\"Accueil\",\"item\":\"https:\\\/\\\/laurasis.com\\\/\"},{\"@type\":\"ListItem\",\"position\":2,\"name\":\"Boutique\",\"item\":\"https:\\\/\\\/laurasis.com\\\/index.php\\\/boutique\\\/\"},{\"@type\":\"ListItem\",\"position\":3,\"name\":\"Pommade Coco\"}]},{\"@type\":\"WebSite\",\"@id\":\"https:\\\/\\\/laurasis.com\\\/#website\",\"url\":\"https:\\\/\\\/laurasis.com\\\/\",\"name\":\"LAURASIS\",\"description\":\"Laurais Beaut\u00e9 Cr\u00e9ole, une oasis de bien-\u00eatre.\",\"publisher\":{\"@id\":\"https:\\\/\\\/laurasis.com\\\/#organization\"},\"potentialAction\":[{\"@type\":\"SearchAction\",\"target\":{\"@type\":\"EntryPoint\",\"urlTemplate\":\"https:\\\/\\\/laurasis.com\\\/?s={search_term_string}\"},\"query-input\":{\"@type\":\"PropertyValueSpecification\",\"valueRequired\":true,\"valueName\":\"search_term_string\"}}],\"inLanguage\":\"fr-FR\"},{\"@type\":\"Organization\",\"@id\":\"https:\\\/\\\/laurasis.com\\\/#organization\",\"name\":\"Laurasis Beaut\u00e9 Cr\u00e9ole\",\"url\":\"https:\\\/\\\/laurasis.com\\\/\",\"logo\":{\"@type\":\"ImageObject\",\"inLanguage\":\"fr-FR\",\"@id\":\"https:\\\/\\\/laurasis.com\\\/#\\\/schema\\\/logo\\\/image\\\/\",\"url\":\"https:\\\/\\\/laurasis.com\\\/wp-content\\\/uploads\\\/2024\\\/06\\\/Logo-LBC-transparent.png\",\"contentUrl\":\"https:\\\/\\\/laurasis.com\\\/wp-content\\\/uploads\\\/2024\\\/06\\\/Logo-LBC-transparent.png\",\"width\":311,\"height\":169,\"caption\":\"Laurasis Beaut\u00e9 Cr\u00e9ole\"},\"image\":{\"@id\":\"https:\\\/\\\/laurasis.com\\\/#\\\/schema\\\/logo\\\/image\\\/\"},\"sameAs\":[\"https:\\\/\\\/www.instagram.com\\\/LAURASISBEAUTECREOLE\\\/\"]}]}<\/script>\n<!-- \/ Yoast SEO plugin. -->","yoast_head_json":{"title":"Pommade Coco - LAURASIS","description":"Pommade cheveux et corps Laurasis Beaut\u00e9 Cr\u00e9ole. La Pommade Coco pour cheveux et corps de Laurasis Beaut\u00e9 Cr\u00e9ole, est r\u00e9alis\u00e9e \u00e0 partir de notre l'huile de coco artisanale. Elle est hydratante et nourrissante.","robots":{"index":"index","follow":"follow","max-snippet":"max-snippet:-1","max-image-preview":"max-image-preview:large","max-video-preview":"max-video-preview:-1"},"canonical":"https:\/\/laurasis.com\/index.php\/produit\/pommade-coco-100-ml\/","og_locale":"fr_FR","og_type":"article","og_title":"Pommade Coco - LAURASIS","og_description":"Pommade cheveux et corps Laurasis Beaut\u00e9 Cr\u00e9ole. La Pommade Coco pour cheveux et corps de Laurasis Beaut\u00e9 Cr\u00e9ole, est r\u00e9alis\u00e9e \u00e0 partir de notre l'huile de coco artisanale. Elle est hydratante et nourrissante.","og_url":"https:\/\/laurasis.com\/index.php\/produit\/pommade-coco-100-ml\/","og_site_name":"LAURASIS","article_modified_time":"2025-04-30T11:32:37+00:00","og_image":[{"width":1280,"height":960,"url":"https:\/\/laurasis.com\/wp-content\/uploads\/2024\/06\/Pommade_Coco-LBC_2024.png","type":"image\/png"}],"twitter_card":"summary_large_image","schema":{"@context":"https:\/\/schema.org","@graph":[{"@type":"WebPage","@id":"https:\/\/laurasis.com\/index.php\/produit\/pommade-coco-100-ml\/","url":"https:\/\/laurasis.com\/index.php\/produit\/pommade-coco-100-ml\/","name":"Pommade Coco - LAURASIS","isPartOf":{"@id":"https:\/\/laurasis.com\/#website"},"primaryImageOfPage":{"@id":"https:\/\/laurasis.com\/index.php\/produit\/pommade-coco-100-ml\/#primaryimage"},"image":{"@id":"https:\/\/laurasis.com\/index.php\/produit\/pommade-coco-100-ml\/#primaryimage"},"thumbnailUrl":"https:\/\/laurasis.com\/wp-content\/uploads\/2024\/06\/Pommade_Coco-LBC_2024.png","datePublished":"2019-08-11T05:51:42+00:00","dateModified":"2025-04-30T11:32:37+00:00","description":"Pommade cheveux et corps Laurasis Beaut\u00e9 Cr\u00e9ole. La Pommade Coco pour cheveux et corps de Laurasis Beaut\u00e9 Cr\u00e9ole, est r\u00e9alis\u00e9e \u00e0 partir de notre l'huile de coco artisanale. Elle est hydratante et nourrissante.","breadcrumb":{"@id":"https:\/\/laurasis.com\/index.php\/produit\/pommade-coco-100-ml\/#breadcrumb"},"inLanguage":"fr-FR","potentialAction":[{"@type":"ReadAction","target":["https:\/\/laurasis.com\/index.php\/produit\/pommade-coco-100-ml\/"]}]},{"@type":"ImageObject","inLanguage":"fr-FR","@id":"https:\/\/laurasis.com\/index.php\/produit\/pommade-coco-100-ml\/#primaryimage","url":"https:\/\/laurasis.com\/wp-content\/uploads\/2024\/06\/Pommade_Coco-LBC_2024.png","contentUrl":"https:\/\/laurasis.com\/wp-content\/uploads\/2024\/06\/Pommade_Coco-LBC_2024.png","width":1280,"height":960},{"@type":"BreadcrumbList","@id":"https:\/\/laurasis.com\/index.php\/produit\/pommade-coco-100-ml\/#breadcrumb","itemListElement":[{"@type":"ListItem","position":1,"name":"Accueil","item":"https:\/\/laurasis.com\/"},{"@type":"ListItem","position":2,"name":"Boutique","item":"https:\/\/laurasis.com\/index.php\/boutique\/"},{"@type":"ListItem","position":3,"name":"Pommade Coco"}]},{"@type":"WebSite","@id":"https:\/\/laurasis.com\/#website","url":"https:\/\/laurasis.com\/","name":"LAURASIS","description":"Laurais Beaut\u00e9 Cr\u00e9ole, une oasis de bien-\u00eatre.","publisher":{"@id":"https:\/\/laurasis.com\/#organization"},"potentialAction":[{"@type":"SearchAction","target":{"@type":"EntryPoint","urlTemplate":"https:\/\/laurasis.com\/?s={search_term_string}"},"query-input":{"@type":"PropertyValueSpecification","valueRequired":true,"valueName":"search_term_string"}}],"inLanguage":"fr-FR"},{"@type":"Organization","@id":"https:\/\/laurasis.com\/#organization","name":"Laurasis Beaut\u00e9 Cr\u00e9ole","url":"https:\/\/laurasis.com\/","logo":{"@type":"ImageObject","inLanguage":"fr-FR","@id":"https:\/\/laurasis.com\/#\/schema\/logo\/image\/","url":"https:\/\/laurasis.com\/wp-content\/uploads\/2024\/06\/Logo-LBC-transparent.png","contentUrl":"https:\/\/laurasis.com\/wp-content\/uploads\/2024\/06\/Logo-LBC-transparent.png","width":311,"height":169,"caption":"Laurasis Beaut\u00e9 Cr\u00e9ole"},"image":{"@id":"https:\/\/laurasis.com\/#\/schema\/logo\/image\/"},"sameAs":["https:\/\/www.instagram.com\/LAURASISBEAUTECREOLE\/"]}]}},"_links":{"self":[{"href":"https:\/\/laurasis.com\/index.php\/wp-json\/wp\/v2\/product\/422","targetHints":{"allow":["GET"]}}],"collection":[{"href":"https:\/\/laurasis.com\/index.php\/wp-json\/wp\/v2\/product"}],"about":[{"href":"https:\/\/laurasis.com\/index.php\/wp-json\/wp\/v2\/types\/product"}],"replies":[{"embeddable":true,"href":"https:\/\/laurasis.com\/index.php\/wp-json\/wp\/v2\/comments?post=422"}],"wp:featuredmedia":[{"embeddable":true,"href":"https:\/\/laurasis.com\/index.php\/wp-json\/wp\/v2\/media\/1369"}],"wp:attachment":[{"href":"https:\/\/laurasis.com\/index.php\/wp-json\/wp\/v2\/media?parent=422"}],"wp:term":[{"taxonomy":"product_brand","embeddable":true,"href":"https:\/\/laurasis.com\/index.php\/wp-json\/wp\/v2\/product_brand?post=422"},{"taxonomy":"product_cat","embeddable":true,"href":"https:\/\/laurasis.com\/index.php\/wp-json\/wp\/v2\/product_cat?post=422"},{"taxonomy":"product_tag","embeddable":true,"href":"https:\/\/laurasis.com\/index.php\/wp-json\/wp\/v2\/product_tag?post=422"}],"curies":[{"name":"wp","href":"https:\/\/api.w.org\/{rel}","templated":true}]}}