{"id":432,"date":"2019-08-11T08:16:37","date_gmt":"2019-08-11T06:16:37","guid":{"rendered":"http:\/\/laurasis.com\/?post_type=product&#038;p=432"},"modified":"2021-08-11T12:53:15","modified_gmt":"2021-08-11T10:53:15","slug":"creme-sorbet-coco-aloes","status":"publish","type":"product","link":"https:\/\/laurasis.com\/index.php\/produit\/creme-sorbet-coco-aloes\/","title":{"rendered":"Cr\u00e8me de Soin Hydratante Sorbet Coco \/ Alo\u00e8s"},"content":{"rendered":"","protected":false},"excerpt":{"rendered":"<h2><strong>D\u00e9tail du produit <\/strong><\/h2>\n<p>La Cr\u00e8me de Soin hydratante Sorbet Coco \/ Alo\u00e8s de Laurasis Beaut\u00e9 Cr\u00e9ole <strong>(30 ml)<\/strong><br \/>\nPrix : 25,00 \u20ac TTC (hors frais de livraison)<\/p>\n<p>La cr\u00e8me de soin hydratante Sorbet Coco-Alo\u00e8s de Laurasis Beaut\u00e9 Cr\u00e9ole hydrate et nourrit la peau, gr\u00e2ce \u00e0 l&rsquo;action combin\u00e9e de l&rsquo;huile de coco et du gel d&rsquo;alo\u00e8s.<br \/>\nElle est id\u00e9ale sur les peaux s\u00e8ches et d\u00e9shydrat\u00e9es.<br \/>\n(Pour un meilleur r\u00e9sultat, utiliser apr\u00e8s un lavage de peau avec : le savon Tout doux coco de Laurasis Beaut\u00e9 Cr\u00e9ole, matin et \/ou soir).<\/p>\n<h5><em><strong>Cr\u00e8me 100% v\u00e9g\u00e9tale. Sans conservateurs, ni colorants.<br \/>\n<\/strong><\/em><\/h5>\n<p><span style=\"color: #ff0000;\"><em><strong>(Vendu uniquement en Guadeloupe)<\/strong><\/em><\/span><\/p>\n<p>Produit fabriqu\u00e9 en Guadeloupe. \ud83c\uddec\ud83c\uddf5<\/p>\n","protected":false},"featured_media":0,"comment_status":"open","ping_status":"closed","template":"","meta":[],"product_brand":[],"product_cat":[42],"product_tag":[],"class_list":{"0":"post-432","1":"product","2":"type-product","3":"status-publish","5":"product_cat-les-cremes-visage","7":"first","8":"outofstock","9":"taxable","10":"shipping-taxable","11":"purchasable","12":"product-type-simple"},"yoast_head":"<!-- This site is optimized with the Yoast SEO plugin v27.5 - https:\/\/yoast.com\/product\/yoast-seo-wordpress\/ -->\n<title>Cr\u00e8me de Soin Hydratante Sorbet Coco \/ Alo\u00e8s - LAURASIS<\/title>\n<meta name=\"description\" content=\"Cr\u00e8me de Soin Hydratante Laurasis Beaut\u00e9 Cr\u00e9ole. La cr\u00e8me de soin hydratante Sorbet Coco-Alo\u00e8s de Laurasis Beaut\u00e9 Cr\u00e9ole hydrate et nourrit la peau, gr\u00e2ce \u00e0 l&#039;action combin\u00e9 de l&#039;huile de coco et du gel d&#039;alo\u00e8s. Elle est id\u00e9ale sur les peaux s\u00e8ches et d\u00e9shydrat\u00e9es.(Pour un meilleur r\u00e9sultat, utiliser apr\u00e8s un lavage de peau avec : le savon Tout doux coco de Laurasis Beaut\u00e9 Cr\u00e9ole, matin et \/ou soir).\" \/>\n<meta name=\"robots\" content=\"index, follow, max-snippet:-1, max-image-preview:large, max-video-preview:-1\" \/>\n<link rel=\"canonical\" href=\"https:\/\/laurasis.com\/index.php\/produit\/creme-sorbet-coco-aloes\/\" \/>\n<meta property=\"og:locale\" content=\"fr_FR\" \/>\n<meta property=\"og:type\" content=\"article\" \/>\n<meta property=\"og:title\" content=\"Cr\u00e8me de Soin Hydratante Sorbet Coco \/ Alo\u00e8s - LAURASIS\" \/>\n<meta property=\"og:description\" content=\"Cr\u00e8me de Soin Hydratante Laurasis Beaut\u00e9 Cr\u00e9ole. La cr\u00e8me de soin hydratante Sorbet Coco-Alo\u00e8s de Laurasis Beaut\u00e9 Cr\u00e9ole hydrate et nourrit la peau, gr\u00e2ce \u00e0 l&#039;action combin\u00e9 de l&#039;huile de coco et du gel d&#039;alo\u00e8s. Elle est id\u00e9ale sur les peaux s\u00e8ches et d\u00e9shydrat\u00e9es.(Pour un meilleur r\u00e9sultat, utiliser apr\u00e8s un lavage de peau avec : le savon Tout doux coco de Laurasis Beaut\u00e9 Cr\u00e9ole, matin et \/ou soir).\" \/>\n<meta property=\"og:url\" content=\"https:\/\/laurasis.com\/index.php\/produit\/creme-sorbet-coco-aloes\/\" \/>\n<meta property=\"og:site_name\" content=\"LAURASIS\" \/>\n<meta property=\"article:modified_time\" content=\"2021-08-11T10:53:15+00:00\" \/>\n<meta property=\"og:image\" content=\"https:\/\/laurasis.com\/wp-content\/uploads\/2019\/08\/20210805_192509-scaled.jpg\" \/>\n\t<meta property=\"og:image:width\" content=\"1920\" \/>\n\t<meta property=\"og:image:height\" content=\"2560\" \/>\n\t<meta property=\"og:image:type\" content=\"image\/jpeg\" \/>\n<meta name=\"twitter:card\" content=\"summary_large_image\" \/>\n<script type=\"application\/ld+json\" class=\"yoast-schema-graph\">{\"@context\":\"https:\\\/\\\/schema.org\",\"@graph\":[{\"@type\":\"WebPage\",\"@id\":\"https:\\\/\\\/laurasis.com\\\/index.php\\\/produit\\\/creme-sorbet-coco-aloes\\\/\",\"url\":\"https:\\\/\\\/laurasis.com\\\/index.php\\\/produit\\\/creme-sorbet-coco-aloes\\\/\",\"name\":\"Cr\u00e8me de Soin Hydratante Sorbet Coco \\\/ Alo\u00e8s - LAURASIS\",\"isPartOf\":{\"@id\":\"https:\\\/\\\/laurasis.com\\\/#website\"},\"datePublished\":\"2019-08-11T06:16:37+00:00\",\"dateModified\":\"2021-08-11T10:53:15+00:00\",\"description\":\"Cr\u00e8me de Soin Hydratante Laurasis Beaut\u00e9 Cr\u00e9ole. La cr\u00e8me de soin hydratante Sorbet Coco-Alo\u00e8s de Laurasis Beaut\u00e9 Cr\u00e9ole hydrate et nourrit la peau, gr\u00e2ce \u00e0 l'action combin\u00e9 de l'huile de coco et du gel d'alo\u00e8s. Elle est id\u00e9ale sur les peaux s\u00e8ches et d\u00e9shydrat\u00e9es.(Pour un meilleur r\u00e9sultat, utiliser apr\u00e8s un lavage de peau avec : le savon Tout doux coco de Laurasis Beaut\u00e9 Cr\u00e9ole, matin et \\\/ou soir).\",\"breadcrumb\":{\"@id\":\"https:\\\/\\\/laurasis.com\\\/index.php\\\/produit\\\/creme-sorbet-coco-aloes\\\/#breadcrumb\"},\"inLanguage\":\"fr-FR\",\"potentialAction\":[{\"@type\":\"ReadAction\",\"target\":[\"https:\\\/\\\/laurasis.com\\\/index.php\\\/produit\\\/creme-sorbet-coco-aloes\\\/\"]}]},{\"@type\":\"BreadcrumbList\",\"@id\":\"https:\\\/\\\/laurasis.com\\\/index.php\\\/produit\\\/creme-sorbet-coco-aloes\\\/#breadcrumb\",\"itemListElement\":[{\"@type\":\"ListItem\",\"position\":1,\"name\":\"Accueil\",\"item\":\"https:\\\/\\\/laurasis.com\\\/\"},{\"@type\":\"ListItem\",\"position\":2,\"name\":\"Boutique\",\"item\":\"https:\\\/\\\/laurasis.com\\\/index.php\\\/boutique\\\/\"},{\"@type\":\"ListItem\",\"position\":3,\"name\":\"Cr\u00e8me de Soin Hydratante Sorbet Coco \\\/ Alo\u00e8s\"}]},{\"@type\":\"WebSite\",\"@id\":\"https:\\\/\\\/laurasis.com\\\/#website\",\"url\":\"https:\\\/\\\/laurasis.com\\\/\",\"name\":\"LAURASIS\",\"description\":\"Laurais Beaut\u00e9 Cr\u00e9ole, une oasis de bien-\u00eatre.\",\"publisher\":{\"@id\":\"https:\\\/\\\/laurasis.com\\\/#organization\"},\"potentialAction\":[{\"@type\":\"SearchAction\",\"target\":{\"@type\":\"EntryPoint\",\"urlTemplate\":\"https:\\\/\\\/laurasis.com\\\/?s={search_term_string}\"},\"query-input\":{\"@type\":\"PropertyValueSpecification\",\"valueRequired\":true,\"valueName\":\"search_term_string\"}}],\"inLanguage\":\"fr-FR\"},{\"@type\":\"Organization\",\"@id\":\"https:\\\/\\\/laurasis.com\\\/#organization\",\"name\":\"Laurasis Beaut\u00e9 Cr\u00e9ole\",\"url\":\"https:\\\/\\\/laurasis.com\\\/\",\"logo\":{\"@type\":\"ImageObject\",\"inLanguage\":\"fr-FR\",\"@id\":\"https:\\\/\\\/laurasis.com\\\/#\\\/schema\\\/logo\\\/image\\\/\",\"url\":\"https:\\\/\\\/laurasis.com\\\/wp-content\\\/uploads\\\/2024\\\/06\\\/Logo-LBC-transparent.png\",\"contentUrl\":\"https:\\\/\\\/laurasis.com\\\/wp-content\\\/uploads\\\/2024\\\/06\\\/Logo-LBC-transparent.png\",\"width\":311,\"height\":169,\"caption\":\"Laurasis Beaut\u00e9 Cr\u00e9ole\"},\"image\":{\"@id\":\"https:\\\/\\\/laurasis.com\\\/#\\\/schema\\\/logo\\\/image\\\/\"},\"sameAs\":[\"https:\\\/\\\/www.instagram.com\\\/LAURASISBEAUTECREOLE\\\/\"]}]}<\/script>\n<!-- \/ Yoast SEO plugin. -->","yoast_head_json":{"title":"Cr\u00e8me de Soin Hydratante Sorbet Coco \/ Alo\u00e8s - LAURASIS","description":"Cr\u00e8me de Soin Hydratante Laurasis Beaut\u00e9 Cr\u00e9ole. La cr\u00e8me de soin hydratante Sorbet Coco-Alo\u00e8s de Laurasis Beaut\u00e9 Cr\u00e9ole hydrate et nourrit la peau, gr\u00e2ce \u00e0 l'action combin\u00e9 de l'huile de coco et du gel d'alo\u00e8s. Elle est id\u00e9ale sur les peaux s\u00e8ches et d\u00e9shydrat\u00e9es.(Pour un meilleur r\u00e9sultat, utiliser apr\u00e8s un lavage de peau avec : le savon Tout doux coco de Laurasis Beaut\u00e9 Cr\u00e9ole, matin et \/ou soir).","robots":{"index":"index","follow":"follow","max-snippet":"max-snippet:-1","max-image-preview":"max-image-preview:large","max-video-preview":"max-video-preview:-1"},"canonical":"https:\/\/laurasis.com\/index.php\/produit\/creme-sorbet-coco-aloes\/","og_locale":"fr_FR","og_type":"article","og_title":"Cr\u00e8me de Soin Hydratante Sorbet Coco \/ Alo\u00e8s - LAURASIS","og_description":"Cr\u00e8me de Soin Hydratante Laurasis Beaut\u00e9 Cr\u00e9ole. La cr\u00e8me de soin hydratante Sorbet Coco-Alo\u00e8s de Laurasis Beaut\u00e9 Cr\u00e9ole hydrate et nourrit la peau, gr\u00e2ce \u00e0 l'action combin\u00e9 de l'huile de coco et du gel d'alo\u00e8s. Elle est id\u00e9ale sur les peaux s\u00e8ches et d\u00e9shydrat\u00e9es.(Pour un meilleur r\u00e9sultat, utiliser apr\u00e8s un lavage de peau avec : le savon Tout doux coco de Laurasis Beaut\u00e9 Cr\u00e9ole, matin et \/ou soir).","og_url":"https:\/\/laurasis.com\/index.php\/produit\/creme-sorbet-coco-aloes\/","og_site_name":"LAURASIS","article_modified_time":"2021-08-11T10:53:15+00:00","og_image":[{"width":1920,"height":2560,"url":"https:\/\/laurasis.com\/wp-content\/uploads\/2019\/08\/20210805_192509-scaled.jpg","type":"image\/jpeg"}],"twitter_card":"summary_large_image","schema":{"@context":"https:\/\/schema.org","@graph":[{"@type":"WebPage","@id":"https:\/\/laurasis.com\/index.php\/produit\/creme-sorbet-coco-aloes\/","url":"https:\/\/laurasis.com\/index.php\/produit\/creme-sorbet-coco-aloes\/","name":"Cr\u00e8me de Soin Hydratante Sorbet Coco \/ Alo\u00e8s - LAURASIS","isPartOf":{"@id":"https:\/\/laurasis.com\/#website"},"datePublished":"2019-08-11T06:16:37+00:00","dateModified":"2021-08-11T10:53:15+00:00","description":"Cr\u00e8me de Soin Hydratante Laurasis Beaut\u00e9 Cr\u00e9ole. La cr\u00e8me de soin hydratante Sorbet Coco-Alo\u00e8s de Laurasis Beaut\u00e9 Cr\u00e9ole hydrate et nourrit la peau, gr\u00e2ce \u00e0 l'action combin\u00e9 de l'huile de coco et du gel d'alo\u00e8s. Elle est id\u00e9ale sur les peaux s\u00e8ches et d\u00e9shydrat\u00e9es.(Pour un meilleur r\u00e9sultat, utiliser apr\u00e8s un lavage de peau avec : le savon Tout doux coco de Laurasis Beaut\u00e9 Cr\u00e9ole, matin et \/ou soir).","breadcrumb":{"@id":"https:\/\/laurasis.com\/index.php\/produit\/creme-sorbet-coco-aloes\/#breadcrumb"},"inLanguage":"fr-FR","potentialAction":[{"@type":"ReadAction","target":["https:\/\/laurasis.com\/index.php\/produit\/creme-sorbet-coco-aloes\/"]}]},{"@type":"BreadcrumbList","@id":"https:\/\/laurasis.com\/index.php\/produit\/creme-sorbet-coco-aloes\/#breadcrumb","itemListElement":[{"@type":"ListItem","position":1,"name":"Accueil","item":"https:\/\/laurasis.com\/"},{"@type":"ListItem","position":2,"name":"Boutique","item":"https:\/\/laurasis.com\/index.php\/boutique\/"},{"@type":"ListItem","position":3,"name":"Cr\u00e8me de Soin Hydratante Sorbet Coco \/ Alo\u00e8s"}]},{"@type":"WebSite","@id":"https:\/\/laurasis.com\/#website","url":"https:\/\/laurasis.com\/","name":"LAURASIS","description":"Laurais Beaut\u00e9 Cr\u00e9ole, une oasis de bien-\u00eatre.","publisher":{"@id":"https:\/\/laurasis.com\/#organization"},"potentialAction":[{"@type":"SearchAction","target":{"@type":"EntryPoint","urlTemplate":"https:\/\/laurasis.com\/?s={search_term_string}"},"query-input":{"@type":"PropertyValueSpecification","valueRequired":true,"valueName":"search_term_string"}}],"inLanguage":"fr-FR"},{"@type":"Organization","@id":"https:\/\/laurasis.com\/#organization","name":"Laurasis Beaut\u00e9 Cr\u00e9ole","url":"https:\/\/laurasis.com\/","logo":{"@type":"ImageObject","inLanguage":"fr-FR","@id":"https:\/\/laurasis.com\/#\/schema\/logo\/image\/","url":"https:\/\/laurasis.com\/wp-content\/uploads\/2024\/06\/Logo-LBC-transparent.png","contentUrl":"https:\/\/laurasis.com\/wp-content\/uploads\/2024\/06\/Logo-LBC-transparent.png","width":311,"height":169,"caption":"Laurasis Beaut\u00e9 Cr\u00e9ole"},"image":{"@id":"https:\/\/laurasis.com\/#\/schema\/logo\/image\/"},"sameAs":["https:\/\/www.instagram.com\/LAURASISBEAUTECREOLE\/"]}]}},"_links":{"self":[{"href":"https:\/\/laurasis.com\/index.php\/wp-json\/wp\/v2\/product\/432","targetHints":{"allow":["GET"]}}],"collection":[{"href":"https:\/\/laurasis.com\/index.php\/wp-json\/wp\/v2\/product"}],"about":[{"href":"https:\/\/laurasis.com\/index.php\/wp-json\/wp\/v2\/types\/product"}],"replies":[{"embeddable":true,"href":"https:\/\/laurasis.com\/index.php\/wp-json\/wp\/v2\/comments?post=432"}],"wp:attachment":[{"href":"https:\/\/laurasis.com\/index.php\/wp-json\/wp\/v2\/media?parent=432"}],"wp:term":[{"taxonomy":"product_brand","embeddable":true,"href":"https:\/\/laurasis.com\/index.php\/wp-json\/wp\/v2\/product_brand?post=432"},{"taxonomy":"product_cat","embeddable":true,"href":"https:\/\/laurasis.com\/index.php\/wp-json\/wp\/v2\/product_cat?post=432"},{"taxonomy":"product_tag","embeddable":true,"href":"https:\/\/laurasis.com\/index.php\/wp-json\/wp\/v2\/product_tag?post=432"}],"curies":[{"name":"wp","href":"https:\/\/api.w.org\/{rel}","templated":true}]}}