{"id":441,"date":"2019-08-14T03:50:24","date_gmt":"2019-08-14T01:50:24","guid":{"rendered":"http:\/\/laurasis.com\/?post_type=product&#038;p=441"},"modified":"2025-04-30T13:28:22","modified_gmt":"2025-04-30T11:28:22","slug":"huile-coco-cannelle-flacon-250-ml","status":"publish","type":"product","link":"https:\/\/laurasis.com\/index.php\/produit\/huile-coco-cannelle-flacon-250-ml\/","title":{"rendered":"Huile de Coco \/ Cannelle (flacon simple 250 ml)"},"content":{"rendered":"","protected":false},"excerpt":{"rendered":"<h2><strong>D\u00e9tail du produit <\/strong><\/h2>\n<p>L&rsquo;huile coco \/ cannelle (flacon simple 250 ml) de Laurasis Beaut\u00e9 Cr\u00e9ole<br \/>\nPrix : 26,40 \u20ac TTC (hors frais de livraison)<\/p>\n<p>L&rsquo;huile coco \/ cannelle Laurasis Beaut\u00e9 Cr\u00e9ole est un mac\u00e9r\u00e2t huileux, fait \u00e0 partir d&rsquo;huile de coco et de b\u00e2tons de cannelle locale.<br \/>\nCette huile est un soin, qui adoucit l\u02bc\u00e9piderme, d\u00e9lasse les muscles et tonifie le cuir chevelu.<br \/>\nConseill\u00e9e en massage pour d\u00e9lasser et enlever la sensation de fatigue.<br \/>\nUtilisation : corps et cheveux.<\/p>\n<h5><em><strong>Huile 100% v\u00e9g\u00e9tale, sans colorants ni conservateurs.<br \/>\n<\/strong><\/em><\/h5>\n<p>Produit fabriqu\u00e9 en Guadeloupe. \ud83c\uddec\ud83c\uddf5<\/p>\n","protected":false},"featured_media":0,"comment_status":"open","ping_status":"closed","template":"","meta":[],"product_brand":[],"product_cat":[33,36],"product_tag":[],"class_list":{"0":"post-441","1":"product","2":"type-product","3":"status-publish","5":"product_cat-les-huiles","6":"product_cat-les-huiles-coco-cannelle","8":"first","9":"outofstock","10":"taxable","11":"shipping-taxable","12":"purchasable","13":"product-type-simple"},"yoast_head":"<!-- This site is optimized with the Yoast SEO plugin v27.5 - https:\/\/yoast.com\/product\/yoast-seo-wordpress\/ -->\n<title>Huile de Coco \/ Cannelle (flacon simple 250 ml) - LAURASIS<\/title>\n<meta name=\"description\" content=\"Huile de soin Laurasis Beaut\u00e9 Cr\u00e9ole. L&#039;huile de Coco\/Cannelle Laurasis Beuat\u00e9 Cr\u00e9ole est un mac\u00e9r\u00e2t huileux, fait \u00e0 partir d&#039;huile de coco et de b\u00e2tons de cannelle locale. Elle est id\u00e9ale pour les massages. C&#039;est une huile qui stimule et \u00f4te toutes les sensations de fatigue. Elle peut \u00eatre utilis\u00e9e en bain d&#039;huile pour stimuler la pousse des cheveux.\" \/>\n<meta name=\"robots\" content=\"index, follow, max-snippet:-1, max-image-preview:large, max-video-preview:-1\" \/>\n<link rel=\"canonical\" href=\"https:\/\/laurasis.com\/index.php\/produit\/huile-coco-cannelle-flacon-250-ml\/\" \/>\n<meta property=\"og:locale\" content=\"fr_FR\" \/>\n<meta property=\"og:type\" content=\"article\" \/>\n<meta property=\"og:title\" content=\"Huile de Coco \/ Cannelle (flacon simple 250 ml) - LAURASIS\" \/>\n<meta property=\"og:description\" content=\"Huile de soin Laurasis Beaut\u00e9 Cr\u00e9ole. L&#039;huile de Coco\/Cannelle Laurasis Beuat\u00e9 Cr\u00e9ole est un mac\u00e9r\u00e2t huileux, fait \u00e0 partir d&#039;huile de coco et de b\u00e2tons de cannelle locale. Elle est id\u00e9ale pour les massages. C&#039;est une huile qui stimule et \u00f4te toutes les sensations de fatigue. Elle peut \u00eatre utilis\u00e9e en bain d&#039;huile pour stimuler la pousse des cheveux.\" \/>\n<meta property=\"og:url\" content=\"https:\/\/laurasis.com\/index.php\/produit\/huile-coco-cannelle-flacon-250-ml\/\" \/>\n<meta property=\"og:site_name\" content=\"LAURASIS\" \/>\n<meta property=\"article:modified_time\" content=\"2025-04-30T11:28:22+00:00\" \/>\n<meta name=\"twitter:card\" content=\"summary_large_image\" \/>\n<script type=\"application\/ld+json\" class=\"yoast-schema-graph\">{\"@context\":\"https:\\\/\\\/schema.org\",\"@graph\":[{\"@type\":\"WebPage\",\"@id\":\"https:\\\/\\\/laurasis.com\\\/index.php\\\/produit\\\/huile-coco-cannelle-flacon-250-ml\\\/\",\"url\":\"https:\\\/\\\/laurasis.com\\\/index.php\\\/produit\\\/huile-coco-cannelle-flacon-250-ml\\\/\",\"name\":\"Huile de Coco \\\/ Cannelle (flacon simple 250 ml) - LAURASIS\",\"isPartOf\":{\"@id\":\"https:\\\/\\\/laurasis.com\\\/#website\"},\"datePublished\":\"2019-08-14T01:50:24+00:00\",\"dateModified\":\"2025-04-30T11:28:22+00:00\",\"description\":\"Huile de soin Laurasis Beaut\u00e9 Cr\u00e9ole. L'huile de Coco\\\/Cannelle Laurasis Beuat\u00e9 Cr\u00e9ole est un mac\u00e9r\u00e2t huileux, fait \u00e0 partir d'huile de coco et de b\u00e2tons de cannelle locale. Elle est id\u00e9ale pour les massages. C'est une huile qui stimule et \u00f4te toutes les sensations de fatigue. Elle peut \u00eatre utilis\u00e9e en bain d'huile pour stimuler la pousse des cheveux.\",\"breadcrumb\":{\"@id\":\"https:\\\/\\\/laurasis.com\\\/index.php\\\/produit\\\/huile-coco-cannelle-flacon-250-ml\\\/#breadcrumb\"},\"inLanguage\":\"fr-FR\",\"potentialAction\":[{\"@type\":\"ReadAction\",\"target\":[\"https:\\\/\\\/laurasis.com\\\/index.php\\\/produit\\\/huile-coco-cannelle-flacon-250-ml\\\/\"]}]},{\"@type\":\"BreadcrumbList\",\"@id\":\"https:\\\/\\\/laurasis.com\\\/index.php\\\/produit\\\/huile-coco-cannelle-flacon-250-ml\\\/#breadcrumb\",\"itemListElement\":[{\"@type\":\"ListItem\",\"position\":1,\"name\":\"Accueil\",\"item\":\"https:\\\/\\\/laurasis.com\\\/\"},{\"@type\":\"ListItem\",\"position\":2,\"name\":\"Boutique\",\"item\":\"https:\\\/\\\/laurasis.com\\\/index.php\\\/boutique\\\/\"},{\"@type\":\"ListItem\",\"position\":3,\"name\":\"Huile de Coco \\\/ Cannelle (flacon simple 250 ml)\"}]},{\"@type\":\"WebSite\",\"@id\":\"https:\\\/\\\/laurasis.com\\\/#website\",\"url\":\"https:\\\/\\\/laurasis.com\\\/\",\"name\":\"LAURASIS\",\"description\":\"Laurais Beaut\u00e9 Cr\u00e9ole, une oasis de bien-\u00eatre.\",\"publisher\":{\"@id\":\"https:\\\/\\\/laurasis.com\\\/#organization\"},\"potentialAction\":[{\"@type\":\"SearchAction\",\"target\":{\"@type\":\"EntryPoint\",\"urlTemplate\":\"https:\\\/\\\/laurasis.com\\\/?s={search_term_string}\"},\"query-input\":{\"@type\":\"PropertyValueSpecification\",\"valueRequired\":true,\"valueName\":\"search_term_string\"}}],\"inLanguage\":\"fr-FR\"},{\"@type\":\"Organization\",\"@id\":\"https:\\\/\\\/laurasis.com\\\/#organization\",\"name\":\"Laurasis Beaut\u00e9 Cr\u00e9ole\",\"url\":\"https:\\\/\\\/laurasis.com\\\/\",\"logo\":{\"@type\":\"ImageObject\",\"inLanguage\":\"fr-FR\",\"@id\":\"https:\\\/\\\/laurasis.com\\\/#\\\/schema\\\/logo\\\/image\\\/\",\"url\":\"https:\\\/\\\/laurasis.com\\\/wp-content\\\/uploads\\\/2024\\\/06\\\/Logo-LBC-transparent.png\",\"contentUrl\":\"https:\\\/\\\/laurasis.com\\\/wp-content\\\/uploads\\\/2024\\\/06\\\/Logo-LBC-transparent.png\",\"width\":311,\"height\":169,\"caption\":\"Laurasis Beaut\u00e9 Cr\u00e9ole\"},\"image\":{\"@id\":\"https:\\\/\\\/laurasis.com\\\/#\\\/schema\\\/logo\\\/image\\\/\"},\"sameAs\":[\"https:\\\/\\\/www.instagram.com\\\/LAURASISBEAUTECREOLE\\\/\"]}]}<\/script>\n<!-- \/ Yoast SEO plugin. -->","yoast_head_json":{"title":"Huile de Coco \/ Cannelle (flacon simple 250 ml) - LAURASIS","description":"Huile de soin Laurasis Beaut\u00e9 Cr\u00e9ole. L'huile de Coco\/Cannelle Laurasis Beuat\u00e9 Cr\u00e9ole est un mac\u00e9r\u00e2t huileux, fait \u00e0 partir d'huile de coco et de b\u00e2tons de cannelle locale. Elle est id\u00e9ale pour les massages. C'est une huile qui stimule et \u00f4te toutes les sensations de fatigue. Elle peut \u00eatre utilis\u00e9e en bain d'huile pour stimuler la pousse des cheveux.","robots":{"index":"index","follow":"follow","max-snippet":"max-snippet:-1","max-image-preview":"max-image-preview:large","max-video-preview":"max-video-preview:-1"},"canonical":"https:\/\/laurasis.com\/index.php\/produit\/huile-coco-cannelle-flacon-250-ml\/","og_locale":"fr_FR","og_type":"article","og_title":"Huile de Coco \/ Cannelle (flacon simple 250 ml) - LAURASIS","og_description":"Huile de soin Laurasis Beaut\u00e9 Cr\u00e9ole. L'huile de Coco\/Cannelle Laurasis Beuat\u00e9 Cr\u00e9ole est un mac\u00e9r\u00e2t huileux, fait \u00e0 partir d'huile de coco et de b\u00e2tons de cannelle locale. Elle est id\u00e9ale pour les massages. C'est une huile qui stimule et \u00f4te toutes les sensations de fatigue. Elle peut \u00eatre utilis\u00e9e en bain d'huile pour stimuler la pousse des cheveux.","og_url":"https:\/\/laurasis.com\/index.php\/produit\/huile-coco-cannelle-flacon-250-ml\/","og_site_name":"LAURASIS","article_modified_time":"2025-04-30T11:28:22+00:00","twitter_card":"summary_large_image","schema":{"@context":"https:\/\/schema.org","@graph":[{"@type":"WebPage","@id":"https:\/\/laurasis.com\/index.php\/produit\/huile-coco-cannelle-flacon-250-ml\/","url":"https:\/\/laurasis.com\/index.php\/produit\/huile-coco-cannelle-flacon-250-ml\/","name":"Huile de Coco \/ Cannelle (flacon simple 250 ml) - LAURASIS","isPartOf":{"@id":"https:\/\/laurasis.com\/#website"},"datePublished":"2019-08-14T01:50:24+00:00","dateModified":"2025-04-30T11:28:22+00:00","description":"Huile de soin Laurasis Beaut\u00e9 Cr\u00e9ole. L'huile de Coco\/Cannelle Laurasis Beuat\u00e9 Cr\u00e9ole est un mac\u00e9r\u00e2t huileux, fait \u00e0 partir d'huile de coco et de b\u00e2tons de cannelle locale. Elle est id\u00e9ale pour les massages. C'est une huile qui stimule et \u00f4te toutes les sensations de fatigue. Elle peut \u00eatre utilis\u00e9e en bain d'huile pour stimuler la pousse des cheveux.","breadcrumb":{"@id":"https:\/\/laurasis.com\/index.php\/produit\/huile-coco-cannelle-flacon-250-ml\/#breadcrumb"},"inLanguage":"fr-FR","potentialAction":[{"@type":"ReadAction","target":["https:\/\/laurasis.com\/index.php\/produit\/huile-coco-cannelle-flacon-250-ml\/"]}]},{"@type":"BreadcrumbList","@id":"https:\/\/laurasis.com\/index.php\/produit\/huile-coco-cannelle-flacon-250-ml\/#breadcrumb","itemListElement":[{"@type":"ListItem","position":1,"name":"Accueil","item":"https:\/\/laurasis.com\/"},{"@type":"ListItem","position":2,"name":"Boutique","item":"https:\/\/laurasis.com\/index.php\/boutique\/"},{"@type":"ListItem","position":3,"name":"Huile de Coco \/ Cannelle (flacon simple 250 ml)"}]},{"@type":"WebSite","@id":"https:\/\/laurasis.com\/#website","url":"https:\/\/laurasis.com\/","name":"LAURASIS","description":"Laurais Beaut\u00e9 Cr\u00e9ole, une oasis de bien-\u00eatre.","publisher":{"@id":"https:\/\/laurasis.com\/#organization"},"potentialAction":[{"@type":"SearchAction","target":{"@type":"EntryPoint","urlTemplate":"https:\/\/laurasis.com\/?s={search_term_string}"},"query-input":{"@type":"PropertyValueSpecification","valueRequired":true,"valueName":"search_term_string"}}],"inLanguage":"fr-FR"},{"@type":"Organization","@id":"https:\/\/laurasis.com\/#organization","name":"Laurasis Beaut\u00e9 Cr\u00e9ole","url":"https:\/\/laurasis.com\/","logo":{"@type":"ImageObject","inLanguage":"fr-FR","@id":"https:\/\/laurasis.com\/#\/schema\/logo\/image\/","url":"https:\/\/laurasis.com\/wp-content\/uploads\/2024\/06\/Logo-LBC-transparent.png","contentUrl":"https:\/\/laurasis.com\/wp-content\/uploads\/2024\/06\/Logo-LBC-transparent.png","width":311,"height":169,"caption":"Laurasis Beaut\u00e9 Cr\u00e9ole"},"image":{"@id":"https:\/\/laurasis.com\/#\/schema\/logo\/image\/"},"sameAs":["https:\/\/www.instagram.com\/LAURASISBEAUTECREOLE\/"]}]}},"_links":{"self":[{"href":"https:\/\/laurasis.com\/index.php\/wp-json\/wp\/v2\/product\/441","targetHints":{"allow":["GET"]}}],"collection":[{"href":"https:\/\/laurasis.com\/index.php\/wp-json\/wp\/v2\/product"}],"about":[{"href":"https:\/\/laurasis.com\/index.php\/wp-json\/wp\/v2\/types\/product"}],"replies":[{"embeddable":true,"href":"https:\/\/laurasis.com\/index.php\/wp-json\/wp\/v2\/comments?post=441"}],"wp:attachment":[{"href":"https:\/\/laurasis.com\/index.php\/wp-json\/wp\/v2\/media?parent=441"}],"wp:term":[{"taxonomy":"product_brand","embeddable":true,"href":"https:\/\/laurasis.com\/index.php\/wp-json\/wp\/v2\/product_brand?post=441"},{"taxonomy":"product_cat","embeddable":true,"href":"https:\/\/laurasis.com\/index.php\/wp-json\/wp\/v2\/product_cat?post=441"},{"taxonomy":"product_tag","embeddable":true,"href":"https:\/\/laurasis.com\/index.php\/wp-json\/wp\/v2\/product_tag?post=441"}],"curies":[{"name":"wp","href":"https:\/\/api.w.org\/{rel}","templated":true}]}}